{"id":968,"date":"2023-03-08T17:25:28","date_gmt":"2023-03-08T17:25:28","guid":{"rendered":"https:\/\/ciaobella.com.pl\/?post_type=product&#038;p=968"},"modified":"2025-06-13T11:35:53","modified_gmt":"2025-06-13T11:35:53","slug":"sukienka-milano-pink-2","status":"publish","type":"product","link":"https:\/\/ciaobella.com.pl\/index.php\/product\/sukienka-milano-pink-2\/","title":{"rendered":"Sukienka MILANO PINK"},"content":{"rendered":"<div>R\u00f3\u017cowa sukienka z d\u0142ugim r\u0119kawem, Milano Pink to idealny wyb\u00f3r na ka\u017cd\u0105 okazj\u0119. Jest wygodna, stylowa i pasuje do ka\u017cdego typu sylwetki. Mo\u017cesz j\u0105 nosi\u0107 na randk\u0119, do pracy lub na oficjalne spotkanie . R\u00f3\u017cowa sukienka z d\u0142ugim r\u0119kawem jest idealna na sezon wiosna\/lato 2023. Mo\u017cesz j\u0105 zestawi\u0107 z klasycznymi szpilkami lub trampkami, aby stworzy\u0107 modny i wygodny look. Dodatki takie jak torebka lub naszyjnik dodadz\u0105 ca\u0142o\u015bci charakteru. Sprawd\u017a nasze sukienki z d\u0142ugim r\u0119kawem i wybierz sw\u00f3j ulubiony model! Dzi\u0119ki fasonowi w kszta\u0142cie litery A MILANO Pink sprawdzi si\u0119 \u015bwietnie przy ka\u017cdym typie figury.<\/div>\n<div><\/div>\n<div>R\u00f3\u017cowa sukienka z falbank\u0105 to idealny wyb\u00f3r dla ka\u017cdej kobiety, kt\u00f3ra chce wygl\u0105da\u0107 modnie i zachwyca\u0107 swoim stylem. Dlaczego warto zainwestowa\u0107 w dobrej jako\u015bci sukienk\u0119 w modnym kolorze? Oto kilka powod\u00f3w:<\/div>\n<div>1. R\u00f3\u017cowa sukienka z falbank\u0105 jest bardzo kobieca i elegancka.<\/div>\n<div>2. Jest to idealny str\u00f3j na wiele okazji, od oficjalnych spotka\u0144 po codzienne wyj\u015bcia.<\/div>\n<div>3. Mo\u017cna j\u0105 \u0142atwo dopasowa\u0107 do r\u00f3\u017cnych rodzaj\u00f3w but\u00f3w i dodatk\u00f3w.<\/div>\n<div>4. To \u015bwietny spos\u00f3b, aby wyrazi\u0107 swoj\u0105 osobowo\u015b\u0107 i poczu\u0107 si\u0119 pi\u0119knie.<\/div>\n<div>Je\u015bli chcesz dowiedzie\u0107 si\u0119 wi\u0119cej o r\u00f3\u017cowej sukience z falbank\u0105, MILANO PINK, obserwuj nasz profil na Instagramie!<\/div>\n<div><\/div>\n<div id=\"gwpe92eb182_gwp4c782655\">\n<div id=\"gwpe92eb182_gwp4c782655h\">\n<div class=\"gwpe92eb182_gwp4c782655b\" data-message-body=\"true\">\n<div>Sukienka Milano wyst\u0119puje w dw\u00f3ch kolorach: czarnym oraz r\u00f3\u017cowym. Je\u017celi szukasz inspiracji na stylizacje zaobserwuj nasz profil na Instagramie.<\/div>\n<div>\n<div><\/div>\n<\/div>\n<div>Sukienka Milano Pink wyst\u0119puje w dw\u00f3ch rozmiarach: S oraz M.<\/div>\n<div><\/div>\n<div>Sk\u0142ad: 40% wiskoza, 60% poliester.<\/div>\n<div><\/div>\n<div>Nasze ubrania powstaj\u0105 z dba\u0142o\u015bci\u0105 o ka\u017cdy szczeg\u00f3\u0142. Rekomendujemy pranie r\u0119czne.<img fetchpriority=\"high\" decoding=\"async\" class=\"alignnone wp-image-2356 size-full\" src=\"https:\/\/ciaobella.com.pl\/wp-content\/uploads\/2023\/03\/sukienka-MILANO-PINK.jpg\" alt=\"\" width=\"1000\" height=\"500\" srcset=\"https:\/\/ciaobella.com.pl\/wp-content\/uploads\/2023\/03\/sukienka-MILANO-PINK.jpg 1000w, https:\/\/ciaobella.com.pl\/wp-content\/uploads\/2023\/03\/sukienka-MILANO-PINK-600x300.jpg 600w, https:\/\/ciaobella.com.pl\/wp-content\/uploads\/2023\/03\/sukienka-MILANO-PINK-300x150.jpg 300w, https:\/\/ciaobella.com.pl\/wp-content\/uploads\/2023\/03\/sukienka-MILANO-PINK-768x384.jpg 768w\" sizes=\"(max-width: 1000px) 100vw, 1000px\" \/><\/div>\n<\/div>\n<\/div>\n<\/div>\n","protected":false},"excerpt":{"rendered":"<p>R\u00f3\u017cowa sukienka z d\u0142ugim r\u0119kawem, Milano Pink to idealny wyb\u00f3r na ka\u017cd\u0105 okazj\u0119. Jest wygodna, stylowa i pasuje do ka\u017cdego typu sylwetki. Mo\u017cesz j\u0105 nosi\u0107 na randk\u0119, do pracy lub na oficjalne spotkanie . R\u00f3\u017cowa sukienka z d\u0142ugim r\u0119kawem jest idealna na sezon wiosna\/lato 2023. Mo\u017cesz j\u0105 zestawi\u0107 z klasycznymi szpilkami lub trampkami, aby stworzy\u0107 [&hellip;]<\/p>\n","protected":false},"featured_media":2404,"comment_status":"open","ping_status":"closed","template":"","meta":{"_monsterinsights_skip_tracking":false,"_monsterinsights_sitenote_active":false,"_monsterinsights_sitenote_note":"","_monsterinsights_sitenote_category":0},"product_brand":[],"product_cat":[77,21],"product_tag":[],"class_list":{"0":"post-968","1":"product","2":"type-product","3":"status-publish","4":"has-post-thumbnail","6":"product_cat-sale","7":"product_cat-sukienki","9":"first","10":"instock","11":"shipping-taxable","12":"purchasable","13":"product-type-variable"},"_links":{"self":[{"href":"https:\/\/ciaobella.com.pl\/index.php\/wp-json\/wp\/v2\/product\/968","targetHints":{"allow":["GET"]}}],"collection":[{"href":"https:\/\/ciaobella.com.pl\/index.php\/wp-json\/wp\/v2\/product"}],"about":[{"href":"https:\/\/ciaobella.com.pl\/index.php\/wp-json\/wp\/v2\/types\/product"}],"replies":[{"embeddable":true,"href":"https:\/\/ciaobella.com.pl\/index.php\/wp-json\/wp\/v2\/comments?post=968"}],"version-history":[{"count":4,"href":"https:\/\/ciaobella.com.pl\/index.php\/wp-json\/wp\/v2\/product\/968\/revisions"}],"predecessor-version":[{"id":3001,"href":"https:\/\/ciaobella.com.pl\/index.php\/wp-json\/wp\/v2\/product\/968\/revisions\/3001"}],"wp:featuredmedia":[{"embeddable":true,"href":"https:\/\/ciaobella.com.pl\/index.php\/wp-json\/wp\/v2\/media\/2404"}],"wp:attachment":[{"href":"https:\/\/ciaobella.com.pl\/index.php\/wp-json\/wp\/v2\/media?parent=968"}],"wp:term":[{"taxonomy":"product_brand","embeddable":true,"href":"https:\/\/ciaobella.com.pl\/index.php\/wp-json\/wp\/v2\/product_brand?post=968"},{"taxonomy":"product_cat","embeddable":true,"href":"https:\/\/ciaobella.com.pl\/index.php\/wp-json\/wp\/v2\/product_cat?post=968"},{"taxonomy":"product_tag","embeddable":true,"href":"https:\/\/ciaobella.com.pl\/index.php\/wp-json\/wp\/v2\/product_tag?post=968"}],"curies":[{"name":"wp","href":"https:\/\/api.w.org\/{rel}","templated":true}]}}