{"id":966,"date":"2023-03-08T17:25:27","date_gmt":"2023-03-08T17:25:27","guid":{"rendered":"https:\/\/ciaobella.com.pl\/?post_type=product&#038;p=966"},"modified":"2025-06-13T11:38:51","modified_gmt":"2025-06-13T11:38:51","slug":"marynarka-paris-white-2","status":"publish","type":"product","link":"https:\/\/ciaobella.com.pl\/index.php\/product\/marynarka-paris-white-2\/","title":{"rendered":"marynarka PARIS WHITE"},"content":{"rendered":"<div>Bia\u0142a marynarka ze z\u0142otymi guzikami to idealny wyb\u00f3r na wiele okazji. Pasuje do wielu stylizacji i jest bardzo uniwersalna. Mo\u017cesz j\u0105 nosi\u0107 do spodni z wysokim stanem, sukienek, sp\u00f3dnic i szort\u00f3w. Z\u0142ote guziki dodaj\u0105 jej elegancji i szyku. Mo\u017cesz po\u0142\u0105czy\u0107 j\u0105 z klasycznymi bia\u0142ymi koszulami lub kr\u00f3tkimi topami. Bia\u0142a marynarka to \u015bwietny wyb\u00f3r na oficjalne spotkania, ale tak\u017ce na mniej formalne okazje. Je\u015bli chcesz wygl\u0105da\u0107 modnie i stylowo, bia\u0142a marynarka ze z\u0142otymi guzikami jest idealnym wyborem!<\/div>\n<div><\/div>\n<div>Marynarka z bufkami to \u015bwietny spos\u00f3b na urozmaicenie swojego stylu. Przyci\u0105ga wzrok i daje szykowny wygl\u0105d. Je\u015bli szukasz oryginalnej marynarki, marynarka z bufkami Paris White b\u0119dzie dla Ciebie idealnym wyborem! Obserwuj nasz profil na Instagramie, aby by\u0107 na bie\u017c\u0105co ze stylizacjami Ciao Bella.<\/div>\n<div><\/div>\n<div>Marynarka Paris White to marynarka modu\u0142owa, po\u0142\u0105cz j\u0105 z szortami z serii PARIS \u00a0lub sp\u00f3dnic\u0105 z wysokim stanem Paris. Obserwuj nas, aby by\u0107 na bie\u017c\u0105co z najnowszymi trendami modowymi!<\/div>\n<div>\n<div><\/div>\n<\/div>\n<div class=\"gwpe92eb182_gwp826f559e_Message-content\">\n<div id=\"gwpe92eb182_gwp826f559e_gwp2cdb1793\">\n<div id=\"gwpe92eb182_gwp826f559e_gwp2cdb1793h\">\n<div class=\"gwpe92eb182_gwp826f559e_gwp2cdb1793b\" data-message-body=\"true\">\n<div>Bia\u0142a marynarka z bufkami Paris White wyst\u0119puje w dw\u00f3ch rozmiarach: S i M.<\/div>\n<div>\n<div><\/div>\n<\/div>\n<div>Sk\u0142ad marynarki: 52% bawe\u0142na, 33% wiskoza, 15% poliakryl.<\/div>\n<div>\n<div><\/div>\n<\/div>\n<div>Dzi\u0119ki po\u0142\u0105czeniu bawe\u0142ny oraz wiskozy z poliakrylem marynarka nie ulega zagnieceniom.<\/div>\n<div>\n<div><\/div>\n<\/div>\n<div>Nasze ubrania powstaj\u0105 z dba\u0142o\u015bci\u0105 o ka\u017cdy szczeg\u00f3\u0142 &#8211; rekomendujemy pranie r\u0119czne.<img fetchpriority=\"high\" decoding=\"async\" class=\"alignnone wp-image-2368 size-full\" src=\"https:\/\/ciaobella.com.pl\/wp-content\/uploads\/2023\/03\/marynarka-PARIS-WHITE.jpg\" alt=\"\" width=\"1000\" height=\"500\" srcset=\"https:\/\/ciaobella.com.pl\/wp-content\/uploads\/2023\/03\/marynarka-PARIS-WHITE.jpg 1000w, https:\/\/ciaobella.com.pl\/wp-content\/uploads\/2023\/03\/marynarka-PARIS-WHITE-600x300.jpg 600w, https:\/\/ciaobella.com.pl\/wp-content\/uploads\/2023\/03\/marynarka-PARIS-WHITE-300x150.jpg 300w, https:\/\/ciaobella.com.pl\/wp-content\/uploads\/2023\/03\/marynarka-PARIS-WHITE-768x384.jpg 768w\" sizes=\"(max-width: 1000px) 100vw, 1000px\" \/><\/div>\n<\/div>\n<\/div>\n<\/div>\n<\/div>\n","protected":false},"excerpt":{"rendered":"<p>Bia\u0142a marynarka ze z\u0142otymi guzikami to idealny wyb\u00f3r na wiele okazji. Pasuje do wielu stylizacji i jest bardzo uniwersalna. Mo\u017cesz j\u0105 nosi\u0107 do spodni z wysokim stanem, sukienek, sp\u00f3dnic i szort\u00f3w. Z\u0142ote guziki dodaj\u0105 jej elegancji i szyku. Mo\u017cesz po\u0142\u0105czy\u0107 j\u0105 z klasycznymi bia\u0142ymi koszulami lub kr\u00f3tkimi topami. Bia\u0142a marynarka to \u015bwietny wyb\u00f3r na oficjalne [&hellip;]<\/p>\n","protected":false},"featured_media":2494,"comment_status":"open","ping_status":"closed","template":"","meta":{"_monsterinsights_skip_tracking":false,"_monsterinsights_sitenote_active":false,"_monsterinsights_sitenote_note":"","_monsterinsights_sitenote_category":0},"product_brand":[],"product_cat":[77,19],"product_tag":[17,18],"class_list":{"0":"post-966","1":"product","2":"type-product","3":"status-publish","4":"has-post-thumbnail","6":"product_cat-sale","7":"product_cat-marynarki","8":"product_tag-design","9":"product_tag-fashion","11":"first","12":"instock","13":"shipping-taxable","14":"purchasable","15":"product-type-variable"},"_links":{"self":[{"href":"https:\/\/ciaobella.com.pl\/index.php\/wp-json\/wp\/v2\/product\/966","targetHints":{"allow":["GET"]}}],"collection":[{"href":"https:\/\/ciaobella.com.pl\/index.php\/wp-json\/wp\/v2\/product"}],"about":[{"href":"https:\/\/ciaobella.com.pl\/index.php\/wp-json\/wp\/v2\/types\/product"}],"replies":[{"embeddable":true,"href":"https:\/\/ciaobella.com.pl\/index.php\/wp-json\/wp\/v2\/comments?post=966"}],"version-history":[{"count":5,"href":"https:\/\/ciaobella.com.pl\/index.php\/wp-json\/wp\/v2\/product\/966\/revisions"}],"predecessor-version":[{"id":3247,"href":"https:\/\/ciaobella.com.pl\/index.php\/wp-json\/wp\/v2\/product\/966\/revisions\/3247"}],"wp:featuredmedia":[{"embeddable":true,"href":"https:\/\/ciaobella.com.pl\/index.php\/wp-json\/wp\/v2\/media\/2494"}],"wp:attachment":[{"href":"https:\/\/ciaobella.com.pl\/index.php\/wp-json\/wp\/v2\/media?parent=966"}],"wp:term":[{"taxonomy":"product_brand","embeddable":true,"href":"https:\/\/ciaobella.com.pl\/index.php\/wp-json\/wp\/v2\/product_brand?post=966"},{"taxonomy":"product_cat","embeddable":true,"href":"https:\/\/ciaobella.com.pl\/index.php\/wp-json\/wp\/v2\/product_cat?post=966"},{"taxonomy":"product_tag","embeddable":true,"href":"https:\/\/ciaobella.com.pl\/index.php\/wp-json\/wp\/v2\/product_tag?post=966"}],"curies":[{"name":"wp","href":"https:\/\/api.w.org\/{rel}","templated":true}]}}