{"id":965,"date":"2023-03-08T17:25:27","date_gmt":"2023-03-08T17:25:27","guid":{"rendered":"https:\/\/ciaobella.com.pl\/?post_type=product&#038;p=965"},"modified":"2025-06-13T11:39:28","modified_gmt":"2025-06-13T11:39:28","slug":"szorty-paris-black-2","status":"publish","type":"product","link":"https:\/\/ciaobella.com.pl\/index.php\/product\/szorty-paris-black-2\/","title":{"rendered":"szorty PARIS BLACK"},"content":{"rendered":"<div>Szorty z wysokim stanem to idealne uzupe\u0142nienie Twojej garderoby i baza do stylizacji na ka\u017cd\u0105 por\u0119 roku! Czarne szorty Paris s\u0105 nie tylko wygodne, ale r\u00f3wnie\u017c dodaj\u0105 charakteru ka\u017cdej stylizacji. \u00a0<span class=\"gwp4e4ad029_highlight\"><span class=\"gwp4e4ad029_colour\"><span class=\"gwp4e4ad029_font\"><span class=\"gwp4e4ad029_size\">Z\u0142<\/span><\/span><\/span><span class=\"gwp4e4ad029_colour\"><span class=\"gwp4e4ad029_font\"><span class=\"gwp4e4ad029_size\">ota nitka w po\u0142\u0105czeniu ze z\u0142otymi guzikami nadaje szortom jeszcze bardziej luksusowy wygl\u0105d.<span class=\"gwp4e4ad029_Apple-converted-space\">\u00a0<\/span><\/span><\/span><\/span><\/span>Dodatkowo, czarne szorty z wysokim stanem s\u0105 idealne do noszenia zar\u00f3wno na co dzie\u0144, jak i na specjalne okazje. <span class=\"gwp4e4ad029_highlight\"><span class=\"gwp4e4ad029_colour\"><span class=\"gwp4e4ad029_font\"><span class=\"gwp4e4ad029_size\">Szorty z wysokim stanem pozwalaj\u0105 optycznie wyd\u0142u\u017cy\u0107 sylwetk\u0119 i doda\u0107 jej smuk\u0142o\u015bci.<span class=\"gwp4e4ad029_Apple-converted-space\">\u00a0<\/span>Mo\u017cna je \u0142atwo dopasowa\u0107 do ka\u017cdego stylu &#8211; od lu\u017anych, sportowych po eleganckie. Czarne, eleganckie szorty z wysokim stanem b\u0119d\u0105 idealn\u0105 baz\u0105 szafy kapsu\u0142owej! <\/span><\/span><\/span><\/span><\/div>\n<div><span class=\"gwp4e4ad029_colour\"><span class=\"gwp4e4ad029_font\"><span class=\"gwp4e4ad029_size\">Szorty z wysokim stanem z kieszeniami wykonywane s\u0105 na cienkiej podszewce co umo\u017cliwia noszenie ich przez 365 dni w roku: latem do sanda\u0142\u00f3w klapek czy sneakersow czy te\u017c jesieni\u0105 i zim\u0105 po\u0142\u0105czeniu z rajstopami i ci\u0119\u017cszymi butami, spodenki zasuwane s\u0105 na kryty zamek b\u0142yskawiczny umieszczony z ty\u0142u.\u00a0<\/span><\/span><\/span><span class=\"gwp4e4ad029_highlight\"><span class=\"gwp4e4ad029_colour\"><span class=\"gwp4e4ad029_font\"><span class=\"gwp4e4ad029_size\">Szorty z wysokim stanem Paris Black s\u0105 must-have tego sezonu. Je\u015bli szukasz czego\u015b, co sprawi, \u017ce b\u0119dziesz czu\u0142a si\u0119 pewna siebie i modnie ubrana, nasze czarne szorty z wysokim stanem s\u0105 idealnym rozwi\u0105zaniem dla Ciebie.<\/span><\/span><\/span><\/span><\/div>\n<div><\/div>\n<div><span class=\"gwp4e4ad029_colour\"><span class=\"gwp4e4ad029_font\"><span class=\"gwp4e4ad029_size\">Kiedy sprowadzi\u0142y\u015bmy bia\u0142y materia\u0142 ze z\u0142ot\u0105 nitk\u0105 w stylu nie\u015bmiertelnej Chanel do naszej lokalnej pracowni, wiedzia\u0142y\u015bmy, \u017ce kolekcja zrobi furor\u0119 I na my\u015bl przywo\u0142a skojarzenia z najwi\u0119ksz\u0105 stolic\u0105 mody na \u015bwiecie \u2013 Pary\u017c!<\/span><\/span><\/span><\/div>\n<p><span class=\"gwp4e4ad029_colour\"><span class=\"gwp4e4ad029_font\"><span class=\"gwp4e4ad029_size\">Paris white to nazwa naszej kolekcji inspirowanej domem mody Chanel.<\/span><\/span><\/span><\/p>\n<p><span class=\"gwp4e4ad029_colour\"><span class=\"gwp4e4ad029_font\"><span class=\"gwp4e4ad029_size\">Po\u015br\u00f3d niej znajdziecie m.in szorty z wysokim stanem, bufiaste marynarki, sp\u00f3dnic\u0119 a tak\u017ce dwurz\u0119dowe, kr\u00f3tkie Marynarki \u2013 A to wszystko w dw\u00f3ch wersjach kolorystycznych: bia\u0142ej i czarnej.<\/span><\/span><\/span><\/p>\n<div><\/div>\n<div><span class=\"gwp4e4ad029_colour\"><span class=\"gwp4e4ad029_font\"><span class=\"gwp4e4ad029_size\">Szorty Paris wyst\u0119puj\u0105 w trzech kolorach: czarnym, bia\u0142ym i czerwonym.<\/span><\/span><\/span><\/div>\n<div><\/div>\n<div><span class=\"gwp4e4ad029_colour\"><span class=\"gwp4e4ad029_font\"><span class=\"gwp4e4ad029_size\">Sk\u0142ad: 52% bawe\u0142na, 33% wiskoza,15% poliakryl<\/span><\/span><\/span><\/div>\n<div>\n<div><img fetchpriority=\"high\" decoding=\"async\" class=\"alignnone wp-image-2365 size-full\" src=\"https:\/\/ciaobella.com.pl\/wp-content\/uploads\/2023\/03\/szorty-PARIS-BLACK-_-WHITE.jpg\" alt=\"\" width=\"1000\" height=\"500\" srcset=\"https:\/\/ciaobella.com.pl\/wp-content\/uploads\/2023\/03\/szorty-PARIS-BLACK-_-WHITE.jpg 1000w, https:\/\/ciaobella.com.pl\/wp-content\/uploads\/2023\/03\/szorty-PARIS-BLACK-_-WHITE-600x300.jpg 600w, https:\/\/ciaobella.com.pl\/wp-content\/uploads\/2023\/03\/szorty-PARIS-BLACK-_-WHITE-300x150.jpg 300w, https:\/\/ciaobella.com.pl\/wp-content\/uploads\/2023\/03\/szorty-PARIS-BLACK-_-WHITE-768x384.jpg 768w\" sizes=\"(max-width: 1000px) 100vw, 1000px\" \/><\/div>\n<\/div>\n<p><span class=\"gwp4e4ad029_colour\"><span class=\"gwp4e4ad029_font\"><span class=\"gwp4e4ad029_size\">Nasza ubrania powstaj\u0105 z dba\u0142o\u015bci\u0105 o ka\u017cdy szczeg\u00f3\u0142, rekomendujemy pranie r\u0119czne.<\/span><\/span><\/span><\/p>\n","protected":false},"excerpt":{"rendered":"<p>Lorem ipsum dolor sit amet, consectetue adipiscing elit. Aenean commodo ligula eget dolor. Aenean massas. Cum sociis Theme natoque penatibus&#8230; Donec sodales sagittis magna. Sed consequat, leo eget bibendum. Aenean massa cum sociis Theme parturient montes.<\/p>\n","protected":false},"featured_media":3379,"comment_status":"open","ping_status":"closed","template":"","meta":{"_monsterinsights_skip_tracking":false,"_monsterinsights_sitenote_active":false,"_monsterinsights_sitenote_note":"","_monsterinsights_sitenote_category":0},"product_brand":[],"product_cat":[77,29],"product_tag":[17,18],"class_list":{"0":"post-965","1":"product","2":"type-product","3":"status-publish","4":"has-post-thumbnail","6":"product_cat-sale","7":"product_cat-szorty","8":"product_tag-design","9":"product_tag-fashion","11":"first","12":"instock","13":"shipping-taxable","14":"purchasable","15":"product-type-variable"},"_links":{"self":[{"href":"https:\/\/ciaobella.com.pl\/index.php\/wp-json\/wp\/v2\/product\/965","targetHints":{"allow":["GET"]}}],"collection":[{"href":"https:\/\/ciaobella.com.pl\/index.php\/wp-json\/wp\/v2\/product"}],"about":[{"href":"https:\/\/ciaobella.com.pl\/index.php\/wp-json\/wp\/v2\/types\/product"}],"replies":[{"embeddable":true,"href":"https:\/\/ciaobella.com.pl\/index.php\/wp-json\/wp\/v2\/comments?post=965"}],"version-history":[{"count":3,"href":"https:\/\/ciaobella.com.pl\/index.php\/wp-json\/wp\/v2\/product\/965\/revisions"}],"predecessor-version":[{"id":2367,"href":"https:\/\/ciaobella.com.pl\/index.php\/wp-json\/wp\/v2\/product\/965\/revisions\/2367"}],"wp:featuredmedia":[{"embeddable":true,"href":"https:\/\/ciaobella.com.pl\/index.php\/wp-json\/wp\/v2\/media\/3379"}],"wp:attachment":[{"href":"https:\/\/ciaobella.com.pl\/index.php\/wp-json\/wp\/v2\/media?parent=965"}],"wp:term":[{"taxonomy":"product_brand","embeddable":true,"href":"https:\/\/ciaobella.com.pl\/index.php\/wp-json\/wp\/v2\/product_brand?post=965"},{"taxonomy":"product_cat","embeddable":true,"href":"https:\/\/ciaobella.com.pl\/index.php\/wp-json\/wp\/v2\/product_cat?post=965"},{"taxonomy":"product_tag","embeddable":true,"href":"https:\/\/ciaobella.com.pl\/index.php\/wp-json\/wp\/v2\/product_tag?post=965"}],"curies":[{"name":"wp","href":"https:\/\/api.w.org\/{rel}","templated":true}]}}