{"id":962,"date":"2023-03-08T17:25:26","date_gmt":"2023-03-08T17:25:26","guid":{"rendered":"https:\/\/ciaobella.com.pl\/?post_type=product&#038;p=962"},"modified":"2025-05-22T05:16:55","modified_gmt":"2025-05-22T05:16:55","slug":"sukienka-florencja-2","status":"publish","type":"product","link":"https:\/\/ciaobella.com.pl\/index.php\/product\/sukienka-florencja-2\/","title":{"rendered":"sukienka FLORENCJA"},"content":{"rendered":"<div>\n<div><span class=\"gwpc74c297d_highlight\"><span class=\"gwpc74c297d_colour\"><span class=\"gwpc74c297d_font\"><span class=\"gwpc74c297d_size\">Sukienka w kolorze pudrowego r\u00f3\u017cu to idealna propozycja na wiosenno-letni sezon! Dlaczego warto j\u0105 wybra\u0107? Jest bardzo kobieca i subtelna, dzi\u0119ki czemu podkre\u015bli Twoj\u0105 urod\u0119.Kolor pudrowego r\u00f3\u017cu jest uniwersalny i \u0142atwo go dopasowa\u0107 do innych element\u00f3w garderoby.<span class=\"gwpc74c297d_Apple-converted-space\">\u00a0<\/span>Sukienka Florencja w kolorze pudrowego r\u00f3\u017cu to \u015bwietny spos\u00f3b na dodanie odrobiny szyku do Twojej codziennej stylizacji.<span class=\"gwpc74c297d_Apple-converted-space\">\u00a0<\/span>Czy ju\u017c wiesz, dlaczego warto by Florencja znalaz\u0142a si\u0119 w Twojej garderobie? \ud83d\ude42<\/span><\/span><\/span><\/span><\/div>\n<\/div>\n<div><\/div>\n<div><span class=\"gwpc74c297d_highlight\"><span class=\"gwpc74c297d_colour\"><span class=\"gwpc74c297d_font\"><span class=\"gwpc74c297d_size\">Sukienka z bufkami to jeden z najmodniejszych trend\u00f3w tego sezonu! Wed\u0142ug najnowszych statystyk, a\u017c 70% kobiet wybiera ten model sukienki. To pokazuje, \u017ce wiele z nas lubi si\u0119 wyr\u00f3\u017cnia\u0107 i pod\u0105\u017ca\u0107 za mod\u0105. Je\u015bli szukasz czego\u015b, co sprawi, \u017ce b\u0119dziesz wygl\u0105da\u0107 i czu\u0107 si\u0119 \u015bwietnie &#8211; sukienka z bufkami jest idealnym wyborem! Szczeg\u00f3lnie je\u015bli szukasz sukienki na wesele czy inn\u0105 szczeg\u00f3ln\u0105 okazj\u0119!<\/span><\/span><\/span><\/span><\/div>\n<div><\/div>\n<div><span class=\"gwpc74c297d_highlight\"><span class=\"gwpc74c297d_colour\"><span class=\"gwpc74c297d_font\"><span class=\"gwpc74c297d_size\">Sukienka Florencja dost\u0119pna jest w rozmiarach S\/M i L.<\/span><\/span><\/span><\/span><\/div>\n<div>\n<div><\/div>\n<\/div>\n<p><span class=\"gwpc74c297d_colour\"><span class=\"gwpc74c297d_font\"><span class=\"gwpc74c297d_size\">Sk\u0142ad : 78% wiskoza, 20% poliamid, 2% elastan<\/span><\/span><\/span><\/p>\n<div><\/div>\n<div>Nasze produkty powstaj\u0105 z dba\u0142o\u015bci\u0105 o ka\u017cdy szczeg\u00f3\u0142. Rekomendujemy pranie r\u0119czne.<\/div>\n<div><span class=\"gwpc74c297d_highlight\"><span class=\"gwpc74c297d_colour\"><span class=\"gwpc74c297d_font\"><span class=\"gwpc74c297d_size\"><img fetchpriority=\"high\" decoding=\"async\" class=\"alignnone wp-image-2371 size-full\" src=\"https:\/\/ciaobella.com.pl\/wp-content\/uploads\/2023\/03\/sukienka-FLORENCJA.jpg\" alt=\"\" width=\"1000\" height=\"500\" srcset=\"https:\/\/ciaobella.com.pl\/wp-content\/uploads\/2023\/03\/sukienka-FLORENCJA.jpg 1000w, https:\/\/ciaobella.com.pl\/wp-content\/uploads\/2023\/03\/sukienka-FLORENCJA-600x300.jpg 600w, https:\/\/ciaobella.com.pl\/wp-content\/uploads\/2023\/03\/sukienka-FLORENCJA-300x150.jpg 300w, https:\/\/ciaobella.com.pl\/wp-content\/uploads\/2023\/03\/sukienka-FLORENCJA-768x384.jpg 768w\" sizes=\"(max-width: 1000px) 100vw, 1000px\" \/><\/span><\/span><\/span><\/span><\/div>\n","protected":false},"excerpt":{"rendered":"<p>Sukienka Florencja to regulowana paskiem sukienka z \u017cakardowego materia\u0142u, kt\u00f3ra idealnie sprawdzi si\u0119 przez 365 dni w roku.<\/p>\n<p>Latem, pudrowy kolor b\u0119dzie pi\u0119knie wsp\u00f3\u0142gra\u0142 z opalon\u0105 sk\u00f3r\u0105 natomiast wiosn\u0105 czy jesieni\u0105 idealnie sprawdzi si\u0119 w po\u0142\u0105czeniu z botkami lub dla odwa\u017cnych &#8211; ci\u0119\u017ckimi worker bootsami!<\/p>\n","protected":false},"featured_media":2585,"comment_status":"open","ping_status":"closed","template":"","meta":{"_monsterinsights_skip_tracking":false,"_monsterinsights_sitenote_active":false,"_monsterinsights_sitenote_note":"","_monsterinsights_sitenote_category":0},"product_brand":[],"product_cat":[77,21],"product_tag":[18],"class_list":{"0":"post-962","1":"product","2":"type-product","3":"status-publish","4":"has-post-thumbnail","6":"product_cat-sale","7":"product_cat-sukienki","8":"product_tag-fashion","10":"first","11":"instock","12":"shipping-taxable","13":"purchasable","14":"product-type-variable"},"_links":{"self":[{"href":"https:\/\/ciaobella.com.pl\/index.php\/wp-json\/wp\/v2\/product\/962","targetHints":{"allow":["GET"]}}],"collection":[{"href":"https:\/\/ciaobella.com.pl\/index.php\/wp-json\/wp\/v2\/product"}],"about":[{"href":"https:\/\/ciaobella.com.pl\/index.php\/wp-json\/wp\/v2\/types\/product"}],"replies":[{"embeddable":true,"href":"https:\/\/ciaobella.com.pl\/index.php\/wp-json\/wp\/v2\/comments?post=962"}],"version-history":[{"count":4,"href":"https:\/\/ciaobella.com.pl\/index.php\/wp-json\/wp\/v2\/product\/962\/revisions"}],"predecessor-version":[{"id":2292,"href":"https:\/\/ciaobella.com.pl\/index.php\/wp-json\/wp\/v2\/product\/962\/revisions\/2292"}],"wp:featuredmedia":[{"embeddable":true,"href":"https:\/\/ciaobella.com.pl\/index.php\/wp-json\/wp\/v2\/media\/2585"}],"wp:attachment":[{"href":"https:\/\/ciaobella.com.pl\/index.php\/wp-json\/wp\/v2\/media?parent=962"}],"wp:term":[{"taxonomy":"product_brand","embeddable":true,"href":"https:\/\/ciaobella.com.pl\/index.php\/wp-json\/wp\/v2\/product_brand?post=962"},{"taxonomy":"product_cat","embeddable":true,"href":"https:\/\/ciaobella.com.pl\/index.php\/wp-json\/wp\/v2\/product_cat?post=962"},{"taxonomy":"product_tag","embeddable":true,"href":"https:\/\/ciaobella.com.pl\/index.php\/wp-json\/wp\/v2\/product_tag?post=962"}],"curies":[{"name":"wp","href":"https:\/\/api.w.org\/{rel}","templated":true}]}}