{"id":956,"date":"2023-03-08T17:25:25","date_gmt":"2023-03-08T17:25:25","guid":{"rendered":"https:\/\/ciaobella.com.pl\/?post_type=product&#038;p=956"},"modified":"2025-06-13T11:41:33","modified_gmt":"2025-06-13T11:41:33","slug":"spodnica-paris-black-2","status":"publish","type":"product","link":"https:\/\/ciaobella.com.pl\/index.php\/product\/spodnica-paris-black-2\/","title":{"rendered":"sp\u00f3dnica PARIS BLACK"},"content":{"rendered":"<div>Sp\u00f3dnica ze z\u0142otymi guzikami to jeden z najbardziej popularnych trend\u00f3w w modzie.<\/div>\n<div>Z\u0142ote guziki s\u0105 cz\u0119sto u\u017cywane jako element ozdobny, aby nada\u0107 im bardziej elegancki wygl\u0105d.<\/div>\n<div>Czarna sp\u00f3dnica ze z\u0142otymi guzikami Paris Black mo\u017ce by\u0107 noszona na wiele r\u00f3\u017cnych sposob\u00f3w, w zale\u017cno\u015bci od okazji. Z\u0142ota nitka w po\u0142\u0105czeniu ze z\u0142otymi guzikami nadaje jej jeszcze bardziej luksusowy wygl\u0105d. Czarna sp\u00f3dnica ze z\u0142otymi guzikami jest idealna na ka\u017cd\u0105 por\u0119 roku &#8211; zim\u0105 sprawdzi si\u0119 w po\u0142\u0105czeniu z kryj\u0105cymi rajstopami, latem w po\u0142\u0105czeniu z odkrytymi butami.<\/div>\n<div>Paris Black to bardzo elegancka sp\u00f3dnica, kt\u00f3ra \u015bwietnie wygl\u0105da w po\u0142\u0105czeniu z bia\u0142\u0105 koszul\u0105 lub czarnym topem. Mo\u017cesz j\u0105 nosi\u0107 do pracy, na spotkanie z przyjaci\u00f3\u0142mi lub na randk\u0119. Je\u017celi szukasz czego\u015b uniwersalnego i ponadczasowego &#8211; to w\u0142a\u015bnie produkt dla Ciebie.<\/div>\n<div><\/div>\n<div>Sp\u00f3dnica Paris dost\u0119pna jest w trzech kolorach: bia\u0142ym, czarnym i czerwonym.<\/div>\n<div><\/div>\n<div>Dost\u0119pna w rozmiarach: S, M oraz L.<\/div>\n<div><\/div>\n<div><span class=\"gwp0e79eafe_highlight\"><span class=\"gwp0e79eafe_colour\"><span class=\"gwp0e79eafe_font\"><span class=\"gwp0e79eafe_size\">Sk\u0142ad materia\u0142u: 52% bawe\u0142na, 33% wiskoza, 15% poliakryl<\/span><\/span><\/span><\/span><\/div>\n<div><\/div>\n<div>Nasze ubrania powstaj\u0105 z dba\u0142o\u015bci\u0105 o ka\u017cdy szczeg\u00f3\u0142, rekomendujemy pranie r\u0119czne.<img fetchpriority=\"high\" decoding=\"async\" class=\"alignnone wp-image-2377 size-full\" src=\"https:\/\/ciaobella.com.pl\/wp-content\/uploads\/2023\/03\/spodnica-PARIS-BLACK-_-RED-_-WHITE-1.jpg\" alt=\"\" width=\"1000\" height=\"500\" srcset=\"https:\/\/ciaobella.com.pl\/wp-content\/uploads\/2023\/03\/spodnica-PARIS-BLACK-_-RED-_-WHITE-1.jpg 1000w, https:\/\/ciaobella.com.pl\/wp-content\/uploads\/2023\/03\/spodnica-PARIS-BLACK-_-RED-_-WHITE-1-600x300.jpg 600w, https:\/\/ciaobella.com.pl\/wp-content\/uploads\/2023\/03\/spodnica-PARIS-BLACK-_-RED-_-WHITE-1-300x150.jpg 300w, https:\/\/ciaobella.com.pl\/wp-content\/uploads\/2023\/03\/spodnica-PARIS-BLACK-_-RED-_-WHITE-1-768x384.jpg 768w\" sizes=\"(max-width: 1000px) 100vw, 1000px\" \/><\/div>\n","protected":false},"excerpt":{"rendered":"<p>Sp\u00f3dnica ze z\u0142otymi guzikami to jeden z najbardziej popularnych trend\u00f3w w modzie. Z\u0142ote guziki s\u0105 cz\u0119sto u\u017cywane jako element ozdobny, aby nada\u0107 im bardziej elegancki wygl\u0105d. Czarna sp\u00f3dnica ze z\u0142otymi guzikami Paris Black mo\u017ce by\u0107 noszona na wiele r\u00f3\u017cnych sposob\u00f3w, w zale\u017cno\u015bci od okazji. Z\u0142ota nitka w po\u0142\u0105czeniu ze z\u0142otymi guzikami nadaje jej jeszcze bardziej [&hellip;]<\/p>\n","protected":false},"featured_media":3408,"comment_status":"open","ping_status":"closed","template":"","meta":{"_monsterinsights_skip_tracking":false,"_monsterinsights_sitenote_active":false,"_monsterinsights_sitenote_note":"","_monsterinsights_sitenote_category":0},"product_brand":[],"product_cat":[77,16],"product_tag":[17,18],"class_list":{"0":"post-956","1":"product","2":"type-product","3":"status-publish","4":"has-post-thumbnail","6":"product_cat-sale","7":"product_cat-spodnice","8":"product_tag-design","9":"product_tag-fashion","11":"first","12":"instock","13":"shipping-taxable","14":"purchasable","15":"product-type-variable"},"_links":{"self":[{"href":"https:\/\/ciaobella.com.pl\/index.php\/wp-json\/wp\/v2\/product\/956","targetHints":{"allow":["GET"]}}],"collection":[{"href":"https:\/\/ciaobella.com.pl\/index.php\/wp-json\/wp\/v2\/product"}],"about":[{"href":"https:\/\/ciaobella.com.pl\/index.php\/wp-json\/wp\/v2\/types\/product"}],"replies":[{"embeddable":true,"href":"https:\/\/ciaobella.com.pl\/index.php\/wp-json\/wp\/v2\/comments?post=956"}],"version-history":[{"count":4,"href":"https:\/\/ciaobella.com.pl\/index.php\/wp-json\/wp\/v2\/product\/956\/revisions"}],"predecessor-version":[{"id":3014,"href":"https:\/\/ciaobella.com.pl\/index.php\/wp-json\/wp\/v2\/product\/956\/revisions\/3014"}],"wp:featuredmedia":[{"embeddable":true,"href":"https:\/\/ciaobella.com.pl\/index.php\/wp-json\/wp\/v2\/media\/3408"}],"wp:attachment":[{"href":"https:\/\/ciaobella.com.pl\/index.php\/wp-json\/wp\/v2\/media?parent=956"}],"wp:term":[{"taxonomy":"product_brand","embeddable":true,"href":"https:\/\/ciaobella.com.pl\/index.php\/wp-json\/wp\/v2\/product_brand?post=956"},{"taxonomy":"product_cat","embeddable":true,"href":"https:\/\/ciaobella.com.pl\/index.php\/wp-json\/wp\/v2\/product_cat?post=956"},{"taxonomy":"product_tag","embeddable":true,"href":"https:\/\/ciaobella.com.pl\/index.php\/wp-json\/wp\/v2\/product_tag?post=956"}],"curies":[{"name":"wp","href":"https:\/\/api.w.org\/{rel}","templated":true}]}}