{"id":949,"date":"2023-03-08T17:25:21","date_gmt":"2023-03-08T17:25:21","guid":{"rendered":"https:\/\/ciaobella.com.pl\/?post_type=product&#038;p=949"},"modified":"2025-06-13T11:42:20","modified_gmt":"2025-06-13T11:42:20","slug":"sukienka-aruba-leopard-2","status":"publish","type":"product","link":"https:\/\/ciaobella.com.pl\/index.php\/product\/sukienka-aruba-leopard-2\/","title":{"rendered":"Sukienka Aruba Leopard"},"content":{"rendered":"<div>Jedna sukienka i a\u017c cztery sposoby noszenia?\u00a0<span class=\"gwpc74c297d_colour\"><span class=\"gwpc74c297d_font\"><span class=\"gwpc74c297d_size\">W poprzednim sezonie nasza sukienka, ARUBA, kt\u00f3r\u0105 mo\u017cna nosi\u0107 na cztery r\u00f3\u017cne sposoby okaza\u0142a si\u0119 bestsellerem i jednym z najcz\u0119\u015bciej kupowanych produkt\u00f3w.\u00a0<\/span><\/span><\/span><span class=\"gwpc74c297d_colour\"><span class=\"gwpc74c297d_font\"><span class=\"gwpc74c297d_size\">Wykonana z niezwykle przyjemnej, welurowej tkaniny doskonale sprawdzi si\u0119 w po\u0142\u0105czeniu z worker bootsami, botkami czy d\u0142ugimi kozakami.Aruba to sukienka, kt\u00f3r\u0105 mo\u017cecie nosi\u0107 na A\u017b cztery r\u00f3\u017cne sposoby. Jedna sukienka \u2013 cztery rozwi\u0105zania, a dzi\u0119ki wi\u0105zaniu w talii idealnie dopasowuje si\u0119 do ka\u017cdej figury.<\/span><\/span><\/span><\/div>\n<div><\/div>\n<div>Je\u015bli szukasz modnego i uniwersalnego elementu garderoby, kt\u00f3ry mo\u017cesz za\u0142o\u017cy\u0107 na wiele okazji, sukienka wi\u0105zana na kilka sposob\u00f3w, Aruba4in1 jest idealnym wyborem! Oto kilka powod\u00f3w, dla kt\u00f3rych warto zainwestowa\u0107 akurat w t\u0119 sukienk\u0119:<\/div>\n<div>1. Sukienka wi\u0105zana na kilka sposob\u00f3w jest bardzo uniwersalna &#8211; mo\u017cesz j\u0105 dopasowa\u0107 do swojego stylu i nosi\u0107 na r\u00f3\u017cne okazje.<\/div>\n<div>2. Mo\u017cesz stworzy\u0107 wiele r\u00f3\u017cnych stylizacji, w zale\u017cno\u015bci od tego, jak zawi\u0105\u017cesz sukienk\u0119.<\/div>\n<div>3. Sukienka ta jest bardzo wygodna i \u0142atwa w noszeniu.<\/div>\n<div>4. Sukienka ta jest dost\u0119pna w kilku r\u00f3\u017cnych kolorach i wzorach, co pozwala Ci stworzy\u0107 modne stylizacje.<\/div>\n<div>Obserwuj nasz profil na Instagramie, aby dowiedzie\u0107 si\u0119 wi\u0119cej o sukience wi\u0105zanej na kilka sposob\u00f3w! #sukienkawi\u0105zananaKilkaSposob\u00f3w #moda #uniwersalnyStroj #wygodnaSukienka<\/div>\n<div><\/div>\n<div>Sukienka Aruba dost\u0119pna jest w uniwersalnym rozmiarze ONE SIZE.<\/div>\n<div><span class=\"gwpc74c297d_colour\"><span class=\"gwpc74c297d_font\"><span class=\"gwpc74c297d_size\">Sk\u0142ad: 97% poliester, 3% elastan<\/span><\/span><\/span><\/div>\n<div><\/div>\n<div>\n<p>Nasze produkty powstaj\u0105 z dba\u0142o\u015bci\u0105 o ka\u017cdy szczeg\u00f3\u0142. Rekomendujemy pranie r\u0119czne.<\/p>\n<div><img fetchpriority=\"high\" decoding=\"async\" class=\"alignnone wp-image-2382 size-full\" src=\"https:\/\/ciaobella.com.pl\/wp-content\/uploads\/2023\/03\/sukienka-ARUBA-1.jpg\" alt=\"\" width=\"1000\" height=\"500\" srcset=\"https:\/\/ciaobella.com.pl\/wp-content\/uploads\/2023\/03\/sukienka-ARUBA-1.jpg 1000w, https:\/\/ciaobella.com.pl\/wp-content\/uploads\/2023\/03\/sukienka-ARUBA-1-600x300.jpg 600w, https:\/\/ciaobella.com.pl\/wp-content\/uploads\/2023\/03\/sukienka-ARUBA-1-300x150.jpg 300w, https:\/\/ciaobella.com.pl\/wp-content\/uploads\/2023\/03\/sukienka-ARUBA-1-768x384.jpg 768w\" sizes=\"(max-width: 1000px) 100vw, 1000px\" \/><\/div>\n<\/div>\n<div><\/div>\n","protected":false},"excerpt":{"rendered":"<p>Kultowa sukienka Aruba powraca &#8211; tym razem w jesienno &#8211; zimowej wersji.<\/p>\n<p>Wykonana z niezwykle przyjemnej, welurowej tkaniny doskonale sprawdzi si\u0119 w po\u0142\u0105czeniu z worker bootsami, botkami czy d\u0142ugimi kozakami.<\/p>\n<p>Aruba to sukienka, kt\u00f3r\u0105 mo\u017cecie nosi\u0107 na A\u017b cztery r\u00f3\u017cne sposoby.<\/p>\n<p>Jedna sukienka &#8211; cztery rozwi\u0105zania, a dzi\u0119ki wi\u0105zaniu w talii idealnie dopasowuje si\u0119 do ka\u017cdej figury.<\/p>\n<p>&nbsp;<\/p>\n","protected":false},"featured_media":3421,"comment_status":"open","ping_status":"closed","template":"","meta":{"_monsterinsights_skip_tracking":false,"_monsterinsights_sitenote_active":false,"_monsterinsights_sitenote_note":"","_monsterinsights_sitenote_category":0},"product_brand":[],"product_cat":[77,21],"product_tag":[17,18],"class_list":{"0":"post-949","1":"product","2":"type-product","3":"status-publish","4":"has-post-thumbnail","6":"product_cat-sale","7":"product_cat-sukienki","8":"product_tag-design","9":"product_tag-fashion","11":"first","12":"instock","13":"shipping-taxable","14":"purchasable","15":"product-type-simple"},"_links":{"self":[{"href":"https:\/\/ciaobella.com.pl\/index.php\/wp-json\/wp\/v2\/product\/949","targetHints":{"allow":["GET"]}}],"collection":[{"href":"https:\/\/ciaobella.com.pl\/index.php\/wp-json\/wp\/v2\/product"}],"about":[{"href":"https:\/\/ciaobella.com.pl\/index.php\/wp-json\/wp\/v2\/types\/product"}],"replies":[{"embeddable":true,"href":"https:\/\/ciaobella.com.pl\/index.php\/wp-json\/wp\/v2\/comments?post=949"}],"version-history":[{"count":5,"href":"https:\/\/ciaobella.com.pl\/index.php\/wp-json\/wp\/v2\/product\/949\/revisions"}],"predecessor-version":[{"id":2384,"href":"https:\/\/ciaobella.com.pl\/index.php\/wp-json\/wp\/v2\/product\/949\/revisions\/2384"}],"wp:featuredmedia":[{"embeddable":true,"href":"https:\/\/ciaobella.com.pl\/index.php\/wp-json\/wp\/v2\/media\/3421"}],"wp:attachment":[{"href":"https:\/\/ciaobella.com.pl\/index.php\/wp-json\/wp\/v2\/media?parent=949"}],"wp:term":[{"taxonomy":"product_brand","embeddable":true,"href":"https:\/\/ciaobella.com.pl\/index.php\/wp-json\/wp\/v2\/product_brand?post=949"},{"taxonomy":"product_cat","embeddable":true,"href":"https:\/\/ciaobella.com.pl\/index.php\/wp-json\/wp\/v2\/product_cat?post=949"},{"taxonomy":"product_tag","embeddable":true,"href":"https:\/\/ciaobella.com.pl\/index.php\/wp-json\/wp\/v2\/product_tag?post=949"}],"curies":[{"name":"wp","href":"https:\/\/api.w.org\/{rel}","templated":true}]}}