{"id":3950,"date":"2025-06-24T14:34:07","date_gmt":"2025-06-24T14:34:07","guid":{"rendered":"https:\/\/ciaobella.com.pl\/?post_type=product&#038;p=3950"},"modified":"2025-06-24T14:44:11","modified_gmt":"2025-06-24T14:44:11","slug":"set-mallorca","status":"publish","type":"product","link":"https:\/\/ciaobella.com.pl\/index.php\/product\/set-mallorca\/","title":{"rendered":"Set Mallorca"},"content":{"rendered":"<p>Mallorca to set, kt\u00f3ry przenosi nas w magiczny \u015bwiat pe\u0142en \u017cycia i rado\u015bci. Inspiruj\u0105cy i niezwykle kolorowy, ten set jest doskona\u0142y dla wszystkich mi\u0142o\u015bnik\u00f3w natury i pi\u0119kna kwiat\u00f3w.<\/p>\n<p>G\u0142\u00f3wnym elementem tego zestawu jest wi\u0105zana koszula w r\u00f3\u017cnokolorowe kwiaty, kt\u00f3re zachwycaj\u0105 swoj\u0105 r\u00f3\u017cnorodno\u015bci\u0105 i intensywno\u015bci\u0105 kolor\u00f3w oraz d\u0142uga, efektowna sp\u00f3dnica maxi. Set Mallorca to idealne rozwi\u0105zanie dla os\u00f3b, kt\u00f3re chc\u0105 wprowadzi\u0107 do swojej szafy kolory w eleganckim stylu. Zestaw Mallorca wyr\u00f3\u017cnia si\u0119 nie tylko swoim urokiem, ale r\u00f3wnie\u017c jako\u015bci\u0105 i trwa\u0142o\u015bci\u0105 wykonania, dzi\u0119ki czemu b\u0119dziesz mog\u0142a cieszy\u0107 si\u0119 nim przez d\u0142ugi czas.<\/p>\n<p>Sp\u00f3dnica maxi to elegancki i wyj\u0105tkowo kobiecy element garderoby, kt\u00f3ry charakteryzuje si\u0119 d\u0142ugim krojem si\u0119gaj\u0105cym do kostek lub nawet pod\u0142ogi. Jest to idealna opcja zar\u00f3wno na specjalne okazje, jak i na codzienne stylizacje.<br \/>\nWykonana z lekkiego i zwiewnego materia\u0142u, sp\u00f3dnica maxi doskonale uk\u0142ada si\u0119 na sylwetce, podkre\u015blaj\u0105c jej pi\u0119kno i delikatno\u015b\u0107. Dzi\u0119ki swojej d\u0142ugo\u015bci, pozwala zakry\u0107 nogi w pe\u0142nym zakresie, co sprawia, \u017ce jest to szczeg\u00f3lnie atrakcyjna opcja dla os\u00f3b ceni\u0105cych sobie komfort oraz pragn\u0105cych zachowa\u0107 pewn\u0105 tajemniczo\u015b\u0107 w swoim ubiorze.<br \/>\nSp\u00f3dnica maxi jest r\u00f3wnie\u017c niezwykle wszechstronna, gdy\u017c mo\u017ce by\u0107 noszona na wiele r\u00f3\u017cnych sposob\u00f3w. Mo\u017cna j\u0105 zestawi\u0107 z lu\u017an\u0105 bluzk\u0105 i sanda\u0142ami na p\u0142askim obcasie, aby stworzy\u0107 casualow\u0105, letni\u0105 stylizacj\u0119. Natomiast dodanie eleganckiej bluzki i wysokich obcas\u00f3w pozwoli na stworzenie wieczorowej, formalnej kreacji.<br \/>\nTa modna sp\u00f3dnica jest r\u00f3wnie\u017c rozwi\u0105zaniem dla wszystkich os\u00f3b, kt\u00f3re ceni\u0105 sobie swobod\u0119 ruchu. Dzi\u0119ki swojemu d\u0142ugiemu krojowi, zapewnia wygod\u0119 i elastyczno\u015b\u0107 nawet podczas intensywnych aktywno\u015bci.<br \/>\nNiepowtarzalny wygl\u0105d i ponadczasowy styl to atuty, kt\u00f3re przyci\u0105gaj\u0105 uwag\u0119 wielu kobiet. Dzi\u0119ki sp\u00f3dnicy maxi mo\u017cemy wyrazi\u0107 swoj\u0105 indywidualno\u015b\u0107 i poczu\u0107 si\u0119 wyj\u0105tkowo w ka\u017cdej sytuacji. To doskona\u0142y wyb\u00f3r zar\u00f3wno dla mi\u0142o\u015bniczek romantycznego stylu, jak i dla tych, kt\u00f3re poszukuj\u0105 oryginalnych i nietuzinkowych rozwi\u0105za\u0144 modowych.<\/p>\n<p>Zestaw dost\u0119pny jest w rozmiarach S, M oraz L.<\/p>\n<p>Sk\u0142ad: 100% bawe\u0142na<\/p>\n<p>&nbsp;<\/p>\n","protected":false},"excerpt":{"rendered":"<p>Mallorca to set, kt\u00f3ry przenosi nas w magiczny \u015bwiat pe\u0142en \u017cycia i rado\u015bci. Inspiruj\u0105cy i niezwykle kolorowy, ten set jest doskona\u0142y dla wszystkich mi\u0142o\u015bnik\u00f3w natury i pi\u0119kna kwiat\u00f3w. G\u0142\u00f3wnym elementem tego zestawu jest wi\u0105zana koszula w r\u00f3\u017cnokolorowe kwiaty, kt\u00f3re zachwycaj\u0105 swoj\u0105 r\u00f3\u017cnorodno\u015bci\u0105 i intensywno\u015bci\u0105 kolor\u00f3w oraz d\u0142uga, efektowna sp\u00f3dnica maxi. Set Mallorca to idealne rozwi\u0105zanie [&hellip;]<\/p>\n","protected":false},"featured_media":3954,"comment_status":"open","ping_status":"closed","template":"","meta":{"_monsterinsights_skip_tracking":false,"_monsterinsights_sitenote_active":false,"_monsterinsights_sitenote_note":"","_monsterinsights_sitenote_category":0},"product_brand":[],"product_cat":[52,16],"product_tag":[],"class_list":{"0":"post-3950","1":"product","2":"type-product","3":"status-publish","4":"has-post-thumbnail","6":"product_cat-nowosci","7":"product_cat-spodnice","9":"first","10":"instock","11":"shipping-taxable","12":"purchasable","13":"product-type-variable"},"_links":{"self":[{"href":"https:\/\/ciaobella.com.pl\/index.php\/wp-json\/wp\/v2\/product\/3950","targetHints":{"allow":["GET"]}}],"collection":[{"href":"https:\/\/ciaobella.com.pl\/index.php\/wp-json\/wp\/v2\/product"}],"about":[{"href":"https:\/\/ciaobella.com.pl\/index.php\/wp-json\/wp\/v2\/types\/product"}],"replies":[{"embeddable":true,"href":"https:\/\/ciaobella.com.pl\/index.php\/wp-json\/wp\/v2\/comments?post=3950"}],"version-history":[{"count":3,"href":"https:\/\/ciaobella.com.pl\/index.php\/wp-json\/wp\/v2\/product\/3950\/revisions"}],"predecessor-version":[{"id":3962,"href":"https:\/\/ciaobella.com.pl\/index.php\/wp-json\/wp\/v2\/product\/3950\/revisions\/3962"}],"wp:featuredmedia":[{"embeddable":true,"href":"https:\/\/ciaobella.com.pl\/index.php\/wp-json\/wp\/v2\/media\/3954"}],"wp:attachment":[{"href":"https:\/\/ciaobella.com.pl\/index.php\/wp-json\/wp\/v2\/media?parent=3950"}],"wp:term":[{"taxonomy":"product_brand","embeddable":true,"href":"https:\/\/ciaobella.com.pl\/index.php\/wp-json\/wp\/v2\/product_brand?post=3950"},{"taxonomy":"product_cat","embeddable":true,"href":"https:\/\/ciaobella.com.pl\/index.php\/wp-json\/wp\/v2\/product_cat?post=3950"},{"taxonomy":"product_tag","embeddable":true,"href":"https:\/\/ciaobella.com.pl\/index.php\/wp-json\/wp\/v2\/product_tag?post=3950"}],"curies":[{"name":"wp","href":"https:\/\/api.w.org\/{rel}","templated":true}]}}