{"id":3887,"date":"2025-06-23T10:16:02","date_gmt":"2025-06-23T10:16:02","guid":{"rendered":"https:\/\/ciaobella.com.pl\/?post_type=product&#038;p=3887"},"modified":"2025-07-01T13:47:42","modified_gmt":"2025-07-01T13:47:42","slug":"marynarka-marbella","status":"publish","type":"product","link":"https:\/\/ciaobella.com.pl\/index.php\/product\/marynarka-marbella\/","title":{"rendered":"Marynarka Marbella"},"content":{"rendered":"<div>Marynarka Marbella \u2013 R\u00f3\u017cowa z Obszywanymi Guzikami<\/div>\n<div><\/div>\n<div>Klasyczna forma, nowoczesny kolor.<\/div>\n<div>Marynarka Marbella w r\u00f3\u017cowym odcieniu to propozycja dla kobiet, kt\u00f3re lubi\u0105 \u0142\u0105czy\u0107 klasyk\u0119 z odwa\u017cnym stylem. R\u0119cznie obszywane guziki nadaj\u0105 jej elegancki charakter, a dopracowany kr\u00f3j \u015bwietnie uk\u0142ada si\u0119 na sylwetce.<\/div>\n<div><\/div>\n<div>To uniwersalna baza do stylizacji \u2013 sprawdzi si\u0119 zar\u00f3wno podczas formalnych spotka\u0144, w zestawie z garniturowymi spodniami i butami, jak i w wersji casualowej \u2013 z jeansami i sneakersami.<\/div>\n<div><\/div>\n<div>Zestaw j\u0105 z:<\/div>\n<div>\u2022kamizelk\u0105 Miami z odkrytymi plecami \u2013 idealna na lato, kobieca i lekka,<\/div>\n<div>\u2022kamizelk\u0105 Malibu \u2013 klasyczna, ale prze\u0142amana kolorem, tworzy modny i sp\u00f3jny total look.<\/div>\n","protected":false},"excerpt":{"rendered":"<p>Marynarka Marbella \u2013 R\u00f3\u017cowa z Obszywanymi Guzikami Klasyczna forma, nowoczesny kolor. Marynarka Marbella w r\u00f3\u017cowym odcieniu to propozycja dla kobiet, kt\u00f3re lubi\u0105 \u0142\u0105czy\u0107 klasyk\u0119 z odwa\u017cnym stylem. R\u0119cznie obszywane guziki nadaj\u0105 jej elegancki charakter, a dopracowany kr\u00f3j \u015bwietnie uk\u0142ada si\u0119 na sylwetce. To uniwersalna baza do stylizacji \u2013 sprawdzi si\u0119 zar\u00f3wno podczas formalnych spotka\u0144, w [&hellip;]<\/p>\n","protected":false},"featured_media":3892,"comment_status":"open","ping_status":"closed","template":"","meta":{"_monsterinsights_skip_tracking":false,"_monsterinsights_sitenote_active":false,"_monsterinsights_sitenote_note":"","_monsterinsights_sitenote_category":0},"product_brand":[],"product_cat":[19,52],"product_tag":[],"class_list":{"0":"post-3887","1":"product","2":"type-product","3":"status-publish","4":"has-post-thumbnail","6":"product_cat-marynarki","7":"product_cat-nowosci","9":"first","10":"instock","11":"shipping-taxable","12":"purchasable","13":"product-type-variable"},"_links":{"self":[{"href":"https:\/\/ciaobella.com.pl\/index.php\/wp-json\/wp\/v2\/product\/3887","targetHints":{"allow":["GET"]}}],"collection":[{"href":"https:\/\/ciaobella.com.pl\/index.php\/wp-json\/wp\/v2\/product"}],"about":[{"href":"https:\/\/ciaobella.com.pl\/index.php\/wp-json\/wp\/v2\/types\/product"}],"replies":[{"embeddable":true,"href":"https:\/\/ciaobella.com.pl\/index.php\/wp-json\/wp\/v2\/comments?post=3887"}],"version-history":[{"count":1,"href":"https:\/\/ciaobella.com.pl\/index.php\/wp-json\/wp\/v2\/product\/3887\/revisions"}],"predecessor-version":[{"id":3896,"href":"https:\/\/ciaobella.com.pl\/index.php\/wp-json\/wp\/v2\/product\/3887\/revisions\/3896"}],"wp:featuredmedia":[{"embeddable":true,"href":"https:\/\/ciaobella.com.pl\/index.php\/wp-json\/wp\/v2\/media\/3892"}],"wp:attachment":[{"href":"https:\/\/ciaobella.com.pl\/index.php\/wp-json\/wp\/v2\/media?parent=3887"}],"wp:term":[{"taxonomy":"product_brand","embeddable":true,"href":"https:\/\/ciaobella.com.pl\/index.php\/wp-json\/wp\/v2\/product_brand?post=3887"},{"taxonomy":"product_cat","embeddable":true,"href":"https:\/\/ciaobella.com.pl\/index.php\/wp-json\/wp\/v2\/product_cat?post=3887"},{"taxonomy":"product_tag","embeddable":true,"href":"https:\/\/ciaobella.com.pl\/index.php\/wp-json\/wp\/v2\/product_tag?post=3887"}],"curies":[{"name":"wp","href":"https:\/\/api.w.org\/{rel}","templated":true}]}}