{"id":3876,"date":"2025-06-23T10:07:52","date_gmt":"2025-06-23T10:07:52","guid":{"rendered":"https:\/\/ciaobella.com.pl\/?post_type=product&#038;p=3876"},"modified":"2025-09-08T08:31:01","modified_gmt":"2025-09-08T08:31:01","slug":"kamizelka-klasyczna-malibu","status":"publish","type":"product","link":"https:\/\/ciaobella.com.pl\/index.php\/product\/kamizelka-klasyczna-malibu\/","title":{"rendered":"Kamizelka klasyczna Malibu"},"content":{"rendered":"<div>Kamizelka Malibu \u2013 R\u00f3\u017cowa, Klasyczna z Twistem<\/div>\n<div><\/div>\n<div>Klasyka z charakterem.<\/div>\n<div>Kamizelka Malibu to ponadczasowy fason, kt\u00f3ry zyska\u0142 zupe\u0142nie nowe oblicze dzi\u0119ki intensywnemu, r\u00f3\u017cowemu kolorowi. To idealny przyk\u0142ad stylu \u201equiet luxury\u201d z nut\u0105 wyrazisto\u015bci. Dobrze dopasowana, z eleganckim wyko\u0144czeniem i obszywanymi guzikami, stanowi \u015bwietne uzupe\u0142nienie wielu stylizacji.<\/div>\n<div><\/div>\n<div>Za\u0142\u00f3\u017c j\u0105 na co dzie\u0144 \u2013 do jeans\u00f3w i T-shirtu \u2013 albo jako cz\u0119\u015b\u0107 eleganckiego zestawu z marynark\u0105 Marbella.<\/div>\n<div><\/div>\n<div>Dlaczego j\u0105 pokochasz:<\/div>\n<div>\u2022klasyczny fason z modowym akcentem,<\/div>\n<div>\n<p>\u2022uniwersalna \u2013 sprawdzi si\u0119 od rana do wieczora.<\/p>\n<p>To Tw\u00f3j HIT stylizacji!<\/p>\n<p><img fetchpriority=\"high\" decoding=\"async\" class=\"alignnone wp-image-3973\" src=\"https:\/\/ciaobella.com.pl\/wp-content\/uploads\/2025\/06\/kamizelka-Malibu-1-300x150.png\" alt=\"\" width=\"562\" height=\"281\" srcset=\"https:\/\/ciaobella.com.pl\/wp-content\/uploads\/2025\/06\/kamizelka-Malibu-1-300x150.png 300w, https:\/\/ciaobella.com.pl\/wp-content\/uploads\/2025\/06\/kamizelka-Malibu-1-768x384.png 768w, https:\/\/ciaobella.com.pl\/wp-content\/uploads\/2025\/06\/kamizelka-Malibu-1-600x300.png 600w, https:\/\/ciaobella.com.pl\/wp-content\/uploads\/2025\/06\/kamizelka-Malibu-1.png 1000w\" sizes=\"(max-width: 562px) 100vw, 562px\" \/><\/p>\n<p>&nbsp;<\/p>\n<\/div>\n","protected":false},"excerpt":{"rendered":"<p>Kamizelka Malibu \u2013 R\u00f3\u017cowa, Klasyczna z Twistem Klasyka z charakterem. Kamizelka Malibu to ponadczasowy fason, kt\u00f3ry zyska\u0142 zupe\u0142nie nowe oblicze dzi\u0119ki intensywnemu, r\u00f3\u017cowemu kolorowi. To idealny przyk\u0142ad stylu \u201equiet luxury\u201d z nut\u0105 wyrazisto\u015bci. Dobrze dopasowana, z eleganckim wyko\u0144czeniem i obszywanymi guzikami, stanowi \u015bwietne uzupe\u0142nienie wielu stylizacji. Za\u0142\u00f3\u017c j\u0105 na co dzie\u0144 \u2013 do jeans\u00f3w i [&hellip;]<\/p>\n","protected":false},"featured_media":3884,"comment_status":"open","ping_status":"closed","template":"","meta":{"_monsterinsights_skip_tracking":false,"_monsterinsights_sitenote_active":false,"_monsterinsights_sitenote_note":"","_monsterinsights_sitenote_category":0},"product_brand":[],"product_cat":[75,52],"product_tag":[],"class_list":{"0":"post-3876","1":"product","2":"type-product","3":"status-publish","4":"has-post-thumbnail","6":"product_cat-kamizelka","7":"product_cat-nowosci","9":"first","10":"instock","11":"shipping-taxable","12":"purchasable","13":"product-type-variable"},"_links":{"self":[{"href":"https:\/\/ciaobella.com.pl\/index.php\/wp-json\/wp\/v2\/product\/3876","targetHints":{"allow":["GET"]}}],"collection":[{"href":"https:\/\/ciaobella.com.pl\/index.php\/wp-json\/wp\/v2\/product"}],"about":[{"href":"https:\/\/ciaobella.com.pl\/index.php\/wp-json\/wp\/v2\/types\/product"}],"replies":[{"embeddable":true,"href":"https:\/\/ciaobella.com.pl\/index.php\/wp-json\/wp\/v2\/comments?post=3876"}],"version-history":[{"count":6,"href":"https:\/\/ciaobella.com.pl\/index.php\/wp-json\/wp\/v2\/product\/3876\/revisions"}],"predecessor-version":[{"id":3976,"href":"https:\/\/ciaobella.com.pl\/index.php\/wp-json\/wp\/v2\/product\/3876\/revisions\/3976"}],"wp:featuredmedia":[{"embeddable":true,"href":"https:\/\/ciaobella.com.pl\/index.php\/wp-json\/wp\/v2\/media\/3884"}],"wp:attachment":[{"href":"https:\/\/ciaobella.com.pl\/index.php\/wp-json\/wp\/v2\/media?parent=3876"}],"wp:term":[{"taxonomy":"product_brand","embeddable":true,"href":"https:\/\/ciaobella.com.pl\/index.php\/wp-json\/wp\/v2\/product_brand?post=3876"},{"taxonomy":"product_cat","embeddable":true,"href":"https:\/\/ciaobella.com.pl\/index.php\/wp-json\/wp\/v2\/product_cat?post=3876"},{"taxonomy":"product_tag","embeddable":true,"href":"https:\/\/ciaobella.com.pl\/index.php\/wp-json\/wp\/v2\/product_tag?post=3876"}],"curies":[{"name":"wp","href":"https:\/\/api.w.org\/{rel}","templated":true}]}}