{"id":3867,"date":"2025-06-23T09:58:38","date_gmt":"2025-06-23T09:58:38","guid":{"rendered":"https:\/\/ciaobella.com.pl\/?post_type=product&#038;p=3867"},"modified":"2025-09-08T08:34:13","modified_gmt":"2025-09-08T08:34:13","slug":"kamizelka-miami-rozowa-z-golymi-plecami","status":"publish","type":"product","link":"https:\/\/ciaobella.com.pl\/index.php\/product\/kamizelka-miami-rozowa-z-golymi-plecami\/","title":{"rendered":"Kamizelka Miami \u2013 R\u00f3\u017cowa z Go\u0142ymi Plecami"},"content":{"rendered":"<div>Zmys\u0142owa, lekka i stworzona na lato.<\/div>\n<div>Kamizelka Miami w intensywnym r\u00f3\u017cu to odwa\u017cna propozycja dla kobiet, kt\u00f3re chc\u0105 podkre\u015bli\u0107 sylwetk\u0119 i nie boj\u0105 si\u0119 ods\u0142oni\u0107 plec\u00f3w. Wyci\u0119cie na plecach nadaje jej wyj\u0105tkowy charakter, a obszywane guziki dope\u0142niaj\u0105 ca\u0142o\u015bci eleganckim detalem.<\/div>\n<div><\/div>\n<div>To idealny wyb\u00f3r na ciep\u0142e dni \u2013 mo\u017cesz nosi\u0107 j\u0105 solo lub jako cz\u0119\u015b\u0107 zestawu z marynark\u0105 Marbella. \u015awietnie wygl\u0105da zar\u00f3wno z eleganckimi spodniami, jak i w swobodnej stylizacji z denimem.<\/div>\n<div><\/div>\n<div>Zalety:<\/div>\n<div>\u2022podkre\u015bla plecy i wysmukla sylwetk\u0119,<\/div>\n<div>\u2022idealna na letnie wyj\u015bcia i wyj\u0105tkowe okazje.<\/div>\n<div>To HIT Twoich letnich stylizacji!<\/div>\n<div><\/div>\n<div><img fetchpriority=\"high\" decoding=\"async\" class=\"alignnone wp-image-3977\" src=\"https:\/\/ciaobella.com.pl\/wp-content\/uploads\/2025\/06\/kamizelka-Miami-300x150.png\" alt=\"\" width=\"526\" height=\"263\" srcset=\"https:\/\/ciaobella.com.pl\/wp-content\/uploads\/2025\/06\/kamizelka-Miami-300x150.png 300w, https:\/\/ciaobella.com.pl\/wp-content\/uploads\/2025\/06\/kamizelka-Miami-768x384.png 768w, https:\/\/ciaobella.com.pl\/wp-content\/uploads\/2025\/06\/kamizelka-Miami-600x300.png 600w, https:\/\/ciaobella.com.pl\/wp-content\/uploads\/2025\/06\/kamizelka-Miami.png 1000w\" sizes=\"(max-width: 526px) 100vw, 526px\" \/><\/div>\n","protected":false},"excerpt":{"rendered":"<p>Zmys\u0142owa, lekka i stworzona na lato. Kamizelka Miami w intensywnym r\u00f3\u017cu to odwa\u017cna propozycja dla kobiet, kt\u00f3re chc\u0105 podkre\u015bli\u0107 sylwetk\u0119 i nie boj\u0105 si\u0119 ods\u0142oni\u0107 plec\u00f3w. Wyci\u0119cie na plecach nadaje jej wyj\u0105tkowy charakter, a obszywane guziki dope\u0142niaj\u0105 ca\u0142o\u015bci eleganckim detalem. To idealny wyb\u00f3r na ciep\u0142e dni \u2013 mo\u017cesz nosi\u0107 j\u0105 solo lub jako cz\u0119\u015b\u0107 zestawu [&hellip;]<\/p>\n","protected":false},"featured_media":3869,"comment_status":"open","ping_status":"closed","template":"","meta":{"_monsterinsights_skip_tracking":false,"_monsterinsights_sitenote_active":false,"_monsterinsights_sitenote_note":"","_monsterinsights_sitenote_category":0},"product_brand":[],"product_cat":[75,52],"product_tag":[],"class_list":{"0":"post-3867","1":"product","2":"type-product","3":"status-publish","4":"has-post-thumbnail","6":"product_cat-kamizelka","7":"product_cat-nowosci","9":"first","10":"instock","11":"shipping-taxable","12":"purchasable","13":"product-type-variable"},"_links":{"self":[{"href":"https:\/\/ciaobella.com.pl\/index.php\/wp-json\/wp\/v2\/product\/3867","targetHints":{"allow":["GET"]}}],"collection":[{"href":"https:\/\/ciaobella.com.pl\/index.php\/wp-json\/wp\/v2\/product"}],"about":[{"href":"https:\/\/ciaobella.com.pl\/index.php\/wp-json\/wp\/v2\/types\/product"}],"replies":[{"embeddable":true,"href":"https:\/\/ciaobella.com.pl\/index.php\/wp-json\/wp\/v2\/comments?post=3867"}],"version-history":[{"count":3,"href":"https:\/\/ciaobella.com.pl\/index.php\/wp-json\/wp\/v2\/product\/3867\/revisions"}],"predecessor-version":[{"id":3978,"href":"https:\/\/ciaobella.com.pl\/index.php\/wp-json\/wp\/v2\/product\/3867\/revisions\/3978"}],"wp:featuredmedia":[{"embeddable":true,"href":"https:\/\/ciaobella.com.pl\/index.php\/wp-json\/wp\/v2\/media\/3869"}],"wp:attachment":[{"href":"https:\/\/ciaobella.com.pl\/index.php\/wp-json\/wp\/v2\/media?parent=3867"}],"wp:term":[{"taxonomy":"product_brand","embeddable":true,"href":"https:\/\/ciaobella.com.pl\/index.php\/wp-json\/wp\/v2\/product_brand?post=3867"},{"taxonomy":"product_cat","embeddable":true,"href":"https:\/\/ciaobella.com.pl\/index.php\/wp-json\/wp\/v2\/product_cat?post=3867"},{"taxonomy":"product_tag","embeddable":true,"href":"https:\/\/ciaobella.com.pl\/index.php\/wp-json\/wp\/v2\/product_tag?post=3867"}],"curies":[{"name":"wp","href":"https:\/\/api.w.org\/{rel}","templated":true}]}}