{"id":3490,"date":"2024-11-22T16:07:50","date_gmt":"2024-11-22T16:07:50","guid":{"rendered":"https:\/\/ciaobella.com.pl\/?post_type=product&#038;p=3490"},"modified":"2025-09-08T08:45:33","modified_gmt":"2025-09-08T08:45:33","slug":"szara-marynarka-berlin","status":"publish","type":"product","link":"https:\/\/ciaobella.com.pl\/index.php\/product\/szara-marynarka-berlin\/","title":{"rendered":"Szara marynarka BERLIN"},"content":{"rendered":"<p class=\"p1\">Szara Marynarka Berlin ze z\u0142otymi<span class=\"Apple-converted-space\">\u00a0 <\/span>guzikami \u2013 Klasa i Elegancja w Jednym<\/p>\n<p class=\"p1\">Odkryj perfekcj\u0119 w detalach dzi\u0119ki naszej szarej marynarce Berlin, kt\u00f3ra podkre\u015bla tali\u0119, tworz\u0105c niezwykle kobiecy i elegancki fason. Zapinana na efektowne z\u0142ote guziki, stanowi idealne po\u0142\u0105czenie klasycznego stylu z nowoczesnym wyrafinowaniem. Wykonana z wysokiej jako\u015bci materia\u0142u, marynarka zapewnia komfort noszenia przez ca\u0142y dzie\u0144.<\/p>\n<p class=\"p1\">Stw\u00f3rz kompletn\u0105 stylizacj\u0119, \u0142\u0105cz\u0105c j\u0105 ze spodniami Como i kamizelk\u0105 Verona wykonanymi z tego samego materia\u0142u. To idealny zestaw na biznesowe spotkania, wa\u017cne okazje czy codzienne wyj\u015bcia, kiedy chcesz wygl\u0105da\u0107 stylowo i profesjonalnie.<\/p>\n<p class=\"p1\">Podkre\u015bl swoj\u0105 wyj\u0105tkowo\u015b\u0107 i poczuj si\u0119 pewnie w naszym zestawie, kt\u00f3ry zachwyca dba\u0142o\u015bci\u0105 o szczeg\u00f3\u0142y i uniwersalnym designem.<\/p>\n<p><img fetchpriority=\"high\" decoding=\"async\" class=\"alignnone  wp-image-3989\" src=\"https:\/\/ciaobella.com.pl\/wp-content\/uploads\/2024\/11\/szara-marynarka-nie-oversize-300x150.png\" alt=\"\" width=\"496\" height=\"248\" srcset=\"https:\/\/ciaobella.com.pl\/wp-content\/uploads\/2024\/11\/szara-marynarka-nie-oversize-300x150.png 300w, https:\/\/ciaobella.com.pl\/wp-content\/uploads\/2024\/11\/szara-marynarka-nie-oversize-768x384.png 768w, https:\/\/ciaobella.com.pl\/wp-content\/uploads\/2024\/11\/szara-marynarka-nie-oversize-600x300.png 600w, https:\/\/ciaobella.com.pl\/wp-content\/uploads\/2024\/11\/szara-marynarka-nie-oversize.png 1000w\" sizes=\"(max-width: 496px) 100vw, 496px\" \/><\/p>\n<p>&nbsp;<\/p>\n","protected":false},"excerpt":{"rendered":"<p>Szara Marynarka Berlin ze z\u0142otymi\u00a0 guzikami \u2013 Klasa i Elegancja w Jednym Odkryj perfekcj\u0119 w detalach dzi\u0119ki naszej szarej marynarce Berlin, kt\u00f3ra podkre\u015bla tali\u0119, tworz\u0105c niezwykle kobiecy i elegancki fason. Zapinana na efektowne z\u0142ote guziki, stanowi idealne po\u0142\u0105czenie klasycznego stylu z nowoczesnym wyrafinowaniem. Wykonana z wysokiej jako\u015bci materia\u0142u, marynarka zapewnia komfort noszenia przez ca\u0142y dzie\u0144. [&hellip;]<\/p>\n","protected":false},"featured_media":3943,"comment_status":"open","ping_status":"closed","template":"","meta":{"_monsterinsights_skip_tracking":false,"_monsterinsights_sitenote_active":false,"_monsterinsights_sitenote_note":"","_monsterinsights_sitenote_category":0},"product_brand":[],"product_cat":[52],"product_tag":[],"class_list":{"0":"post-3490","1":"product","2":"type-product","3":"status-publish","4":"has-post-thumbnail","6":"product_cat-nowosci","8":"first","9":"instock","10":"shipping-taxable","11":"purchasable","12":"product-type-variable"},"_links":{"self":[{"href":"https:\/\/ciaobella.com.pl\/index.php\/wp-json\/wp\/v2\/product\/3490","targetHints":{"allow":["GET"]}}],"collection":[{"href":"https:\/\/ciaobella.com.pl\/index.php\/wp-json\/wp\/v2\/product"}],"about":[{"href":"https:\/\/ciaobella.com.pl\/index.php\/wp-json\/wp\/v2\/types\/product"}],"replies":[{"embeddable":true,"href":"https:\/\/ciaobella.com.pl\/index.php\/wp-json\/wp\/v2\/comments?post=3490"}],"version-history":[{"count":7,"href":"https:\/\/ciaobella.com.pl\/index.php\/wp-json\/wp\/v2\/product\/3490\/revisions"}],"predecessor-version":[{"id":3990,"href":"https:\/\/ciaobella.com.pl\/index.php\/wp-json\/wp\/v2\/product\/3490\/revisions\/3990"}],"wp:featuredmedia":[{"embeddable":true,"href":"https:\/\/ciaobella.com.pl\/index.php\/wp-json\/wp\/v2\/media\/3943"}],"wp:attachment":[{"href":"https:\/\/ciaobella.com.pl\/index.php\/wp-json\/wp\/v2\/media?parent=3490"}],"wp:term":[{"taxonomy":"product_brand","embeddable":true,"href":"https:\/\/ciaobella.com.pl\/index.php\/wp-json\/wp\/v2\/product_brand?post=3490"},{"taxonomy":"product_cat","embeddable":true,"href":"https:\/\/ciaobella.com.pl\/index.php\/wp-json\/wp\/v2\/product_cat?post=3490"},{"taxonomy":"product_tag","embeddable":true,"href":"https:\/\/ciaobella.com.pl\/index.php\/wp-json\/wp\/v2\/product_tag?post=3490"}],"curies":[{"name":"wp","href":"https:\/\/api.w.org\/{rel}","templated":true}]}}