{"id":3483,"date":"2024-11-22T16:11:26","date_gmt":"2024-11-22T16:11:26","guid":{"rendered":"https:\/\/ciaobella.com.pl\/?post_type=product&#038;p=3483"},"modified":"2025-09-08T08:46:54","modified_gmt":"2025-09-08T08:46:54","slug":"szara-marynarka-chicago","status":"publish","type":"product","link":"https:\/\/ciaobella.com.pl\/index.php\/product\/szara-marynarka-chicago\/","title":{"rendered":"Szara marynarka CHICAGO"},"content":{"rendered":"<p>Szara marynarka CHICAGO o kroju oversize ze z\u0142otymi guzikami \u2013 szyk i luz w jednym<br \/>\nMarynarka Chicago w stylu oversize to po\u0142\u0105czenie elegancji i swobody. Jej lu\u017any kr\u00f3j zapewnia komfort i nadaje stylizacji modnego, nonszalanckiego charakteru. Z\u0142ote guziki stanowi\u0105 subtelny, ale efektowny akcent, kt\u00f3ry dodaje ca\u0142o\u015bci szyku i wyj\u0105tkowo\u015bci.<br \/>\nIdealnie sprawdzi si\u0119 zar\u00f3wno w formalnych zestawach z dopasowanymi spodniami i koszul\u0105, jak i w casualowych stylizacjach z T-shirtem i jeansami. Uniwersalny szary kolor czyni j\u0105 wszechstronnym elementem garderoby, kt\u00f3ry \u0142atwo dopasujesz do ka\u017cdej okazji. Postaw na ponadczasowy styl w nowoczesnym wydaniu!<\/p>\n<p><strong>PRODUKT W PRZEDSPRZEDA\u017bY. Czas oczekiwania: 14 dni.<\/strong><\/p>\n<p><img fetchpriority=\"high\" decoding=\"async\" class=\"alignnone wp-image-3992\" src=\"https:\/\/ciaobella.com.pl\/wp-content\/uploads\/2024\/11\/szara-marynarka-oversize-300x150.png\" alt=\"\" width=\"542\" height=\"271\" srcset=\"https:\/\/ciaobella.com.pl\/wp-content\/uploads\/2024\/11\/szara-marynarka-oversize-300x150.png 300w, https:\/\/ciaobella.com.pl\/wp-content\/uploads\/2024\/11\/szara-marynarka-oversize-768x384.png 768w, https:\/\/ciaobella.com.pl\/wp-content\/uploads\/2024\/11\/szara-marynarka-oversize-600x300.png 600w, https:\/\/ciaobella.com.pl\/wp-content\/uploads\/2024\/11\/szara-marynarka-oversize.png 1000w\" sizes=\"(max-width: 542px) 100vw, 542px\" \/><\/p>\n","protected":false},"excerpt":{"rendered":"<p>Szara marynarka CHICAGO o kroju oversize ze z\u0142otymi guzikami \u2013 szyk i luz w jednym Marynarka Chicago w stylu oversize to po\u0142\u0105czenie elegancji i swobody. Jej lu\u017any kr\u00f3j zapewnia komfort i nadaje stylizacji modnego, nonszalanckiego charakteru. Z\u0142ote guziki stanowi\u0105 subtelny, ale efektowny akcent, kt\u00f3ry dodaje ca\u0142o\u015bci szyku i wyj\u0105tkowo\u015bci. Idealnie sprawdzi si\u0119 zar\u00f3wno w formalnych [&hellip;]<\/p>\n","protected":false},"featured_media":3945,"comment_status":"open","ping_status":"closed","template":"","meta":{"_monsterinsights_skip_tracking":false,"_monsterinsights_sitenote_active":false,"_monsterinsights_sitenote_note":"","_monsterinsights_sitenote_category":0},"product_brand":[],"product_cat":[52],"product_tag":[],"class_list":{"0":"post-3483","1":"product","2":"type-product","3":"status-publish","4":"has-post-thumbnail","6":"product_cat-nowosci","8":"first","9":"instock","10":"shipping-taxable","11":"purchasable","12":"product-type-variable"},"_links":{"self":[{"href":"https:\/\/ciaobella.com.pl\/index.php\/wp-json\/wp\/v2\/product\/3483","targetHints":{"allow":["GET"]}}],"collection":[{"href":"https:\/\/ciaobella.com.pl\/index.php\/wp-json\/wp\/v2\/product"}],"about":[{"href":"https:\/\/ciaobella.com.pl\/index.php\/wp-json\/wp\/v2\/types\/product"}],"replies":[{"embeddable":true,"href":"https:\/\/ciaobella.com.pl\/index.php\/wp-json\/wp\/v2\/comments?post=3483"}],"version-history":[{"count":5,"href":"https:\/\/ciaobella.com.pl\/index.php\/wp-json\/wp\/v2\/product\/3483\/revisions"}],"predecessor-version":[{"id":3994,"href":"https:\/\/ciaobella.com.pl\/index.php\/wp-json\/wp\/v2\/product\/3483\/revisions\/3994"}],"wp:featuredmedia":[{"embeddable":true,"href":"https:\/\/ciaobella.com.pl\/index.php\/wp-json\/wp\/v2\/media\/3945"}],"wp:attachment":[{"href":"https:\/\/ciaobella.com.pl\/index.php\/wp-json\/wp\/v2\/media?parent=3483"}],"wp:term":[{"taxonomy":"product_brand","embeddable":true,"href":"https:\/\/ciaobella.com.pl\/index.php\/wp-json\/wp\/v2\/product_brand?post=3483"},{"taxonomy":"product_cat","embeddable":true,"href":"https:\/\/ciaobella.com.pl\/index.php\/wp-json\/wp\/v2\/product_cat?post=3483"},{"taxonomy":"product_tag","embeddable":true,"href":"https:\/\/ciaobella.com.pl\/index.php\/wp-json\/wp\/v2\/product_tag?post=3483"}],"curies":[{"name":"wp","href":"https:\/\/api.w.org\/{rel}","templated":true}]}}