{"id":3459,"date":"2024-11-22T15:41:11","date_gmt":"2024-11-22T15:41:11","guid":{"rendered":"https:\/\/ciaobella.com.pl\/?post_type=product&#038;p=3459"},"modified":"2025-09-08T09:03:23","modified_gmt":"2025-09-08T09:03:23","slug":"szara-kamizelka-verona","status":"publish","type":"product","link":"https:\/\/ciaobella.com.pl\/index.php\/product\/szara-kamizelka-verona\/","title":{"rendered":"Szara kamizelka VERONA"},"content":{"rendered":"<p>Szara kamizelka VERONA to elegancja i nowoczesny szyk<br \/>\nKamizelka Verona to kwintesencja klasyki w nowoczesnym wydaniu. Dzi\u0119ki dopasowanemu krojowi i precyzyjnemu wyko\u0144czeniu podkre\u015bla sylwetk\u0119, nadaj\u0105c stylizacji elegancki charakter. Idealnie komponuje si\u0119 z naszymi szarymi spodniami Como, tworz\u0105c sp\u00f3jny i stylowy komplet na ka\u017cd\u0105 okazj\u0119 \u2013 od biurowych spotka\u0144 po wieczorne wyj\u015bcia.<br \/>\nUniwersalny szary kolor sprawia, \u017ce kamizelka doskonale pasuje tak\u017ce do innych element\u00f3w garderoby. Mo\u017cesz j\u0105 nosi\u0107 solo lub jako uzupe\u0142nienie marynarki, by podkre\u015bli\u0107 sw\u00f3j indywidualny styl.<br \/>\nTo must-have dla ka\u017cdej kobiety ceni\u0105cej szyk i wygod\u0119!<\/p>\n<p><img fetchpriority=\"high\" decoding=\"async\" class=\"alignnone wp-image-4007\" src=\"https:\/\/ciaobella.com.pl\/wp-content\/uploads\/2024\/11\/kamizelka-szara-verona-300x150.png\" alt=\"\" width=\"472\" height=\"236\" srcset=\"https:\/\/ciaobella.com.pl\/wp-content\/uploads\/2024\/11\/kamizelka-szara-verona-300x150.png 300w, https:\/\/ciaobella.com.pl\/wp-content\/uploads\/2024\/11\/kamizelka-szara-verona-768x384.png 768w, https:\/\/ciaobella.com.pl\/wp-content\/uploads\/2024\/11\/kamizelka-szara-verona-600x300.png 600w, https:\/\/ciaobella.com.pl\/wp-content\/uploads\/2024\/11\/kamizelka-szara-verona.png 1000w\" sizes=\"(max-width: 472px) 100vw, 472px\" \/><\/p>\n<p>&nbsp;<\/p>\n","protected":false},"excerpt":{"rendered":"<p>Szara kamizelka VERONA to elegancja i nowoczesny szyk Kamizelka Verona to kwintesencja klasyki w nowoczesnym wydaniu. Dzi\u0119ki dopasowanemu krojowi i precyzyjnemu wyko\u0144czeniu podkre\u015bla sylwetk\u0119, nadaj\u0105c stylizacji elegancki charakter. Idealnie komponuje si\u0119 z naszymi szarymi spodniami Como, tworz\u0105c sp\u00f3jny i stylowy komplet na ka\u017cd\u0105 okazj\u0119 \u2013 od biurowych spotka\u0144 po wieczorne wyj\u015bcia. Uniwersalny szary kolor sprawia, [&hellip;]<\/p>\n","protected":false},"featured_media":3926,"comment_status":"open","ping_status":"closed","template":"","meta":{"_monsterinsights_skip_tracking":false,"_monsterinsights_sitenote_active":false,"_monsterinsights_sitenote_note":"","_monsterinsights_sitenote_category":0},"product_brand":[],"product_cat":[75,52],"product_tag":[],"class_list":{"0":"post-3459","1":"product","2":"type-product","3":"status-publish","4":"has-post-thumbnail","6":"product_cat-kamizelka","7":"product_cat-nowosci","9":"first","10":"instock","11":"shipping-taxable","12":"purchasable","13":"product-type-variable"},"_links":{"self":[{"href":"https:\/\/ciaobella.com.pl\/index.php\/wp-json\/wp\/v2\/product\/3459","targetHints":{"allow":["GET"]}}],"collection":[{"href":"https:\/\/ciaobella.com.pl\/index.php\/wp-json\/wp\/v2\/product"}],"about":[{"href":"https:\/\/ciaobella.com.pl\/index.php\/wp-json\/wp\/v2\/types\/product"}],"replies":[{"embeddable":true,"href":"https:\/\/ciaobella.com.pl\/index.php\/wp-json\/wp\/v2\/comments?post=3459"}],"version-history":[{"count":5,"href":"https:\/\/ciaobella.com.pl\/index.php\/wp-json\/wp\/v2\/product\/3459\/revisions"}],"predecessor-version":[{"id":4008,"href":"https:\/\/ciaobella.com.pl\/index.php\/wp-json\/wp\/v2\/product\/3459\/revisions\/4008"}],"wp:featuredmedia":[{"embeddable":true,"href":"https:\/\/ciaobella.com.pl\/index.php\/wp-json\/wp\/v2\/media\/3926"}],"wp:attachment":[{"href":"https:\/\/ciaobella.com.pl\/index.php\/wp-json\/wp\/v2\/media?parent=3459"}],"wp:term":[{"taxonomy":"product_brand","embeddable":true,"href":"https:\/\/ciaobella.com.pl\/index.php\/wp-json\/wp\/v2\/product_brand?post=3459"},{"taxonomy":"product_cat","embeddable":true,"href":"https:\/\/ciaobella.com.pl\/index.php\/wp-json\/wp\/v2\/product_cat?post=3459"},{"taxonomy":"product_tag","embeddable":true,"href":"https:\/\/ciaobella.com.pl\/index.php\/wp-json\/wp\/v2\/product_tag?post=3459"}],"curies":[{"name":"wp","href":"https:\/\/api.w.org\/{rel}","templated":true}]}}