{"id":3449,"date":"2024-11-22T16:14:25","date_gmt":"2024-11-22T16:14:25","guid":{"rendered":"https:\/\/ciaobella.com.pl\/?post_type=product&#038;p=3449"},"modified":"2025-09-08T08:59:46","modified_gmt":"2025-09-08T08:59:46","slug":"casualowe-szare-spodnie-como","status":"publish","type":"product","link":"https:\/\/ciaobella.com.pl\/index.php\/product\/casualowe-szare-spodnie-como\/","title":{"rendered":"Casualowe szare spodnie COMO"},"content":{"rendered":"<p>Casualowe szare spodnie COMO o prostym kroju to stylowa uniwersalno\u015b\u0107<br \/>\nSpodnie Como to doskona\u0142y wyb\u00f3r dla mi\u0142o\u015bniczek klasyki w nowoczesnym wydaniu. Ich prosty kr\u00f3j subtelnie wyd\u0142u\u017ca nogi, nadaj\u0105c sylwetce lekko\u015bci i elegancji. Wysoki stan pi\u0119knie podkre\u015bla tali\u0119.<br \/>\nUniwersalny szary kolor sprawia, \u017ce spodnie \u015bwietnie sprawdz\u0105 si\u0119 zar\u00f3wno w codziennych zestawach z T-shirtem, jak i w bardziej formalnych stylizacjach z marynark\u0105 czy koszul\u0105. To ponadczasowy element garderoby, kt\u00f3ry b\u0119dzie idealnym wyborem na ka\u017cd\u0105 okazj\u0119!<\/p>\n<p><img fetchpriority=\"high\" decoding=\"async\" class=\"alignnone  wp-image-4005\" src=\"https:\/\/ciaobella.com.pl\/wp-content\/uploads\/2024\/11\/spodnie-warsaw_szare_tokio-300x150.png\" alt=\"\" width=\"508\" height=\"254\" srcset=\"https:\/\/ciaobella.com.pl\/wp-content\/uploads\/2024\/11\/spodnie-warsaw_szare_tokio-300x150.png 300w, https:\/\/ciaobella.com.pl\/wp-content\/uploads\/2024\/11\/spodnie-warsaw_szare_tokio-768x384.png 768w, https:\/\/ciaobella.com.pl\/wp-content\/uploads\/2024\/11\/spodnie-warsaw_szare_tokio-600x300.png 600w, https:\/\/ciaobella.com.pl\/wp-content\/uploads\/2024\/11\/spodnie-warsaw_szare_tokio.png 1000w\" sizes=\"(max-width: 508px) 100vw, 508px\" \/><\/p>\n<p>&nbsp;<\/p>\n","protected":false},"excerpt":{"rendered":"<p>Casualowe szare spodnie COMO o prostym kroju to stylowa uniwersalno\u015b\u0107 Spodnie Como to doskona\u0142y wyb\u00f3r dla mi\u0142o\u015bniczek klasyki w nowoczesnym wydaniu. Ich prosty kr\u00f3j subtelnie wyd\u0142u\u017ca nogi, nadaj\u0105c sylwetce lekko\u015bci i elegancji. Wysoki stan pi\u0119knie podkre\u015bla tali\u0119. Uniwersalny szary kolor sprawia, \u017ce spodnie \u015bwietnie sprawdz\u0105 si\u0119 zar\u00f3wno w codziennych zestawach z T-shirtem, jak i w [&hellip;]<\/p>\n","protected":false},"featured_media":3454,"comment_status":"open","ping_status":"closed","template":"","meta":{"_monsterinsights_skip_tracking":false,"_monsterinsights_sitenote_active":false,"_monsterinsights_sitenote_note":"","_monsterinsights_sitenote_category":0},"product_brand":[],"product_cat":[52,45],"product_tag":[],"class_list":{"0":"post-3449","1":"product","2":"type-product","3":"status-publish","4":"has-post-thumbnail","6":"product_cat-nowosci","7":"product_cat-spodnie","9":"first","10":"instock","11":"shipping-taxable","12":"purchasable","13":"product-type-variable"},"_links":{"self":[{"href":"https:\/\/ciaobella.com.pl\/index.php\/wp-json\/wp\/v2\/product\/3449","targetHints":{"allow":["GET"]}}],"collection":[{"href":"https:\/\/ciaobella.com.pl\/index.php\/wp-json\/wp\/v2\/product"}],"about":[{"href":"https:\/\/ciaobella.com.pl\/index.php\/wp-json\/wp\/v2\/types\/product"}],"replies":[{"embeddable":true,"href":"https:\/\/ciaobella.com.pl\/index.php\/wp-json\/wp\/v2\/comments?post=3449"}],"version-history":[{"count":5,"href":"https:\/\/ciaobella.com.pl\/index.php\/wp-json\/wp\/v2\/product\/3449\/revisions"}],"predecessor-version":[{"id":4006,"href":"https:\/\/ciaobella.com.pl\/index.php\/wp-json\/wp\/v2\/product\/3449\/revisions\/4006"}],"wp:featuredmedia":[{"embeddable":true,"href":"https:\/\/ciaobella.com.pl\/index.php\/wp-json\/wp\/v2\/media\/3454"}],"wp:attachment":[{"href":"https:\/\/ciaobella.com.pl\/index.php\/wp-json\/wp\/v2\/media?parent=3449"}],"wp:term":[{"taxonomy":"product_brand","embeddable":true,"href":"https:\/\/ciaobella.com.pl\/index.php\/wp-json\/wp\/v2\/product_brand?post=3449"},{"taxonomy":"product_cat","embeddable":true,"href":"https:\/\/ciaobella.com.pl\/index.php\/wp-json\/wp\/v2\/product_cat?post=3449"},{"taxonomy":"product_tag","embeddable":true,"href":"https:\/\/ciaobella.com.pl\/index.php\/wp-json\/wp\/v2\/product_tag?post=3449"}],"curies":[{"name":"wp","href":"https:\/\/api.w.org\/{rel}","templated":true}]}}