{"id":3439,"date":"2024-11-23T22:48:51","date_gmt":"2024-11-23T22:48:51","guid":{"rendered":"https:\/\/ciaobella.com.pl\/?post_type=product&#038;p=3439"},"modified":"2025-06-13T10:40:30","modified_gmt":"2025-06-13T10:40:30","slug":"casualowe-czarne-spodnie-bari-w-kant","status":"publish","type":"product","link":"https:\/\/ciaobella.com.pl\/index.php\/product\/casualowe-czarne-spodnie-bari-w-kant\/","title":{"rendered":"Casualowe czarne spodnie BARI w kant"},"content":{"rendered":"<p>Casualowe czarne spodnie BARI w kant \u2013 klasyka i wygoda w jednym<br \/>\nSpodnie Bari to idealne po\u0142\u0105czenie klasycznego stylu i komfortu. Wykonane z wysokiej jako\u015bci materia\u0142u, charakteryzuj\u0105 si\u0119 prostym krojem, kt\u00f3ry optycznie wyd\u0142u\u017ca nogi, dodaj\u0105c sylwetce smuk\u0142o\u015bci. Dzi\u0119ki wysokiemu stanowi podkre\u015blaj\u0105 tali\u0119, zapewniaj\u0105c elegancki i kobiecy wygl\u0105d.<br \/>\nSpodnie s\u0105 wyposa\u017cone w szlufki, kt\u00f3re pozwalaj\u0105 na uzupe\u0142nienie stylizacji ulubionym paskiem \u2013 dodaj\u0105c ca\u0142o\u015bci indywidualnego charakteru. Idealne do noszenia na co dzie\u0144 w casualowych zestawach, jak i w bardziej formalnych stylizacjach z marynark\u0105 Vegas lub koszul\u0105. To ponadczasowy element garderoby, kt\u00f3ry pasuje do wszystkiego!<\/p>\n","protected":false},"excerpt":{"rendered":"<p>Casualowe czarne spodnie BARI w kant \u2013 klasyka i wygoda w jednym Spodnie Bari to idealne po\u0142\u0105czenie klasycznego stylu i komfortu. Wykonane z wysokiej jako\u015bci materia\u0142u, charakteryzuj\u0105 si\u0119 prostym krojem, kt\u00f3ry optycznie wyd\u0142u\u017ca nogi, dodaj\u0105c sylwetce smuk\u0142o\u015bci. Dzi\u0119ki wysokiemu stanowi podkre\u015blaj\u0105 tali\u0119, zapewniaj\u0105c elegancki i kobiecy wygl\u0105d. Spodnie s\u0105 wyposa\u017cone w szlufki, kt\u00f3re pozwalaj\u0105 na [&hellip;]<\/p>\n","protected":false},"featured_media":3448,"comment_status":"open","ping_status":"closed","template":"","meta":{"_monsterinsights_skip_tracking":false,"_monsterinsights_sitenote_active":false,"_monsterinsights_sitenote_note":"","_monsterinsights_sitenote_category":0},"product_brand":[],"product_cat":[52,45],"product_tag":[],"class_list":{"0":"post-3439","1":"product","2":"type-product","3":"status-publish","4":"has-post-thumbnail","6":"product_cat-nowosci","7":"product_cat-spodnie","9":"first","10":"instock","11":"shipping-taxable","12":"purchasable","13":"product-type-variable"},"_links":{"self":[{"href":"https:\/\/ciaobella.com.pl\/index.php\/wp-json\/wp\/v2\/product\/3439","targetHints":{"allow":["GET"]}}],"collection":[{"href":"https:\/\/ciaobella.com.pl\/index.php\/wp-json\/wp\/v2\/product"}],"about":[{"href":"https:\/\/ciaobella.com.pl\/index.php\/wp-json\/wp\/v2\/types\/product"}],"replies":[{"embeddable":true,"href":"https:\/\/ciaobella.com.pl\/index.php\/wp-json\/wp\/v2\/comments?post=3439"}],"version-history":[{"count":2,"href":"https:\/\/ciaobella.com.pl\/index.php\/wp-json\/wp\/v2\/product\/3439\/revisions"}],"predecessor-version":[{"id":3630,"href":"https:\/\/ciaobella.com.pl\/index.php\/wp-json\/wp\/v2\/product\/3439\/revisions\/3630"}],"wp:featuredmedia":[{"embeddable":true,"href":"https:\/\/ciaobella.com.pl\/index.php\/wp-json\/wp\/v2\/media\/3448"}],"wp:attachment":[{"href":"https:\/\/ciaobella.com.pl\/index.php\/wp-json\/wp\/v2\/media?parent=3439"}],"wp:term":[{"taxonomy":"product_brand","embeddable":true,"href":"https:\/\/ciaobella.com.pl\/index.php\/wp-json\/wp\/v2\/product_brand?post=3439"},{"taxonomy":"product_cat","embeddable":true,"href":"https:\/\/ciaobella.com.pl\/index.php\/wp-json\/wp\/v2\/product_cat?post=3439"},{"taxonomy":"product_tag","embeddable":true,"href":"https:\/\/ciaobella.com.pl\/index.php\/wp-json\/wp\/v2\/product_tag?post=3439"}],"curies":[{"name":"wp","href":"https:\/\/api.w.org\/{rel}","templated":true}]}}