{"id":3434,"date":"2024-11-22T16:14:13","date_gmt":"2024-11-22T16:14:13","guid":{"rendered":"https:\/\/ciaobella.com.pl\/?post_type=product&#038;p=3434"},"modified":"2025-09-08T09:19:57","modified_gmt":"2025-09-08T09:19:57","slug":"czarna-kamizelka-z-golymi-plecami-portofino","status":"publish","type":"product","link":"https:\/\/ciaobella.com.pl\/index.php\/product\/czarna-kamizelka-z-golymi-plecami-portofino\/","title":{"rendered":"Czarna kamizelka z go\u0142ymi plecami PORTOFINO"},"content":{"rendered":"<p>Czarna kamizelka z go\u0142ymi plecami PORTOFINO<br \/>\nKamizelka bez plec\u00f3w Portofino to styl i elegancja w nowoczesnym wydaniu<br \/>\nCzarna kamizelka to kwintesencja szyku i kobieco\u015bci. Zapinana z przodu na guziki, wyr\u00f3\u017cnia si\u0119 odwa\u017cnym krojem, kt\u00f3ry pi\u0119knie eksponuje plecy, dodaj\u0105c stylizacji wyrafinowanego charakteru. Idealnie dopasowana, podkre\u015bla sylwetk\u0119 i sprawdzi si\u0119 zar\u00f3wno w eleganckich, jak i casualowych zestawach.<br \/>\nTo uniwersalny element garderoby, kt\u00f3ry mo\u017cesz zestawi\u0107 z naszymi spodniami Bari i marynark\u0105 Vegas, tworz\u0105c modny komplet na wyj\u0105tkowe okazje, lub nosi\u0107 solo, by doda\u0107 ka\u017cdej stylizacji nuty oryginalno\u015bci. Postaw na t\u0119 kamizelk\u0119, je\u015bli szukasz modnego detalu, kt\u00f3ry przyci\u0105gnie spojrzenia i podkre\u015bli Twoj\u0105 pewno\u015b\u0107 siebie!<\/p>\n<p><img fetchpriority=\"high\" decoding=\"async\" class=\"alignnone wp-image-3979\" src=\"https:\/\/ciaobella.com.pl\/wp-content\/uploads\/2024\/11\/kamizelka-portofino-300x150.png\" alt=\"\" width=\"588\" height=\"294\" srcset=\"https:\/\/ciaobella.com.pl\/wp-content\/uploads\/2024\/11\/kamizelka-portofino-300x150.png 300w, https:\/\/ciaobella.com.pl\/wp-content\/uploads\/2024\/11\/kamizelka-portofino-768x384.png 768w, https:\/\/ciaobella.com.pl\/wp-content\/uploads\/2024\/11\/kamizelka-portofino-600x300.png 600w, https:\/\/ciaobella.com.pl\/wp-content\/uploads\/2024\/11\/kamizelka-portofino.png 1000w\" sizes=\"(max-width: 588px) 100vw, 588px\" \/><\/p>\n","protected":false},"excerpt":{"rendered":"<p>Czarna kamizelka z go\u0142ymi plecami PORTOFINO Kamizelka bez plec\u00f3w Portofino to styl i elegancja w nowoczesnym wydaniu Czarna kamizelka to kwintesencja szyku i kobieco\u015bci. Zapinana z przodu na guziki, wyr\u00f3\u017cnia si\u0119 odwa\u017cnym krojem, kt\u00f3ry pi\u0119knie eksponuje plecy, dodaj\u0105c stylizacji wyrafinowanego charakteru. Idealnie dopasowana, podkre\u015bla sylwetk\u0119 i sprawdzi si\u0119 zar\u00f3wno w eleganckich, jak i casualowych zestawach. [&hellip;]<\/p>\n","protected":false},"featured_media":3933,"comment_status":"open","ping_status":"closed","template":"","meta":{"_monsterinsights_skip_tracking":false,"_monsterinsights_sitenote_active":false,"_monsterinsights_sitenote_note":"","_monsterinsights_sitenote_category":0},"product_brand":[],"product_cat":[52],"product_tag":[],"class_list":{"0":"post-3434","1":"product","2":"type-product","3":"status-publish","4":"has-post-thumbnail","6":"product_cat-nowosci","8":"first","9":"instock","10":"shipping-taxable","11":"purchasable","12":"product-type-variable"},"_links":{"self":[{"href":"https:\/\/ciaobella.com.pl\/index.php\/wp-json\/wp\/v2\/product\/3434","targetHints":{"allow":["GET"]}}],"collection":[{"href":"https:\/\/ciaobella.com.pl\/index.php\/wp-json\/wp\/v2\/product"}],"about":[{"href":"https:\/\/ciaobella.com.pl\/index.php\/wp-json\/wp\/v2\/types\/product"}],"replies":[{"embeddable":true,"href":"https:\/\/ciaobella.com.pl\/index.php\/wp-json\/wp\/v2\/comments?post=3434"}],"version-history":[{"count":7,"href":"https:\/\/ciaobella.com.pl\/index.php\/wp-json\/wp\/v2\/product\/3434\/revisions"}],"predecessor-version":[{"id":3634,"href":"https:\/\/ciaobella.com.pl\/index.php\/wp-json\/wp\/v2\/product\/3434\/revisions\/3634"}],"wp:featuredmedia":[{"embeddable":true,"href":"https:\/\/ciaobella.com.pl\/index.php\/wp-json\/wp\/v2\/media\/3933"}],"wp:attachment":[{"href":"https:\/\/ciaobella.com.pl\/index.php\/wp-json\/wp\/v2\/media?parent=3434"}],"wp:term":[{"taxonomy":"product_brand","embeddable":true,"href":"https:\/\/ciaobella.com.pl\/index.php\/wp-json\/wp\/v2\/product_brand?post=3434"},{"taxonomy":"product_cat","embeddable":true,"href":"https:\/\/ciaobella.com.pl\/index.php\/wp-json\/wp\/v2\/product_cat?post=3434"},{"taxonomy":"product_tag","embeddable":true,"href":"https:\/\/ciaobella.com.pl\/index.php\/wp-json\/wp\/v2\/product_tag?post=3434"}],"curies":[{"name":"wp","href":"https:\/\/api.w.org\/{rel}","templated":true}]}}