{"id":3427,"date":"2024-11-22T16:14:28","date_gmt":"2024-11-22T16:14:28","guid":{"rendered":"https:\/\/ciaobella.com.pl\/?post_type=product&#038;p=3427"},"modified":"2025-06-13T10:41:36","modified_gmt":"2025-06-13T10:41:36","slug":"czarna-marynarka-vegas","status":"publish","type":"product","link":"https:\/\/ciaobella.com.pl\/index.php\/product\/czarna-marynarka-vegas\/","title":{"rendered":"Czarna marynarka VEGAS"},"content":{"rendered":"<p>Czarna marynarka VEGAS<br \/>\nCzarna marynarka Vegas oversize to niezast\u0105piony element garderoby, kt\u00f3ry sprawdzi si\u0119 w ka\u017cdej sytuacji. Jej lu\u017any, modny kr\u00f3j dodaje stylu i swobody, a jednocze\u015bnie pozwala stworzy\u0107 eleganck\u0105 i ponadczasow\u0105 stylizacj\u0119. To idealna opcja, gdy brakuje Ci pomys\u0142u na str\u00f3j \u2013 wystarczy zestawi\u0107 j\u0105 z prost\u0105 bluzk\u0105 i jeansami lub dobra\u0107 eleganckie dodatki, by wygl\u0105da\u0107 perfekcyjnie zar\u00f3wno na co dzie\u0144, jak i podczas wa\u017cnych okazji.<br \/>\nMarynarka Vegas \u015bwietnie komponuje si\u0119 z kamizelk\u0105 Portofino i spodniami Bari, tworz\u0105c wyj\u0105tkowy komplet. Dzi\u0119ki wysokiej jako\u015bci materia\u0142om i starannemu wykonaniu, marynarka zachowuje sw\u00f3j kszta\u0142t i nie ulega zagnieceniom. Wybierz uniwersaln\u0105 klasyk\u0119 w nowoczesnym wydaniu!<\/p>\n<p>&nbsp;<\/p>\n","protected":false},"excerpt":{"rendered":"<p>Czarna marynarka VEGAS Czarna marynarka Vegas oversize to niezast\u0105piony element garderoby, kt\u00f3ry sprawdzi si\u0119 w ka\u017cdej sytuacji. Jej lu\u017any, modny kr\u00f3j dodaje stylu i swobody, a jednocze\u015bnie pozwala stworzy\u0107 eleganck\u0105 i ponadczasow\u0105 stylizacj\u0119. To idealna opcja, gdy brakuje Ci pomys\u0142u na str\u00f3j \u2013 wystarczy zestawi\u0107 j\u0105 z prost\u0105 bluzk\u0105 i jeansami lub dobra\u0107 eleganckie dodatki, [&hellip;]<\/p>\n","protected":false},"featured_media":3428,"comment_status":"open","ping_status":"closed","template":"","meta":{"_monsterinsights_skip_tracking":false,"_monsterinsights_sitenote_active":false,"_monsterinsights_sitenote_note":"","_monsterinsights_sitenote_category":0},"product_brand":[],"product_cat":[52],"product_tag":[],"class_list":{"0":"post-3427","1":"product","2":"type-product","3":"status-publish","4":"has-post-thumbnail","6":"product_cat-nowosci","8":"first","9":"instock","10":"shipping-taxable","11":"purchasable","12":"product-type-variable"},"_links":{"self":[{"href":"https:\/\/ciaobella.com.pl\/index.php\/wp-json\/wp\/v2\/product\/3427","targetHints":{"allow":["GET"]}}],"collection":[{"href":"https:\/\/ciaobella.com.pl\/index.php\/wp-json\/wp\/v2\/product"}],"about":[{"href":"https:\/\/ciaobella.com.pl\/index.php\/wp-json\/wp\/v2\/types\/product"}],"replies":[{"embeddable":true,"href":"https:\/\/ciaobella.com.pl\/index.php\/wp-json\/wp\/v2\/comments?post=3427"}],"version-history":[{"count":4,"href":"https:\/\/ciaobella.com.pl\/index.php\/wp-json\/wp\/v2\/product\/3427\/revisions"}],"predecessor-version":[{"id":3779,"href":"https:\/\/ciaobella.com.pl\/index.php\/wp-json\/wp\/v2\/product\/3427\/revisions\/3779"}],"wp:featuredmedia":[{"embeddable":true,"href":"https:\/\/ciaobella.com.pl\/index.php\/wp-json\/wp\/v2\/media\/3428"}],"wp:attachment":[{"href":"https:\/\/ciaobella.com.pl\/index.php\/wp-json\/wp\/v2\/media?parent=3427"}],"wp:term":[{"taxonomy":"product_brand","embeddable":true,"href":"https:\/\/ciaobella.com.pl\/index.php\/wp-json\/wp\/v2\/product_brand?post=3427"},{"taxonomy":"product_cat","embeddable":true,"href":"https:\/\/ciaobella.com.pl\/index.php\/wp-json\/wp\/v2\/product_cat?post=3427"},{"taxonomy":"product_tag","embeddable":true,"href":"https:\/\/ciaobella.com.pl\/index.php\/wp-json\/wp\/v2\/product_tag?post=3427"}],"curies":[{"name":"wp","href":"https:\/\/api.w.org\/{rel}","templated":true}]}}