{"id":3357,"date":"2024-07-18T11:41:31","date_gmt":"2024-07-18T11:41:31","guid":{"rendered":"https:\/\/ciaobella.com.pl\/?post_type=product&#038;p=3357"},"modified":"2024-11-22T15:11:36","modified_gmt":"2024-11-22T15:11:36","slug":"specjalne-zamowienie-szycie-vip","status":"publish","type":"product","link":"https:\/\/ciaobella.com.pl\/index.php\/product\/specjalne-zamowienie-szycie-vip\/","title":{"rendered":"Indywidualne szycie na zam\u00f3wienie \u2013 Tw\u00f3j styl, Twoje zasady"},"content":{"rendered":"<p>Oferujemy us\u0142ug\u0119 indywidualnego szycia na zam\u00f3wienie, stworzon\u0105 z my\u015bl\u0105 o kobietach, kt\u00f3re ceni\u0105 sobie unikalno\u015b\u0107 i perfekcyjne dopasowanie. Dzi\u0119ki naszemu do\u015bwiadczeniu oraz pasji do krawiectwa, tworzymy wyj\u0105tkowe projekty idealnie odpowiadaj\u0105ce Twoim potrzebom i oczekiwaniom.<br \/>\nWsp\u00f3lnie dobierzemy fason, tkaniny oraz detale, aby stworzy\u0107 ubranie, kt\u00f3re podkre\u015bli Tw\u00f3j styl i osobowo\u015b\u0107. Niezale\u017cnie czy potrzebujesz eleganckiej sukienki, idealnie skrojonego garnituru czy casualowego zestawu \u2013 zadbamy o ka\u017cdy szczeg\u00f3\u0142.<br \/>\nZrealizuj swoj\u0105 wizj\u0119 mody i postaw na jako\u015b\u0107, kt\u00f3ra wyr\u00f3\u017cni Ci\u0119 na ka\u017cdym kroku! Skontaktuj si\u0119 z nami, by rozpocz\u0105\u0107 przygod\u0119 z ubraniami szytymi na miar\u0119.<\/p>\n","protected":false},"excerpt":{"rendered":"<p>Oferujemy us\u0142ug\u0119 indywidualnego szycia na zam\u00f3wienie, stworzon\u0105 z my\u015bl\u0105 o kobietach, kt\u00f3re ceni\u0105 sobie unikalno\u015b\u0107 i perfekcyjne dopasowanie. Dzi\u0119ki naszemu do\u015bwiadczeniu oraz pasji do krawiectwa, tworzymy wyj\u0105tkowe projekty idealnie odpowiadaj\u0105ce Twoim potrzebom i oczekiwaniom. Wsp\u00f3lnie dobierzemy fason, tkaniny oraz detale, aby stworzy\u0107 ubranie, kt\u00f3re podkre\u015bli Tw\u00f3j styl i osobowo\u015b\u0107. Niezale\u017cnie czy potrzebujesz eleganckiej sukienki, idealnie [&hellip;]<\/p>\n","protected":false},"featured_media":3424,"comment_status":"open","ping_status":"closed","template":"","meta":{"_monsterinsights_skip_tracking":false,"_monsterinsights_sitenote_active":false,"_monsterinsights_sitenote_note":"","_monsterinsights_sitenote_category":0},"product_brand":[],"product_cat":[69],"product_tag":[],"class_list":{"0":"post-3357","1":"product","2":"type-product","3":"status-publish","4":"has-post-thumbnail","6":"product_cat-premium","8":"first","9":"instock","10":"shipping-taxable","11":"purchasable","12":"product-type-simple"},"_links":{"self":[{"href":"https:\/\/ciaobella.com.pl\/index.php\/wp-json\/wp\/v2\/product\/3357","targetHints":{"allow":["GET"]}}],"collection":[{"href":"https:\/\/ciaobella.com.pl\/index.php\/wp-json\/wp\/v2\/product"}],"about":[{"href":"https:\/\/ciaobella.com.pl\/index.php\/wp-json\/wp\/v2\/types\/product"}],"replies":[{"embeddable":true,"href":"https:\/\/ciaobella.com.pl\/index.php\/wp-json\/wp\/v2\/comments?post=3357"}],"version-history":[{"count":2,"href":"https:\/\/ciaobella.com.pl\/index.php\/wp-json\/wp\/v2\/product\/3357\/revisions"}],"predecessor-version":[{"id":3425,"href":"https:\/\/ciaobella.com.pl\/index.php\/wp-json\/wp\/v2\/product\/3357\/revisions\/3425"}],"wp:featuredmedia":[{"embeddable":true,"href":"https:\/\/ciaobella.com.pl\/index.php\/wp-json\/wp\/v2\/media\/3424"}],"wp:attachment":[{"href":"https:\/\/ciaobella.com.pl\/index.php\/wp-json\/wp\/v2\/media?parent=3357"}],"wp:term":[{"taxonomy":"product_brand","embeddable":true,"href":"https:\/\/ciaobella.com.pl\/index.php\/wp-json\/wp\/v2\/product_brand?post=3357"},{"taxonomy":"product_cat","embeddable":true,"href":"https:\/\/ciaobella.com.pl\/index.php\/wp-json\/wp\/v2\/product_cat?post=3357"},{"taxonomy":"product_tag","embeddable":true,"href":"https:\/\/ciaobella.com.pl\/index.php\/wp-json\/wp\/v2\/product_tag?post=3357"}],"curies":[{"name":"wp","href":"https:\/\/api.w.org\/{rel}","templated":true}]}}