{"id":3132,"date":"2023-08-17T16:38:17","date_gmt":"2023-08-17T16:38:17","guid":{"rendered":"https:\/\/ciaobella.com.pl\/?post_type=product&#038;p=3132"},"modified":"2025-12-16T10:14:21","modified_gmt":"2025-12-16T10:14:21","slug":"spodnie-warsaw","status":"publish","type":"product","link":"https:\/\/ciaobella.com.pl\/index.php\/product\/spodnie-warsaw\/","title":{"rendered":"Spodnie Warsaw"},"content":{"rendered":"<p><strong>Uszyjemy spodnie pod Tw\u00f3j wymiar bez dodatkowych op\u0142at! Ciao Bella Premium to nasz dzia\u0142 w kt\u00f3rym wychodzimy naprzeciw potrzebom kobiet, kt\u00f3re potrzebuj\u0105 indywidualnego podej\u015bcia do ubioru. Je\u017celi nosisz niestandardowy rozmiar, jeste\u015b kobiet\u0105 o niestandardowym wzro\u015bcie lub po prostu nie mo\u017cesz znale\u017a\u0107 idealnie skrojonych dla siebie spodni czy te\u017c potrzebujesz indywidualnego podej\u015bcia, chcesz mie\u0107 w swojej szafie produkt, kt\u00f3ry b\u0119dzie IDEALNIE dopasowany do Ciebie i do Twojej sylwetki &#8211; dokonaj zakupu spodni Warsaw i w dodatkowych informacjach dopisz wymiary takie jak: talia, biodra, d\u0142ugo\u015b\u0107 ca\u0142kowita od pasa w d\u00f3\u0142 ( mo\u017cesz zmierzy\u0107 swoje ulubione spodnie, pami\u0119taj\u0105c o tym, \u017ce spodnie Warsaw posiadaj\u0105 wysoki stan).<\/strong><\/p>\n<p><strong>Je\u015bli powy\u017csza instrukcja jest dla Ciebie zbyt skomplikowana i podobnie jak my, zanim z\u0142o\u017cysz meble z Ikei nigdy nie czytasz instrukcji i pr\u00f3bujesz tysi\u0105c razy zrobi\u0107 to sama zanim zniecierpliwiona zadzwonisz po fachowca, kt\u00f3ry zdejmie z Ciebie ci\u0119\u017car &#8211; skontaktuj si\u0119 z nami na Instagramie lub napisz mail na kontakt@ciaobella.com.pl a pomo\u017cemy Ci w zebraniu odpowiednich wymiar\u00f3w i dopilnujemy, by us\u0142uga zosta\u0142a dopasowana do Twoich potrzeb.<\/strong><\/p>\n<p>Je\u015bli potrzebujesz standardowego rozmiaru &#8211; zaznacz S\/M lub L i dodaj spodnie do koszyka. Dlaczego warto mie\u0107 je w swojej szafie? O tym przeczytasz poni\u017cej.<\/p>\n<p>Czarne spodnie dzwony z wysokim stanem s\u0105 absolutnie niezb\u0119dnym elementem garderoby ka\u017cdej kobiety. Ich doskona\u0142e dopasowanie i klasyczny design sprawiaj\u0105, \u017ce optycznie wyd\u0142u\u017caj\u0105 nogi, podkre\u015blaj\u0105c kobiec\u0105 figur\u0119. Prezentuj\u0105 si\u0119 elegancko i stylowo zar\u00f3wno w po\u0142\u0105czeniu ze sneakerami jak i eleganckimi butami. Dzi\u0119ki swojemu czarnemu kolorowi s\u0105 niezwykle uniwersalne i \u015bwietnie komponuj\u0105 si\u0119 z r\u00f3\u017cnymi stylizacjami. Mog\u0105 by\u0107 noszone zar\u00f3wno na co dzie\u0144, jak i na specjalne okazje.<\/p>\n<p>Wysoki stan tych spodni zapewnia nie tylko wygod\u0119, ale tak\u017ce dodaje pewno\u015bci siebie, wysmukla i modeluje sylwetk\u0119.<br \/>\nDzwony, nadaj\u0105 spodniom charakterystyczny classy look. Ten modny element doda Twojej stylizacji unikalnego wdzi\u0119ku i elegancji. Spodnie dzwony z wysokim stanem to idealny wyb\u00f3r dla ka\u017cdej kobiety pragn\u0105cej poczu\u0107 si\u0119 pewnie i atrakcyjnie. Ich uniwersalno\u015b\u0107 oraz ponadczasowa elegancja sprawiaj\u0105, \u017ce pasuj\u0105 do r\u00f3\u017cnych styl\u00f3w i okazji. B\u0119d\u0105 one wspania\u0142ym uzupe\u0142nieniem zar\u00f3wno casualowych, jak i bardziej formalnych zestaw\u00f3w.<\/p>\n<p>Spodnie Warsaw wyst\u0119puj\u0105 w trzech rozmiarach S,M oraz L.<\/p>\n<p><strong>PRODUKT W PRZEDSPRZEDA\u017bY. Czas oczekiwania: 14 dni.<\/strong><\/p>\n<p><img fetchpriority=\"high\" decoding=\"async\" class=\"alignnone  wp-image-3995\" src=\"https:\/\/ciaobella.com.pl\/wp-content\/uploads\/2023\/08\/spodnie-warsaw_szare_tokio-300x150.png\" alt=\"\" width=\"434\" height=\"217\" srcset=\"https:\/\/ciaobella.com.pl\/wp-content\/uploads\/2023\/08\/spodnie-warsaw_szare_tokio-300x150.png 300w, https:\/\/ciaobella.com.pl\/wp-content\/uploads\/2023\/08\/spodnie-warsaw_szare_tokio-768x384.png 768w, https:\/\/ciaobella.com.pl\/wp-content\/uploads\/2023\/08\/spodnie-warsaw_szare_tokio-600x300.png 600w, https:\/\/ciaobella.com.pl\/wp-content\/uploads\/2023\/08\/spodnie-warsaw_szare_tokio.png 1000w\" sizes=\"(max-width: 434px) 100vw, 434px\" \/><\/p>\n","protected":false},"excerpt":{"rendered":"<p>Uszyjemy spodnie pod Tw\u00f3j wymiar bez dodatkowych op\u0142at! Ciao Bella Premium to nasz dzia\u0142 w kt\u00f3rym wychodzimy naprzeciw potrzebom kobiet, kt\u00f3re potrzebuj\u0105 indywidualnego podej\u015bcia do ubioru. Je\u017celi nosisz niestandardowy rozmiar, jeste\u015b kobiet\u0105 o niestandardowym wzro\u015bcie lub po prostu nie mo\u017cesz znale\u017a\u0107 idealnie skrojonych dla siebie spodni czy te\u017c potrzebujesz indywidualnego podej\u015bcia, chcesz mie\u0107 w swojej [&hellip;]<\/p>\n","protected":false},"featured_media":3466,"comment_status":"open","ping_status":"closed","template":"","meta":{"_monsterinsights_skip_tracking":false,"_monsterinsights_sitenote_active":false,"_monsterinsights_sitenote_note":"","_monsterinsights_sitenote_category":0},"product_brand":[],"product_cat":[52,45],"product_tag":[],"class_list":{"0":"post-3132","1":"product","2":"type-product","3":"status-publish","4":"has-post-thumbnail","6":"product_cat-nowosci","7":"product_cat-spodnie","9":"first","10":"instock","11":"shipping-taxable","12":"purchasable","13":"product-type-variable"},"_links":{"self":[{"href":"https:\/\/ciaobella.com.pl\/index.php\/wp-json\/wp\/v2\/product\/3132","targetHints":{"allow":["GET"]}}],"collection":[{"href":"https:\/\/ciaobella.com.pl\/index.php\/wp-json\/wp\/v2\/product"}],"about":[{"href":"https:\/\/ciaobella.com.pl\/index.php\/wp-json\/wp\/v2\/types\/product"}],"replies":[{"embeddable":true,"href":"https:\/\/ciaobella.com.pl\/index.php\/wp-json\/wp\/v2\/comments?post=3132"}],"version-history":[{"count":5,"href":"https:\/\/ciaobella.com.pl\/index.php\/wp-json\/wp\/v2\/product\/3132\/revisions"}],"predecessor-version":[{"id":3996,"href":"https:\/\/ciaobella.com.pl\/index.php\/wp-json\/wp\/v2\/product\/3132\/revisions\/3996"}],"wp:featuredmedia":[{"embeddable":true,"href":"https:\/\/ciaobella.com.pl\/index.php\/wp-json\/wp\/v2\/media\/3466"}],"wp:attachment":[{"href":"https:\/\/ciaobella.com.pl\/index.php\/wp-json\/wp\/v2\/media?parent=3132"}],"wp:term":[{"taxonomy":"product_brand","embeddable":true,"href":"https:\/\/ciaobella.com.pl\/index.php\/wp-json\/wp\/v2\/product_brand?post=3132"},{"taxonomy":"product_cat","embeddable":true,"href":"https:\/\/ciaobella.com.pl\/index.php\/wp-json\/wp\/v2\/product_cat?post=3132"},{"taxonomy":"product_tag","embeddable":true,"href":"https:\/\/ciaobella.com.pl\/index.php\/wp-json\/wp\/v2\/product_tag?post=3132"}],"curies":[{"name":"wp","href":"https:\/\/api.w.org\/{rel}","templated":true}]}}