{"id":3031,"date":"2023-05-17T19:11:03","date_gmt":"2023-05-17T19:11:03","guid":{"rendered":"https:\/\/ciaobella.com.pl\/?post_type=product&#038;p=3031"},"modified":"2025-06-13T10:49:30","modified_gmt":"2025-06-13T10:49:30","slug":"spodnie-new-york-wersja-ii","status":"publish","type":"product","link":"https:\/\/ciaobella.com.pl\/index.php\/product\/spodnie-new-york-wersja-ii\/","title":{"rendered":"spodnie NEW YORK wersja II"},"content":{"rendered":"<div class=\"elementor-element elementor-element-d764845 elementor-widget elementor-widget-woocommerce-product-content\" data-id=\"d764845\" data-element_type=\"widget\" data-widget_type=\"woocommerce-product-content.default\">\n<div class=\"elementor-widget-container\">\n<div class=\"elementor-element elementor-element-d764845 elementor-widget elementor-widget-woocommerce-product-content\" data-id=\"d764845\" data-element_type=\"widget\" data-widget_type=\"woocommerce-product-content.default\">\n<div class=\"elementor-widget-container\">\n<div><span class=\"gwp9885fe15_highlight\"><span class=\"gwp9885fe15_colour\"><span class=\"gwp9885fe15_font\"><span class=\"gwp9885fe15_size\">SPODNIE NEW YORK WERSJA II \u2013 wersja z szerokimi nogawkami.<\/span><\/span><\/span><\/span><\/div>\n<div>\n<div>\n<p><strong>Uszyjemy spodnie pod Tw\u00f3j wymiar bez dodatkowych op\u0142at! Ciao Bella Premium to nasz dzia\u0142 w kt\u00f3rym wychodzimy naprzeciw potrzebom kobiet, kt\u00f3re potrzebuj\u0105 indywidualnego podej\u015bcia do ubioru. Je\u017celi nosisz niestandardowy rozmiar, jeste\u015b kobiet\u0105 o niestandardowym wzro\u015bcie lub po prostu nie mo\u017cesz znale\u017a\u0107 idealnie skrojonych dla siebie spodni czy te\u017c potrzebujesz indywidualnego podej\u015bcia, chcesz mie\u0107 w swojej szafie produkt, kt\u00f3ry b\u0119dzie IDEALNIE dopasowany do Ciebie i do Twojej sylwetki &#8211; dokonaj zakupu spodni i w dodatkowych informacjach dopisz wymiary takie jak: talia, biodra, d\u0142ugo\u015b\u0107 ca\u0142kowita od pasa w d\u00f3\u0142 ( mo\u017cesz zmierzy\u0107 swoje ulubione spodnie, pami\u0119taj\u0105c o tym, \u017ce spodnie New York posiadaj\u0105 wysoki stan).<\/strong><\/p>\n<p><strong>Je\u015bli powy\u017csza instrukcja jest dla Ciebie zbyt skomplikowana i podobnie jak my, zanim z\u0142o\u017cysz meble z Ikei nigdy nie czytasz instrukcji i pr\u00f3bujesz tysi\u0105c razy zrobi\u0107 to sama zanim zniecierpliwiona zadzwonisz po fachowca, kt\u00f3ry zdejmie z Ciebie ci\u0119\u017car &#8211; skontaktuj si\u0119 z nami na Instagramie lub napisz mail na kontakt@ciaobella.com.pl a pomo\u017cemy Ci w zebraniu odpowiednich wymiar\u00f3w i dopilnujemy, by us\u0142uga zosta\u0142a dopasowana do Twoich potrzeb.<\/strong><\/p>\n<\/div>\n<\/div>\n<div>Czy wiesz, \u017ce spodnie z wysokim stanem to najgor\u0119tszy trend tego sezonu? Nie musisz ju\u017c wybiera\u0107 mi\u0119dzy elegancj\u0105 a wyrazisto\u015bci\u0105 \u2013 teraz mo\u017cesz mie\u0107 i TO i TO! Sprawd\u017a nasze najnowszy model bestsellerowych spodni garniturowych NEW YORK i ciesz si\u0119 z wyj\u0105tkowego stylu! #garniturdamskiwpanterke #moda #elegancja #wyrazistosc<\/div>\n<div>\n<div>\n<div><\/div>\n<\/div>\n<\/div>\n<div>Spodnie z wysokim stanem to idealny wyb\u00f3r na ka\u017cd\u0105 okazj\u0119! Jest to modny i zarazem elegancki str\u00f3j, kt\u00f3ry sprawi, \u017ce b\u0119dziesz wygl\u0105da\u0107 stylowo i profesjonalnie. Mo\u017cesz je nosi\u0107 na spotkania biznesowe, na codzie\u0144 a tak\u017ce wyj\u0105tkowe okazje. Spodnie z wysokim stanem s\u0105 uniwersalne i pasuj\u0105 do ka\u017cdej sylwetki. Zosta\u0142y zaprojektowane tak, by zapewni\u0107 Ci maksymalny komfort.\u00a0\u00a0Dodatkowo mo\u017cesz je \u0142atwo dopasowa\u0107 do swojego stylu ubierania si\u0119. Mo\u017cesz po\u0142\u0105czy\u0107 je z koszul\u0105 w jasnym kolorze lub z klasyczn\u0105 bia\u0142\u0105 koszul\u0105, kr\u00f3tkim topem lub basicow\u0105 g\u00f3r\u0105 . Spodnie z wysokim stanem s\u0105 idealnym rozwi\u0105zaniem dla tych, kt\u00f3rzy chc\u0105 wygl\u0105da\u0107 modnie i elegancko a przede wszystkim: oryginalnie. Je\u017celi szukasz odpowiedniego stroju kt\u00f3ry doda Ci pewno\u015bci siebie oraz oryginalno\u015bci \u2013 spodnie NEW YORK b\u0119d\u0105 idealnym rozwi\u0105zaniem.<\/div>\n<div>\n<div>\n<div><\/div>\n<\/div>\n<\/div>\n<div>Spodnie z wysokim stanem NEW YORK dost\u0119pne s\u0105 w dw\u00f3ch wersjach: z dopasowanymi w udach ( SPODNIE NEW YORK wersja I) lub szerokimi nogawkami ( SPODNIE NEW YORK wersja II).<\/div>\n<p><span class=\"gwp9885fe15_colour\">Sk\u0142ad: <\/span>88% poliester, 5% elastan, 7% bawe\u0142na.<\/p>\n<div><span class=\"gwp9885fe15_colour\"><span class=\"gwp9885fe15_size\">Nasze ubrania powstaj\u0105 z dba\u0142o\u015bci\u0105 o ka\u017cdy szczeg\u00f3\u0142, rekomendujemy pranie r\u0119czne.<\/span><\/span><\/div>\n<div><\/div>\n<\/div>\n<div>Czas realizacji produktu: 5-7 dni roboczych. Je\u017celi potrzebujesz niestandardowego rozmiaru skontaktuj si\u0119 z nami.<\/div>\n<\/div>\n<\/div>\n<\/div>\n<div><\/div>\n","protected":false},"excerpt":{"rendered":"<p>SPODNIE NEW YORK WERSJA II \u2013 wersja z szerokimi nogawkami. Uszyjemy spodnie pod Tw\u00f3j wymiar bez dodatkowych op\u0142at! Ciao Bella Premium to nasz dzia\u0142 w kt\u00f3rym wychodzimy naprzeciw potrzebom kobiet, kt\u00f3re potrzebuj\u0105 indywidualnego podej\u015bcia do ubioru. Je\u017celi nosisz niestandardowy rozmiar, jeste\u015b kobiet\u0105 o niestandardowym wzro\u015bcie lub po prostu nie mo\u017cesz znale\u017a\u0107 idealnie skrojonych dla siebie [&hellip;]<\/p>\n","protected":false},"featured_media":3035,"comment_status":"open","ping_status":"closed","template":"","meta":{"_monsterinsights_skip_tracking":false,"_monsterinsights_sitenote_active":false,"_monsterinsights_sitenote_note":"","_monsterinsights_sitenote_category":0},"product_brand":[],"product_cat":[77,68,45],"product_tag":[],"class_list":{"0":"post-3031","1":"product","2":"type-product","3":"status-publish","4":"has-post-thumbnail","6":"product_cat-sale","7":"product_cat-garnitury","8":"product_cat-spodnie","10":"first","11":"instock","12":"shipping-taxable","13":"purchasable","14":"product-type-variable"},"_links":{"self":[{"href":"https:\/\/ciaobella.com.pl\/index.php\/wp-json\/wp\/v2\/product\/3031","targetHints":{"allow":["GET"]}}],"collection":[{"href":"https:\/\/ciaobella.com.pl\/index.php\/wp-json\/wp\/v2\/product"}],"about":[{"href":"https:\/\/ciaobella.com.pl\/index.php\/wp-json\/wp\/v2\/types\/product"}],"replies":[{"embeddable":true,"href":"https:\/\/ciaobella.com.pl\/index.php\/wp-json\/wp\/v2\/comments?post=3031"}],"version-history":[{"count":3,"href":"https:\/\/ciaobella.com.pl\/index.php\/wp-json\/wp\/v2\/product\/3031\/revisions"}],"predecessor-version":[{"id":3310,"href":"https:\/\/ciaobella.com.pl\/index.php\/wp-json\/wp\/v2\/product\/3031\/revisions\/3310"}],"wp:featuredmedia":[{"embeddable":true,"href":"https:\/\/ciaobella.com.pl\/index.php\/wp-json\/wp\/v2\/media\/3035"}],"wp:attachment":[{"href":"https:\/\/ciaobella.com.pl\/index.php\/wp-json\/wp\/v2\/media?parent=3031"}],"wp:term":[{"taxonomy":"product_brand","embeddable":true,"href":"https:\/\/ciaobella.com.pl\/index.php\/wp-json\/wp\/v2\/product_brand?post=3031"},{"taxonomy":"product_cat","embeddable":true,"href":"https:\/\/ciaobella.com.pl\/index.php\/wp-json\/wp\/v2\/product_cat?post=3031"},{"taxonomy":"product_tag","embeddable":true,"href":"https:\/\/ciaobella.com.pl\/index.php\/wp-json\/wp\/v2\/product_tag?post=3031"}],"curies":[{"name":"wp","href":"https:\/\/api.w.org\/{rel}","templated":true}]}}