{"id":2610,"date":"2023-05-17T17:09:27","date_gmt":"2023-05-17T17:09:27","guid":{"rendered":"https:\/\/ciaobella.com.pl\/?post_type=product&#038;p=2610"},"modified":"2025-06-13T10:51:42","modified_gmt":"2025-06-13T10:51:42","slug":"sukienka-malibu","status":"publish","type":"product","link":"https:\/\/ciaobella.com.pl\/index.php\/product\/sukienka-malibu\/","title":{"rendered":"Sukienka MALIBU"},"content":{"rendered":"<p>Cz\u0119sto stoisz przed szaf\u0105 i zastanawiasz si\u0119, co za\u0142o\u017cy\u0107? Nic nie pasuje do Twojego stylu lub nastroju? Przybywamy z pomoc\u0105! Nasza sukienka Malibu w kwiaty to idealne rozwi\u0105zanie dla ka\u017cdej kobiety, kt\u00f3ra chce wygl\u0105da\u0107 elegancko i modnie. Dzi\u0119ki przepi\u0119knym kwiatowym wzorom zawsze b\u0119dziesz w centrum uwagi.<br \/>\nOto 5 powod\u00f3w, dla kt\u00f3rych warto zaopatrzy\u0107 si\u0119 w sukienk\u0119 Malibu:<br \/>\n&#8211; Wyr\u00f3\u017cnisz si\u0119 z t\u0142umu i zyskasz pewno\u015b\u0107 siebie.<br \/>\n&#8211; Wygodny i lekki materia\u0142 ( 90% bawe\u0142na) zapewni Ci komfort noszenia przez ca\u0142y dzie\u0144.<br \/>\n&#8211; Wz\u00f3r kwiatowy sprawi, \u017ce Twoja sylwetka b\u0119dzie wydawa\u0107 si\u0119 bardziej smuk\u0142a i kobieca.<br \/>\n&#8211; Sukienka jest uniwersalna i pasuje do r\u00f3\u017cnych okazji &#8211; na wakacyjne spacery, randki czy spotkania z przyjaci\u00f3\u0142mi.<br \/>\n&#8211; Zakup sukienki w kwiaty to inwestycja w siebie i Tw\u00f3j styl &#8211; zawsze b\u0119dziesz mog\u0142a wraca\u0107 do niej na kolejne lata.\u00a0 Nie czekaj d\u0142u\u017cej! Kup teraz nasz\u0105 sukienk\u0119 w kwiaty i poczuj si\u0119 pi\u0119kna i modna, gdziekolwiek si\u0119 znajdziesz!<\/p>\n<p>&nbsp;<\/p>\n<p>Sukienka Malibu wyst\u0119puje w dw\u00f3ch rozmiarach: S oraz M.<br \/>\nSk\u0142ad: 90 % bawe\u0142na, 10% wiskoza<br \/>\nNasze ubrania powstaj\u0105 z dba\u0142o\u015bci\u0105 o ka\u017cdy szczeg\u00f3\u0142. Rekomendujemy pranie r\u0119czne.<\/p>\n","protected":false},"excerpt":{"rendered":"<p>Cz\u0119sto stoisz przed szaf\u0105 i zastanawiasz si\u0119, co za\u0142o\u017cy\u0107? Nic nie pasuje do Twojego stylu lub nastroju? Przybywamy z pomoc\u0105! Nasza sukienka Malibu w kwiaty to idealne rozwi\u0105zanie dla ka\u017cdej kobiety, kt\u00f3ra chce wygl\u0105da\u0107 elegancko i modnie. Dzi\u0119ki przepi\u0119knym kwiatowym wzorom zawsze b\u0119dziesz w centrum uwagi. Oto 5 powod\u00f3w, dla kt\u00f3rych warto zaopatrzy\u0107 si\u0119 w [&hellip;]<\/p>\n","protected":false},"featured_media":2614,"comment_status":"open","ping_status":"closed","template":"","meta":{"_monsterinsights_skip_tracking":false,"_monsterinsights_sitenote_active":false,"_monsterinsights_sitenote_note":"","_monsterinsights_sitenote_category":0},"product_brand":[],"product_cat":[77,21],"product_tag":[],"class_list":{"0":"post-2610","1":"product","2":"type-product","3":"status-publish","4":"has-post-thumbnail","6":"product_cat-sale","7":"product_cat-sukienki","9":"first","10":"instock","11":"shipping-taxable","12":"purchasable","13":"product-type-variable"},"_links":{"self":[{"href":"https:\/\/ciaobella.com.pl\/index.php\/wp-json\/wp\/v2\/product\/2610","targetHints":{"allow":["GET"]}}],"collection":[{"href":"https:\/\/ciaobella.com.pl\/index.php\/wp-json\/wp\/v2\/product"}],"about":[{"href":"https:\/\/ciaobella.com.pl\/index.php\/wp-json\/wp\/v2\/types\/product"}],"replies":[{"embeddable":true,"href":"https:\/\/ciaobella.com.pl\/index.php\/wp-json\/wp\/v2\/comments?post=2610"}],"version-history":[{"count":1,"href":"https:\/\/ciaobella.com.pl\/index.php\/wp-json\/wp\/v2\/product\/2610\/revisions"}],"predecessor-version":[{"id":2620,"href":"https:\/\/ciaobella.com.pl\/index.php\/wp-json\/wp\/v2\/product\/2610\/revisions\/2620"}],"wp:featuredmedia":[{"embeddable":true,"href":"https:\/\/ciaobella.com.pl\/index.php\/wp-json\/wp\/v2\/media\/2614"}],"wp:attachment":[{"href":"https:\/\/ciaobella.com.pl\/index.php\/wp-json\/wp\/v2\/media?parent=2610"}],"wp:term":[{"taxonomy":"product_brand","embeddable":true,"href":"https:\/\/ciaobella.com.pl\/index.php\/wp-json\/wp\/v2\/product_brand?post=2610"},{"taxonomy":"product_cat","embeddable":true,"href":"https:\/\/ciaobella.com.pl\/index.php\/wp-json\/wp\/v2\/product_cat?post=2610"},{"taxonomy":"product_tag","embeddable":true,"href":"https:\/\/ciaobella.com.pl\/index.php\/wp-json\/wp\/v2\/product_tag?post=2610"}],"curies":[{"name":"wp","href":"https:\/\/api.w.org\/{rel}","templated":true}]}}