{"id":2597,"date":"2023-05-17T16:56:47","date_gmt":"2023-05-17T16:56:47","guid":{"rendered":"https:\/\/ciaobella.com.pl\/?post_type=product&#038;p=2597"},"modified":"2025-06-13T10:53:57","modified_gmt":"2025-06-13T10:53:57","slug":"koszula-rio","status":"publish","type":"product","link":"https:\/\/ciaobella.com.pl\/index.php\/product\/koszula-rio\/","title":{"rendered":"Koszula RIO"},"content":{"rendered":"<p>Zwyk\u0142e koszule s\u0105 nijakie i nudne. Pr\u00f3bujesz ju\u017c od d\u0142u\u017cszego czasu znale\u017a\u0107 co\u015b, co dodaje Twojej stylizacji oryginalno\u015bci i wyj\u0105tkowo\u015bci?\u00a0 Nasza koszula z falbanami to idealne rozwi\u0105zanie dla Ciebie. Falbanki dodaj\u0105 kobiecego uroku, a jednocze\u015bnie stanowi\u0105 ciekawy i oryginalny element, kt\u00f3ry wyr\u00f3\u017cni Ci\u0119 z t\u0142umu.Koszula na gumkach, kt\u00f3ra pi\u0119knie dopasowuje si\u0119 do sylwetki i podkre\u015bla kobiec\u0105 elegancj\u0119. Wspania\u0142ym dodatkiem s\u0105 falbanki, kt\u00f3re dodaj\u0105 delikatno\u015bci i romantyzmu ca\u0142emu lookowi. Koszula \u015bwietnie sprawdzi si\u0119 zar\u00f3wno na co dzie\u0144, jak i na specjalne okazje. Dobierz do niej klasyczne spodnie lub dopasowan\u0105 sp\u00f3dnic\u0119 i poczuj si\u0119 wyj\u0105tkowo kobieco i zjawiskowo!<\/p>\n<p>Koszula RIO wyst\u0119puje w dw\u00f3ch rozmiarach: S oraz M. Je\u017celi szukasz inspiracji na stylizacje zaobserwuj nasz profil na Instagramie.<\/p>\n<p>Sk\u0142ad: 85 % poliester, 15% elastan<br \/>\nNasze ubrania powstaj\u0105 z dba\u0142o\u015bci\u0105 o ka\u017cdy szczeg\u00f3\u0142. Rekomendujemy pranie r\u0119czne.<\/p>\n<p>&nbsp;<\/p>\n<p>&nbsp;<\/p>\n<p>&nbsp;<\/p>\n","protected":false},"excerpt":{"rendered":"<p>Zwyk\u0142e koszule s\u0105 nijakie i nudne. Pr\u00f3bujesz ju\u017c od d\u0142u\u017cszego czasu znale\u017a\u0107 co\u015b, co dodaje Twojej stylizacji oryginalno\u015bci i wyj\u0105tkowo\u015bci?\u00a0 Nasza koszula z falbanami to idealne rozwi\u0105zanie dla Ciebie. Falbanki dodaj\u0105 kobiecego uroku, a jednocze\u015bnie stanowi\u0105 ciekawy i oryginalny element, kt\u00f3ry wyr\u00f3\u017cni Ci\u0119 z t\u0142umu.Koszula na gumkach, kt\u00f3ra pi\u0119knie dopasowuje si\u0119 do sylwetki i podkre\u015bla [&hellip;]<\/p>\n","protected":false},"featured_media":2603,"comment_status":"open","ping_status":"closed","template":"","meta":{"_monsterinsights_skip_tracking":false,"_monsterinsights_sitenote_active":false,"_monsterinsights_sitenote_note":"","_monsterinsights_sitenote_category":0},"product_brand":[],"product_cat":[77,35],"product_tag":[],"class_list":{"0":"post-2597","1":"product","2":"type-product","3":"status-publish","4":"has-post-thumbnail","6":"product_cat-sale","7":"product_cat-koszule","9":"first","10":"instock","11":"shipping-taxable","12":"purchasable","13":"product-type-variable"},"_links":{"self":[{"href":"https:\/\/ciaobella.com.pl\/index.php\/wp-json\/wp\/v2\/product\/2597","targetHints":{"allow":["GET"]}}],"collection":[{"href":"https:\/\/ciaobella.com.pl\/index.php\/wp-json\/wp\/v2\/product"}],"about":[{"href":"https:\/\/ciaobella.com.pl\/index.php\/wp-json\/wp\/v2\/types\/product"}],"replies":[{"embeddable":true,"href":"https:\/\/ciaobella.com.pl\/index.php\/wp-json\/wp\/v2\/comments?post=2597"}],"version-history":[{"count":2,"href":"https:\/\/ciaobella.com.pl\/index.php\/wp-json\/wp\/v2\/product\/2597\/revisions"}],"predecessor-version":[{"id":3857,"href":"https:\/\/ciaobella.com.pl\/index.php\/wp-json\/wp\/v2\/product\/2597\/revisions\/3857"}],"wp:featuredmedia":[{"embeddable":true,"href":"https:\/\/ciaobella.com.pl\/index.php\/wp-json\/wp\/v2\/media\/2603"}],"wp:attachment":[{"href":"https:\/\/ciaobella.com.pl\/index.php\/wp-json\/wp\/v2\/media?parent=2597"}],"wp:term":[{"taxonomy":"product_brand","embeddable":true,"href":"https:\/\/ciaobella.com.pl\/index.php\/wp-json\/wp\/v2\/product_brand?post=2597"},{"taxonomy":"product_cat","embeddable":true,"href":"https:\/\/ciaobella.com.pl\/index.php\/wp-json\/wp\/v2\/product_cat?post=2597"},{"taxonomy":"product_tag","embeddable":true,"href":"https:\/\/ciaobella.com.pl\/index.php\/wp-json\/wp\/v2\/product_tag?post=2597"}],"curies":[{"name":"wp","href":"https:\/\/api.w.org\/{rel}","templated":true}]}}