{"id":2236,"date":"2023-03-29T16:13:50","date_gmt":"2023-03-29T16:13:50","guid":{"rendered":"https:\/\/ciaobella.com.pl\/?post_type=product&#038;p=2236"},"modified":"2025-06-13T10:55:44","modified_gmt":"2025-06-13T10:55:44","slug":"produkt-premium-2","status":"publish","type":"product","link":"https:\/\/ciaobella.com.pl\/index.php\/product\/produkt-premium-2\/","title":{"rendered":"Garnitur NEW YORK"},"content":{"rendered":"<p><strong>579Uszyjemy garnitur pod Tw\u00f3j wymiar bez dodatkowych op\u0142at! Ciao Bella Premium to nasz dzia\u0142 w kt\u00f3rym wychodzimy naprzeciw potrzebom kobiet, kt\u00f3re potrzebuj\u0105 indywidualnego podej\u015bcia do ubioru. Je\u017celi nosisz niestandardowy rozmiar, jeste\u015b kobiet\u0105 o niestandardowym wzro\u015bcie lub po prostu nie mo\u017cesz znale\u017a\u0107 idealnie skrojonych dla siebie spodni czy te\u017c potrzebujesz indywidualnego podej\u015bcia, chcesz mie\u0107 w swojej szafie produkt, kt\u00f3ry b\u0119dzie IDEALNIE dopasowany do Ciebie i do Twojej sylwetki &#8211; dokonaj zakupu i w dodatkowych informacjach dopisz wymiary takie jak: talia, biodra, d\u0142ugo\u015b\u0107 ca\u0142kowita od pasa w d\u00f3\u0142 ( mo\u017cesz zmierzy\u0107 swoje ulubione spodnie, pami\u0119taj\u0105c o tym, \u017ce spodnie New York posiadaj\u0105 wysoki stan), a tak\u017ce talia, d\u0142ugo\u015b\u0107 r\u0119kawa, d\u0142ugo\u015b\u0107 ca\u0142kowita, wzrost, szeroko\u015b\u0107 plec\u00f3w oraz biust.<br \/>\n<\/strong><\/p>\n<p><strong>Je\u015bli powy\u017csza instrukcja jest dla Ciebie zbyt skomplikowana i podobnie jak my, zanim z\u0142o\u017cysz meble z Ikei nigdy nie czytasz instrukcji i pr\u00f3bujesz tysi\u0105c razy zrobi\u0107 to sama zanim zniecierpliwiona zadzwonisz po fachowca, kt\u00f3ry zdejmie z Ciebie ci\u0119\u017car &#8211; skontaktuj si\u0119 z nami na Instagramie lub napisz mail na kontakt@ciaobella.com.pl a pomo\u017cemy Ci w zebraniu odpowiednich wymiar\u00f3w i dopilnujemy, by us\u0142uga zosta\u0142a dopasowana do Twoich potrzeb.<\/strong><\/p>\n<p>Czy chcesz wyr\u00f3\u017cni\u0107 si\u0119 z t\u0142umu? Dlaczego nie zdecydowa\u0107 si\u0119 na garnitur w panterk\u0119, kt\u00f3ry przyci\u0105gnie uwag\u0119 wszystkich dooko\u0142a? Ci\u0105gle borykasz si\u0119 z problemem braku wyj\u0105tkowego stylu i oryginalnego wygl\u0105du na r\u00f3\u017cnego rodzaju wydarzeniach? Twoja szafa jest pe\u0142na zwyk\u0142ych, nudnych ubra\u0144? Oto rozwi\u0105zanie &#8211; nasz garnitur w panterk\u0119 NEW YORK, kt\u00f3ry zapewni Ci niesamowity wygl\u0105d i wyr\u00f3\u017cni Ci\u0119 z t\u0142umu. Wybieraj\u0105c nasz garnitur w panterk\u0119 zyskujesz:<br \/>\n&#8211; unikalny styl i oryginalno\u015b\u0107<br \/>\n&#8211; wygod\u0119 podczas noszenia<br \/>\n&#8211; mo\u017cliwo\u015b\u0107 za\u0142o\u017cenia na ka\u017cdej okoliczno\u015bci, nie tylko wyj\u0105tkowych imprez<br \/>\n&#8211; niesamowite wra\u017cenie na otoczeniu, kt\u00f3re zawsze zapami\u0119taj\u0105<br \/>\n&#8211; pewno\u015b\u0107 siebie i poczucie wyj\u0105tkowo\u015bci, kt\u00f3re b\u0119d\u0105 Ci towarzyszy\u0107 przez ca\u0142y czas noszenia naszego produktu.<br \/>\nNie zwlekaj, zam\u00f3w ju\u017c teraz nasz garnitur w panterk\u0119 i poczuj si\u0119 wyj\u0105tkowo na ka\u017cdej okazji. To inwestycja, kt\u00f3ra zwr\u00f3ci Ci si\u0119 w postaci uwagi i podziwu ze strony innych.<\/p>\n<p>Czas realizacji produktu: 5-7 dni roboczych. Je\u017celi potrzebujesz niestandardowego rozmiaru skontaktuj si\u0119 z nami.<\/p>\n<p>Spodnie z wysokim stanem NEW YORK dost\u0119pne s\u0105 w dw\u00f3ch wersjach: z dopasowanymi ( SPODNIE NEW YORK wersja I) lub szerokimi nogawkami ( SPODNIE NEW YORK wersja II).<\/p>\n","protected":false},"excerpt":{"rendered":"<p>579Uszyjemy garnitur pod Tw\u00f3j wymiar bez dodatkowych op\u0142at! Ciao Bella Premium to nasz dzia\u0142 w kt\u00f3rym wychodzimy naprzeciw potrzebom kobiet, kt\u00f3re potrzebuj\u0105 indywidualnego podej\u015bcia do ubioru. Je\u017celi nosisz niestandardowy rozmiar, jeste\u015b kobiet\u0105 o niestandardowym wzro\u015bcie lub po prostu nie mo\u017cesz znale\u017a\u0107 idealnie skrojonych dla siebie spodni czy te\u017c potrzebujesz indywidualnego podej\u015bcia, chcesz mie\u0107 w swojej [&hellip;]<\/p>\n","protected":false},"featured_media":2621,"comment_status":"open","ping_status":"closed","template":"","meta":{"_monsterinsights_skip_tracking":false,"_monsterinsights_sitenote_active":false,"_monsterinsights_sitenote_note":"","_monsterinsights_sitenote_category":0},"product_brand":[],"product_cat":[77,68,45],"product_tag":[],"class_list":{"0":"post-2236","1":"product","2":"type-product","3":"status-publish","4":"has-post-thumbnail","6":"product_cat-sale","7":"product_cat-garnitury","8":"product_cat-spodnie","10":"first","11":"instock","12":"shipping-taxable","13":"purchasable","14":"product-type-variable"},"_links":{"self":[{"href":"https:\/\/ciaobella.com.pl\/index.php\/wp-json\/wp\/v2\/product\/2236","targetHints":{"allow":["GET"]}}],"collection":[{"href":"https:\/\/ciaobella.com.pl\/index.php\/wp-json\/wp\/v2\/product"}],"about":[{"href":"https:\/\/ciaobella.com.pl\/index.php\/wp-json\/wp\/v2\/types\/product"}],"replies":[{"embeddable":true,"href":"https:\/\/ciaobella.com.pl\/index.php\/wp-json\/wp\/v2\/comments?post=2236"}],"version-history":[{"count":6,"href":"https:\/\/ciaobella.com.pl\/index.php\/wp-json\/wp\/v2\/product\/2236\/revisions"}],"predecessor-version":[{"id":3641,"href":"https:\/\/ciaobella.com.pl\/index.php\/wp-json\/wp\/v2\/product\/2236\/revisions\/3641"}],"wp:featuredmedia":[{"embeddable":true,"href":"https:\/\/ciaobella.com.pl\/index.php\/wp-json\/wp\/v2\/media\/2621"}],"wp:attachment":[{"href":"https:\/\/ciaobella.com.pl\/index.php\/wp-json\/wp\/v2\/media?parent=2236"}],"wp:term":[{"taxonomy":"product_brand","embeddable":true,"href":"https:\/\/ciaobella.com.pl\/index.php\/wp-json\/wp\/v2\/product_brand?post=2236"},{"taxonomy":"product_cat","embeddable":true,"href":"https:\/\/ciaobella.com.pl\/index.php\/wp-json\/wp\/v2\/product_cat?post=2236"},{"taxonomy":"product_tag","embeddable":true,"href":"https:\/\/ciaobella.com.pl\/index.php\/wp-json\/wp\/v2\/product_tag?post=2236"}],"curies":[{"name":"wp","href":"https:\/\/api.w.org\/{rel}","templated":true}]}}