{"id":1242,"date":"2023-03-08T17:26:33","date_gmt":"2023-03-08T17:26:33","guid":{"rendered":"https:\/\/ciaobella.com.pl\/?post_type=product&#038;p=1242"},"modified":"2025-12-24T05:31:18","modified_gmt":"2025-12-24T05:31:18","slug":"koszula-amsterdam-champagne-2","status":"publish","type":"product","link":"https:\/\/ciaobella.com.pl\/index.php\/product\/koszula-amsterdam-champagne-2\/","title":{"rendered":"Koszula Amsterdam Champagne"},"content":{"rendered":"<div>Koszula z dekoltem Amsterdam w szampa\u0144skim kolorze to idealny wyb\u00f3r na ka\u017cd\u0105 okazj\u0119! Jest to bardzo praktyczny i uniwersalny element garderoby, kt\u00f3ry mo\u017cna \u0142atwo dopasowa\u0107 do wielu stylizacji. Mo\u017cesz j\u0105 nosi\u0107 na co dzie\u0144, do pracy, na spotkanie ze znajomymi lub na randk\u0119. Koszula z dekoltem Amsterdam jest bardzo elegancka i kobieca. Dodatkowo, jej klasyczny kr\u00f3j sprawia, \u017ce pasuje do wszystkiego. Mo\u017cesz j\u0105 nosi\u0107 ze spodniami, sp\u00f3dnicami lub szortami. Wystarczy odpowiednio dobra\u0107 dodatki, aby stworzy\u0107 modny i stylowy look. <span class=\"gwp7d4131c9_highlight\"><span class=\"gwp7d4131c9_colour\"><span class=\"gwp7d4131c9_font\"><span class=\"gwp7d4131c9_size\">Koszule z dekoltem s\u0105 tak\u017ce \u015bwietnym sposobem na podkre\u015blenie swojego stylu. Szampa\u0144ska koszula Amsterdam to naprawd\u0119 \u015bwietny element garderoby. Nie tylko doda Ci pewno\u015bci siebie, ale te\u017c pozwoli wygl\u0105da\u0107 modnie i stylowo!<\/span><\/span><\/span><\/span><\/div>\n<div>\n<div><\/div>\n<\/div>\n<div>Oto 4 powody dla kt\u00f3rych warto mie\u0107 t\u0119 koszul\u0119 w garderobie:<\/div>\n<div>1. Dobrze skrojona koszula to must have w ka\u017cdej szafie &#8211; jest uniwersalna i pasuje do wielu stylizacji.<\/div>\n<div>2. Jej materia\u0142 jest przyjemny w dotyku i dobrze si\u0119 uk\u0142ada na sylwetce.<\/div>\n<div>3. Ozdobne guziki nadadz\u0105 elegancji Twojej stylizacji.<\/div>\n<div>4. Koszula \u015bwietnie prezentuje si\u0119 zar\u00f3wno w casualowych, jak i eleganckich stylizacjach &#8211; wystarczy dobra\u0107 odpowiednie dodatki.<\/div>\n<div>\n<div><\/div>\n<\/div>\n<div>Je\u017celi szukasz ubioru kt\u00f3ry doda Ci pewno\u015bci siebie oraz zapewni elegancki look &#8211; szampa\u0144ska koszula z dekoltem Amsterdam to idealna propozycja dla Ciebie!<\/div>\n<div>\n<div><\/div>\n<\/div>\n<div>Koszula Amsterdam wyst\u0119puje w dw\u00f3ch kolorach: klasycznej bieli oraz w kolorze szampa\u0144skim. Dost\u0119pne rozmiary: S oraz M.<\/div>\n<div>\n<div><\/div>\n<\/div>\n<div>Sk\u0142ad: 87% poliester, 5% elastan, 7% bawe\u0142na<\/div>\n<div>\n<div>\n<div>\n<div><\/div>\n<\/div>\n<\/div>\n<\/div>\n<div><span class=\"gwp7d4131c9_colour\"><span class=\"gwp7d4131c9_font\"><span class=\"gwp7d4131c9_size\">Nasze produkty powstaj\u0105 z dba\u0142o\u015bci\u0105 o ka\u017cdy szczeg\u00f3\u0142, rekomendujemy pranie r\u0119czne.<\/span><\/span><\/span><\/div>\n<div>\n<p><img fetchpriority=\"high\" decoding=\"async\" class=\"alignnone wp-image-2309 size-full\" src=\"https:\/\/ciaobella.com.pl\/wp-content\/uploads\/2023\/03\/koszula-AMSTERDAM-WHITE-_-CHAMPAGNE.jpg\" alt=\"\" width=\"1000\" height=\"500\" srcset=\"https:\/\/ciaobella.com.pl\/wp-content\/uploads\/2023\/03\/koszula-AMSTERDAM-WHITE-_-CHAMPAGNE.jpg 1000w, https:\/\/ciaobella.com.pl\/wp-content\/uploads\/2023\/03\/koszula-AMSTERDAM-WHITE-_-CHAMPAGNE-600x300.jpg 600w, https:\/\/ciaobella.com.pl\/wp-content\/uploads\/2023\/03\/koszula-AMSTERDAM-WHITE-_-CHAMPAGNE-300x150.jpg 300w, https:\/\/ciaobella.com.pl\/wp-content\/uploads\/2023\/03\/koszula-AMSTERDAM-WHITE-_-CHAMPAGNE-768x384.jpg 768w\" sizes=\"(max-width: 1000px) 100vw, 1000px\" \/><\/p>\n<\/div>\n","protected":false},"excerpt":{"rendered":"<p>Koszula z dekoltem Amsterdam w szampa\u0144skim kolorze to idealny wyb\u00f3r na ka\u017cd\u0105 okazj\u0119! Jest to bardzo praktyczny i uniwersalny element garderoby, kt\u00f3ry mo\u017cna \u0142atwo dopasowa\u0107 do wielu stylizacji. Mo\u017cesz j\u0105 nosi\u0107 na co dzie\u0144, do pracy, na spotkanie ze znajomymi lub na randk\u0119. Koszula z dekoltem Amsterdam jest bardzo elegancka i kobieca. Dodatkowo, jej klasyczny [&hellip;]<\/p>\n","protected":false},"featured_media":3377,"comment_status":"open","ping_status":"closed","template":"","meta":{"_monsterinsights_skip_tracking":false,"_monsterinsights_sitenote_active":false,"_monsterinsights_sitenote_note":"","_monsterinsights_sitenote_category":0},"product_brand":[],"product_cat":[77,35],"product_tag":[],"class_list":{"0":"post-1242","1":"product","2":"type-product","3":"status-publish","4":"has-post-thumbnail","6":"product_cat-sale","7":"product_cat-koszule","9":"first","10":"instock","11":"shipping-taxable","12":"purchasable","13":"product-type-variable"},"_links":{"self":[{"href":"https:\/\/ciaobella.com.pl\/index.php\/wp-json\/wp\/v2\/product\/1242","targetHints":{"allow":["GET"]}}],"collection":[{"href":"https:\/\/ciaobella.com.pl\/index.php\/wp-json\/wp\/v2\/product"}],"about":[{"href":"https:\/\/ciaobella.com.pl\/index.php\/wp-json\/wp\/v2\/types\/product"}],"replies":[{"embeddable":true,"href":"https:\/\/ciaobella.com.pl\/index.php\/wp-json\/wp\/v2\/comments?post=1242"}],"version-history":[{"count":6,"href":"https:\/\/ciaobella.com.pl\/index.php\/wp-json\/wp\/v2\/product\/1242\/revisions"}],"predecessor-version":[{"id":2638,"href":"https:\/\/ciaobella.com.pl\/index.php\/wp-json\/wp\/v2\/product\/1242\/revisions\/2638"}],"wp:featuredmedia":[{"embeddable":true,"href":"https:\/\/ciaobella.com.pl\/index.php\/wp-json\/wp\/v2\/media\/3377"}],"wp:attachment":[{"href":"https:\/\/ciaobella.com.pl\/index.php\/wp-json\/wp\/v2\/media?parent=1242"}],"wp:term":[{"taxonomy":"product_brand","embeddable":true,"href":"https:\/\/ciaobella.com.pl\/index.php\/wp-json\/wp\/v2\/product_brand?post=1242"},{"taxonomy":"product_cat","embeddable":true,"href":"https:\/\/ciaobella.com.pl\/index.php\/wp-json\/wp\/v2\/product_cat?post=1242"},{"taxonomy":"product_tag","embeddable":true,"href":"https:\/\/ciaobella.com.pl\/index.php\/wp-json\/wp\/v2\/product_tag?post=1242"}],"curies":[{"name":"wp","href":"https:\/\/api.w.org\/{rel}","templated":true}]}}