{"id":1207,"date":"2023-03-08T17:26:27","date_gmt":"2023-03-08T17:26:27","guid":{"rendered":"https:\/\/ciaobella.com.pl\/?post_type=product&#038;p=1207"},"modified":"2025-06-13T11:07:54","modified_gmt":"2025-06-13T11:07:54","slug":"kimono-split-2","status":"publish","type":"product","link":"https:\/\/ciaobella.com.pl\/index.php\/product\/kimono-split-2\/","title":{"rendered":"kimono SPLIT"},"content":{"rendered":"<p>Kimono letnie Ciao Bella to idealny wyb\u00f3r na upalne dni i podr\u00f3\u017ce w tropiki! To lekki i zwiewny ubi\u00f3r, kt\u00f3ra pozwala czu\u0107 si\u0119 komfortowo i stylowo. Mo\u017cesz nosi\u0107 je do szort\u00f3w w po\u0142\u0105czeniu z crop topami w mie\u015bcie lub do stroju k\u0105pielowego na pla\u017cy. Dodatkowo, kimono jest bardzo uniwersalne i \u0142atwo je dopasowa\u0107 do ka\u017cdego stylu. Sprawd\u017a nasze propozycje i wybierz swoje ulubione letnie kimono. Kimono posiada wszyty pas, a r\u0119kaw zako\u0144czony jest gumk\u0105 co umo\u017cliwia dopasowanie go do swojej sylwetki.<\/p>\n<p>A oto 5 powod\u00f3w, dla kt\u00f3rych warto zainwestowa\u0107 w kimono:<br \/>\n1. Kimono jest wygodne a zarazem stylowe. Mo\u017cesz je za\u0142o\u017cy\u0107 na pla\u017c\u0119, ale tak\u017ce na imprez\u0119 czy spotkanie ze znajomymi latem.<br \/>\n2. Kimono pla\u017cowe s\u0105 bardzo lekkie i przewiewne, wi\u0119c idealnie nadaj\u0105 si\u0119 do noszenia w upalne dni.<br \/>\n3. S\u0105 one dost\u0119pne w r\u00f3\u017cnych kolorach i wzorach, wi\u0119c bez problemu mo\u017cesz dopasowa\u0107 je do swojego stylu.<br \/>\n4. Mo\u017cesz je \u0142atwo zestawia\u0107 z innymi elementami garderoby, tworz\u0105c niepowtarzalne stylizacje.<br \/>\n5. Ostatni pow\u00f3d to fakt, \u017ce pasuj\u0105 do ka\u017cdego typu figury. Wi\u0119c je\u015bli szukasz czego\u015b, co sprawi, \u017ce b\u0119dziesz wygl\u0105da\u0107 modnie i stylowo, a rozmiar na pewno oka\u017ce si\u0119 trafionym, kimono pla\u017cowe s\u0105 idealnym rozwi\u0105zaniem!<\/p>\n<p>Sk\u0142ad: 97% poliester, 3% elastan<br \/>\nKimono dost\u0119pne jest w trzech kolorach. Sprawd\u017a zak\u0142adk\u0119 lato i nasze propozycje.<\/p>\n<p>Nasze ubrania powstaj\u0105 z dba\u0142o\u015bci\u0105 o ka\u017cdy szczeg\u00f3\u0142, rekomendujemy pranie r\u0119czne.<img fetchpriority=\"high\" decoding=\"async\" class=\"alignnone wp-image-2315 size-full\" src=\"https:\/\/ciaobella.com.pl\/wp-content\/uploads\/2023\/03\/KIMONO-SPLIT-ZANZIBAR.jpg\" alt=\"\" width=\"1000\" height=\"500\" srcset=\"https:\/\/ciaobella.com.pl\/wp-content\/uploads\/2023\/03\/KIMONO-SPLIT-ZANZIBAR.jpg 1000w, https:\/\/ciaobella.com.pl\/wp-content\/uploads\/2023\/03\/KIMONO-SPLIT-ZANZIBAR-600x300.jpg 600w, https:\/\/ciaobella.com.pl\/wp-content\/uploads\/2023\/03\/KIMONO-SPLIT-ZANZIBAR-300x150.jpg 300w, https:\/\/ciaobella.com.pl\/wp-content\/uploads\/2023\/03\/KIMONO-SPLIT-ZANZIBAR-768x384.jpg 768w\" sizes=\"(max-width: 1000px) 100vw, 1000px\" \/><\/p>\n","protected":false},"excerpt":{"rendered":"<p>Kimono letnie Ciao Bella to idealny wyb\u00f3r na upalne dni i podr\u00f3\u017ce w tropiki! To lekki i zwiewny ubi\u00f3r, kt\u00f3ra pozwala czu\u0107 si\u0119 komfortowo i stylowo. Mo\u017cesz nosi\u0107 je do szort\u00f3w w po\u0142\u0105czeniu z crop topami w mie\u015bcie lub do stroju k\u0105pielowego na pla\u017cy. Dodatkowo, kimono jest bardzo uniwersalne i \u0142atwo je dopasowa\u0107 do ka\u017cdego [&hellip;]<\/p>\n","protected":false},"featured_media":1859,"comment_status":"open","ping_status":"closed","template":"","meta":{"_monsterinsights_skip_tracking":false,"_monsterinsights_sitenote_active":false,"_monsterinsights_sitenote_note":"","_monsterinsights_sitenote_category":0},"product_brand":[],"product_cat":[77,21],"product_tag":[47,51,49,50],"class_list":{"0":"post-1207","1":"product","2":"type-product","3":"status-publish","4":"has-post-thumbnail","6":"product_cat-sale","7":"product_cat-sukienki","8":"product_tag-kimono","9":"product_tag-lato","10":"product_tag-plaza","11":"product_tag-wakacje","13":"first","14":"instock","15":"shipping-taxable","16":"purchasable","17":"product-type-simple"},"_links":{"self":[{"href":"https:\/\/ciaobella.com.pl\/index.php\/wp-json\/wp\/v2\/product\/1207","targetHints":{"allow":["GET"]}}],"collection":[{"href":"https:\/\/ciaobella.com.pl\/index.php\/wp-json\/wp\/v2\/product"}],"about":[{"href":"https:\/\/ciaobella.com.pl\/index.php\/wp-json\/wp\/v2\/types\/product"}],"replies":[{"embeddable":true,"href":"https:\/\/ciaobella.com.pl\/index.php\/wp-json\/wp\/v2\/comments?post=1207"}],"version-history":[{"count":6,"href":"https:\/\/ciaobella.com.pl\/index.php\/wp-json\/wp\/v2\/product\/1207\/revisions"}],"predecessor-version":[{"id":2230,"href":"https:\/\/ciaobella.com.pl\/index.php\/wp-json\/wp\/v2\/product\/1207\/revisions\/2230"}],"wp:featuredmedia":[{"embeddable":true,"href":"https:\/\/ciaobella.com.pl\/index.php\/wp-json\/wp\/v2\/media\/1859"}],"wp:attachment":[{"href":"https:\/\/ciaobella.com.pl\/index.php\/wp-json\/wp\/v2\/media?parent=1207"}],"wp:term":[{"taxonomy":"product_brand","embeddable":true,"href":"https:\/\/ciaobella.com.pl\/index.php\/wp-json\/wp\/v2\/product_brand?post=1207"},{"taxonomy":"product_cat","embeddable":true,"href":"https:\/\/ciaobella.com.pl\/index.php\/wp-json\/wp\/v2\/product_cat?post=1207"},{"taxonomy":"product_tag","embeddable":true,"href":"https:\/\/ciaobella.com.pl\/index.php\/wp-json\/wp\/v2\/product_tag?post=1207"}],"curies":[{"name":"wp","href":"https:\/\/api.w.org\/{rel}","templated":true}]}}