{"id":1204,"date":"2023-03-08T17:26:26","date_gmt":"2023-03-08T17:26:26","guid":{"rendered":"https:\/\/ciaobella.com.pl\/?post_type=product&#038;p=1204"},"modified":"2025-06-13T11:13:23","modified_gmt":"2025-06-13T11:13:23","slug":"sukienka-napoli-2","status":"publish","type":"product","link":"https:\/\/ciaobella.com.pl\/index.php\/product\/sukienka-napoli-2\/","title":{"rendered":"Sukienka Napoli"},"content":{"rendered":"<div>Czy szukasz idealnej sukienki na wiosenne wyj\u015bcie? Oto nasza propozycja &#8211; sukienka w kropki w kolorze pudrowego r\u00f3\u017cu, Napoli! Ten modny wz\u00f3r jest uniwersalny i pasuje do wielu okazji. <span class=\"gwpc74c297d_highlight\"><span class=\"gwpc74c297d_colour\"><span class=\"gwpc74c297d_font\"><span class=\"gwpc74c297d_size\">Kropki to niezwykle modny wz\u00f3r, kt\u00f3ry od kilku sezon\u00f3w pojawia si\u0119 na ubraniach.<\/span><\/span><\/span><\/span><\/div>\n<div>\n<div>\n<div>\n<div>Wykonana z mi\u0119kkiego materia\u0142u, zapewni Ci komfort i stylowy wygl\u0105d.\u00a0<span class=\"gwpc74c297d_highlight\"><span class=\"gwpc74c297d_colour\"><span class=\"gwpc74c297d_font\"><span class=\"gwpc74c297d_size\">Dodatkowo mo\u017cesz j\u0105 \u0142atwo dostosowa\u0107 do swojego stylu ubierania si\u0119. Wystarczy doda\u0107 odpowiednie dodatki, aby stworzy\u0107 modny look.\u00a0Niezale\u017cnie od tego, jak j\u0105 udekorujesz, sukienka w kropki b\u0119dzie zawsze wygl\u0105da\u0107 modnie i stylowo!<\/span><\/span><\/span><\/span><\/div>\n<div><\/div>\n<div>Sukienka Napoli wyst\u0119puje w dw\u00f3ch rozmiarach: S oraz M.<\/div>\n<div><\/div>\n<div><\/div>\n<\/div>\n<\/div>\n<\/div>\n<div><span class=\"gwpc74c297d_colour\"><span class=\"gwpc74c297d_font\"><span class=\"gwpc74c297d_size\">Nasze ubrania powstaj\u0105 z dba\u0142o\u015bci\u0105 o ka\u017cdy szczeg\u00f3\u0142, rekomendujemy pranie r\u0119czne.<\/span><\/span><\/span><\/div>\n<div><\/div>\n<div><img fetchpriority=\"high\" decoding=\"async\" class=\"alignnone wp-image-2323 size-full\" src=\"https:\/\/ciaobella.com.pl\/wp-content\/uploads\/2023\/03\/sukienka-NAPOLI.jpg\" alt=\"\" width=\"1000\" height=\"500\" srcset=\"https:\/\/ciaobella.com.pl\/wp-content\/uploads\/2023\/03\/sukienka-NAPOLI.jpg 1000w, https:\/\/ciaobella.com.pl\/wp-content\/uploads\/2023\/03\/sukienka-NAPOLI-600x300.jpg 600w, https:\/\/ciaobella.com.pl\/wp-content\/uploads\/2023\/03\/sukienka-NAPOLI-300x150.jpg 300w, https:\/\/ciaobella.com.pl\/wp-content\/uploads\/2023\/03\/sukienka-NAPOLI-768x384.jpg 768w\" sizes=\"(max-width: 1000px) 100vw, 1000px\" \/><\/div>\n","protected":false},"excerpt":{"rendered":"<p>Czy szukasz idealnej sukienki na wiosenne wyj\u015bcie? Oto nasza propozycja &#8211; sukienka w kropki w kolorze pudrowego r\u00f3\u017cu, Napoli! Ten modny wz\u00f3r jest uniwersalny i pasuje do wielu okazji. Kropki to niezwykle modny wz\u00f3r, kt\u00f3ry od kilku sezon\u00f3w pojawia si\u0119 na ubraniach. Wykonana z mi\u0119kkiego materia\u0142u, zapewni Ci komfort i stylowy wygl\u0105d.\u00a0Dodatkowo mo\u017cesz j\u0105 \u0142atwo [&hellip;]<\/p>\n","protected":false},"featured_media":2594,"comment_status":"open","ping_status":"closed","template":"","meta":{"_monsterinsights_skip_tracking":false,"_monsterinsights_sitenote_active":false,"_monsterinsights_sitenote_note":"","_monsterinsights_sitenote_category":0},"product_brand":[],"product_cat":[77,21],"product_tag":[],"class_list":{"0":"post-1204","1":"product","2":"type-product","3":"status-publish","4":"has-post-thumbnail","6":"product_cat-sale","7":"product_cat-sukienki","9":"first","10":"instock","11":"shipping-taxable","12":"purchasable","13":"product-type-variable"},"_links":{"self":[{"href":"https:\/\/ciaobella.com.pl\/index.php\/wp-json\/wp\/v2\/product\/1204","targetHints":{"allow":["GET"]}}],"collection":[{"href":"https:\/\/ciaobella.com.pl\/index.php\/wp-json\/wp\/v2\/product"}],"about":[{"href":"https:\/\/ciaobella.com.pl\/index.php\/wp-json\/wp\/v2\/types\/product"}],"replies":[{"embeddable":true,"href":"https:\/\/ciaobella.com.pl\/index.php\/wp-json\/wp\/v2\/comments?post=1204"}],"version-history":[{"count":4,"href":"https:\/\/ciaobella.com.pl\/index.php\/wp-json\/wp\/v2\/product\/1204\/revisions"}],"predecessor-version":[{"id":3623,"href":"https:\/\/ciaobella.com.pl\/index.php\/wp-json\/wp\/v2\/product\/1204\/revisions\/3623"}],"wp:featuredmedia":[{"embeddable":true,"href":"https:\/\/ciaobella.com.pl\/index.php\/wp-json\/wp\/v2\/media\/2594"}],"wp:attachment":[{"href":"https:\/\/ciaobella.com.pl\/index.php\/wp-json\/wp\/v2\/media?parent=1204"}],"wp:term":[{"taxonomy":"product_brand","embeddable":true,"href":"https:\/\/ciaobella.com.pl\/index.php\/wp-json\/wp\/v2\/product_brand?post=1204"},{"taxonomy":"product_cat","embeddable":true,"href":"https:\/\/ciaobella.com.pl\/index.php\/wp-json\/wp\/v2\/product_cat?post=1204"},{"taxonomy":"product_tag","embeddable":true,"href":"https:\/\/ciaobella.com.pl\/index.php\/wp-json\/wp\/v2\/product_tag?post=1204"}],"curies":[{"name":"wp","href":"https:\/\/api.w.org\/{rel}","templated":true}]}}