{"id":1021,"date":"2023-03-08T17:25:43","date_gmt":"2023-03-08T17:25:43","guid":{"rendered":"https:\/\/ciaobella.com.pl\/?post_type=product&#038;p=1021"},"modified":"2025-06-13T11:14:00","modified_gmt":"2025-06-13T11:14:00","slug":"sukienka-sewilla-3","status":"publish","type":"product","link":"https:\/\/ciaobella.com.pl\/index.php\/product\/sukienka-sewilla-3\/","title":{"rendered":"Sukienka Sewilla"},"content":{"rendered":"<div>Sukienka Sewilla to totalny BESTSELLER naszej marki!<\/div>\n<div>Wiosenna sukienka w kwiaty to idealny wyb\u00f3r na ka\u017cd\u0105 okazj\u0119! Model Sewilla jest bardzo uniwersalny i pasuje do ka\u017cdego typu sylwetki. Dodatkowo, dzi\u0119ki swojemu wzorowi, nadaje stylizacji lekko\u015bci i \u015bwie\u017co\u015bci. Polecamy j\u0105 ka\u017cdej kobiecie, kt\u00f3ra chce poczu\u0107 si\u0119 pi\u0119knie i wyj\u0105tkowo! Sukienka Sewilla wykonana jest z najwy\u017cszej jako\u015bci wiskozy, kt\u00f3ra idealnie sprawdzi si\u0119 nawet w upalne dni, naturalny materia\u0142 pozwala sk\u00f3rze oddycha\u0107.<\/div>\n<div><\/div>\n<div>A oto pi\u0119\u0107 powod\u00f3w dla kt\u00f3rych warto zainwestowa\u0107 w wiskozow\u0105 sukienk\u0119 w kwiaty:<\/div>\n<div>1. Jest to idealny str\u00f3j na lato &#8211; lekki i przewiewny materia\u0142 sprawia, \u017ce jest ona wygodny i pozwala sk\u00f3rze oddycha\u0107 nawet w upalne dni.<\/div>\n<div>2. Jest to bardzo uniwersalny kr\u00f3j &#8211; mo\u017cna go nosi\u0107 na r\u00f3\u017cne okazje, od spotka\u0144 z przyjaci\u00f3\u0142mi po wyj\u015bcie do restauracji.<\/div>\n<div>3. Wygl\u0105da bardzo elegancko &#8211; sukienka jest bardzo stylowa i dodaje szyku ka\u017cdej kobiecie.<\/div>\n<div>4. Jest bardzo \u0142atwa w piel\u0119gnacji &#8211; materia\u0142 jest odporny na zagniecenia i nie wymaga specjalnego prasowania,a\u00a0 w dodatku bardzo szybko schnie.<\/div>\n<div>5. Mo\u017cna j\u0105 \u0142atwo dopasowa\u0107 do swojego stylu &#8211; mo\u017cna j\u0105 nosi\u0107 z r\u00f3\u017cnymi dodatkami, aby stworzy\u0107 unikalny look.<\/div>\n<div><\/div>\n<div><span class=\"gwp353fa46b_gwp7396c5d5_colour\"><span class=\"gwp353fa46b_gwp7396c5d5_size\">Sukienka Sewilla to idealny kr\u00f3j dla kobiet o ka\u017cdym typie figury, \u00a0dzi\u0119ki wi\u0105zanemu z ty\u0142u sukienki paskowi mo\u017cna dopasowa\u0107 j\u0105 do ka\u017cdej z Was.\u00a0Idealnie podkre\u015blona talia i biodra podkre\u015blaj\u0105 kobiece atuty, a d\u0142ugo\u015b\u0107 maxi z rozporkiem ods\u0142aniaj\u0105cym nog\u0119 \u2013 dodaje seksapilu.\u00a0<\/span><\/span>Sukienka \u015bwietnie nadaje si\u0119 do eleganckich stylizacji jak i do noszenia na codzie\u0144, w mniej oficjalnym stylu, np. ze sneakersami.<\/div>\n<div><\/div>\n<div>Je\u017celi szukasz modnej i praktycznej sukienki idealnej na lato, sprawd\u017a nasz\u0105 propozycj\u0119.<\/div>\n<div><\/div>\n<div>Sk\u0142ad: 100% wiskoza.<\/div>\n<div><\/div>\n<div>Sukienka Sewilla dost\u0119pna jest w trzech rozmiarach: S, M oraz L.<\/div>\n<div><\/div>\n<div>Nasze produkty powstaj\u0105 z dba\u0142o\u015bci\u0105 o ka\u017cdy szczeg\u00f3\u0142. Rekomendujemy pranie r\u0119czne.<img fetchpriority=\"high\" decoding=\"async\" class=\"alignnone wp-image-2330 size-full\" src=\"https:\/\/ciaobella.com.pl\/wp-content\/uploads\/2023\/03\/sukienka-SEWILLA-w-kwiaty.jpg\" alt=\"\" width=\"1000\" height=\"500\" srcset=\"https:\/\/ciaobella.com.pl\/wp-content\/uploads\/2023\/03\/sukienka-SEWILLA-w-kwiaty.jpg 1000w, https:\/\/ciaobella.com.pl\/wp-content\/uploads\/2023\/03\/sukienka-SEWILLA-w-kwiaty-600x300.jpg 600w, https:\/\/ciaobella.com.pl\/wp-content\/uploads\/2023\/03\/sukienka-SEWILLA-w-kwiaty-300x150.jpg 300w, https:\/\/ciaobella.com.pl\/wp-content\/uploads\/2023\/03\/sukienka-SEWILLA-w-kwiaty-768x384.jpg 768w\" sizes=\"(max-width: 1000px) 100vw, 1000px\" \/><\/div>\n","protected":false},"excerpt":{"rendered":"<p>Sukienka Sewilla to totalny BESTSELLER naszej marki! Wiosenna sukienka w kwiaty to idealny wyb\u00f3r na ka\u017cd\u0105 okazj\u0119! Model Sewilla jest bardzo uniwersalny i pasuje do ka\u017cdego typu sylwetki. Dodatkowo, dzi\u0119ki swojemu wzorowi, nadaje stylizacji lekko\u015bci i \u015bwie\u017co\u015bci. Polecamy j\u0105 ka\u017cdej kobiecie, kt\u00f3ra chce poczu\u0107 si\u0119 pi\u0119knie i wyj\u0105tkowo! Sukienka Sewilla wykonana jest z najwy\u017cszej jako\u015bci [&hellip;]<\/p>\n","protected":false},"featured_media":1915,"comment_status":"open","ping_status":"closed","template":"","meta":{"_monsterinsights_skip_tracking":false,"_monsterinsights_sitenote_active":false,"_monsterinsights_sitenote_note":"","_monsterinsights_sitenote_category":0},"product_brand":[],"product_cat":[77,21],"product_tag":[],"class_list":{"0":"post-1021","1":"product","2":"type-product","3":"status-publish","4":"has-post-thumbnail","6":"product_cat-sale","7":"product_cat-sukienki","9":"first","10":"instock","11":"shipping-taxable","12":"purchasable","13":"product-type-variable"},"_links":{"self":[{"href":"https:\/\/ciaobella.com.pl\/index.php\/wp-json\/wp\/v2\/product\/1021","targetHints":{"allow":["GET"]}}],"collection":[{"href":"https:\/\/ciaobella.com.pl\/index.php\/wp-json\/wp\/v2\/product"}],"about":[{"href":"https:\/\/ciaobella.com.pl\/index.php\/wp-json\/wp\/v2\/types\/product"}],"replies":[{"embeddable":true,"href":"https:\/\/ciaobella.com.pl\/index.php\/wp-json\/wp\/v2\/comments?post=1021"}],"version-history":[{"count":4,"href":"https:\/\/ciaobella.com.pl\/index.php\/wp-json\/wp\/v2\/product\/1021\/revisions"}],"predecessor-version":[{"id":2596,"href":"https:\/\/ciaobella.com.pl\/index.php\/wp-json\/wp\/v2\/product\/1021\/revisions\/2596"}],"wp:featuredmedia":[{"embeddable":true,"href":"https:\/\/ciaobella.com.pl\/index.php\/wp-json\/wp\/v2\/media\/1915"}],"wp:attachment":[{"href":"https:\/\/ciaobella.com.pl\/index.php\/wp-json\/wp\/v2\/media?parent=1021"}],"wp:term":[{"taxonomy":"product_brand","embeddable":true,"href":"https:\/\/ciaobella.com.pl\/index.php\/wp-json\/wp\/v2\/product_brand?post=1021"},{"taxonomy":"product_cat","embeddable":true,"href":"https:\/\/ciaobella.com.pl\/index.php\/wp-json\/wp\/v2\/product_cat?post=1021"},{"taxonomy":"product_tag","embeddable":true,"href":"https:\/\/ciaobella.com.pl\/index.php\/wp-json\/wp\/v2\/product_tag?post=1021"}],"curies":[{"name":"wp","href":"https:\/\/api.w.org\/{rel}","templated":true}]}}