{"id":1019,"date":"2023-03-08T17:25:42","date_gmt":"2023-03-08T17:25:42","guid":{"rendered":"https:\/\/ciaobella.com.pl\/?post_type=product&#038;p=1019"},"modified":"2025-06-13T11:15:04","modified_gmt":"2025-06-13T11:15:04","slug":"koszula-honolulu-2","status":"publish","type":"product","link":"https:\/\/ciaobella.com.pl\/index.php\/product\/koszula-honolulu-2\/","title":{"rendered":"Koszula HONOLULU"},"content":{"rendered":"<div>Koszula w kwiaty to idealny wyb\u00f3r na wiosenne i letnie dni! Jest kobieca, lekka i bardzo stylowa. \u015awietnie prezentuje si\u0119 zar\u00f3wno w zestawieniu z jeansami, jak i z eleganckimi spodniami. Mo\u017cesz j\u0105 nosi\u0107 do pracy, na spotkanie ze znajomymi, na randk\u0119 czy oficjalne wyj\u015bcia.<\/div>\n<div><\/div>\n<div>Koszula w kwiaty to jeden z najbardziej modnych trend\u00f3w ostatnich sezon\u00f3w. Jednak wci\u0105\u017c istnieje wiele mit\u00f3w na jej temat. Przyjrzyjmy si\u0119 im bli\u017cej!<\/div>\n<div>Mit 1: Koszula w kwiaty to zarezerwowana tylko dla starszych pa\u0144. Nic bardziej mylnego! Koszula w kwiaty doskonale sprawdzi si\u0119 u os\u00f3b w ka\u017cdym wieku. Wystarczy odpowiednio dobra\u0107 jej fason i kolorystyk\u0119, aby wygl\u0105da\u0107 modnie i stylowo.<\/div>\n<div>Mit 2: Koszula w kwiaty to str\u00f3j tylko na lato. To kolejny mit, kt\u00f3ry trzeba obali\u0107! Koszule w kwiaty mog\u0105 by\u0107 noszone przez ca\u0142y rok &#8211; wystarczy dobra\u0107 do nich odpowiedni\u0105 okrycie wierzchnie, aby stworzy\u0107 modny i ciep\u0142y zestaw.<\/div>\n<div>Mit 3: Koszule w kwiaty s\u0105 nudne. Nic bardziej mylnego! Koszule w kwiaty s\u0105 bardzo r\u00f3\u017cnorodne &#8211; mo\u017cna znale\u017a\u0107 modele zar\u00f3wno delikatne, jak i bardziej odwa\u017cne. Ka\u017cdy znajdzie co\u015b dla siebie!<\/div>\n<div>Mit 4: Koszule w kwiaty s\u0105 trudne do skomponowania. To nieprawda! Koszule w kwiaty doskonale \u0142\u0105cz\u0105 si\u0119 zar\u00f3wno ze spodniami, jak i sp\u00f3dnicami &#8211; wszystko zale\u017cy od tego, jaki efekt chcemy uzyska\u0107.<\/div>\n<div>Mit 5: Koszule w kwiaty s\u0105 drogie. To nieprawda! Mo\u017cna znale\u017a\u0107 pi\u0119kne modele w przyst\u0119pnych cenach.<\/div>\n<div>Jednym z nich jest bawe\u0142niano &#8211; wiskozowa koszula Honolulu wykonana z naturalnej w 100% tkaniny.<\/div>\n<div><\/div>\n<div>Sprawd\u017a nasze propozycje koszul i sukienek w kwiaty i odkryj sw\u00f3j ulubiony model! Je\u015bli chcesz by\u0107 na bie\u017c\u0105co z naszymi nowo\u015bciami, obserwuj nas na Instagramie!<\/div>\n<div><\/div>\n<p class=\"gwp353fa46b_p1\"><span class=\"gwp353fa46b_s1\">Sk\u0142ad:<\/span> 90% bawe\u0142na, 10% wiskoza<\/p>\n<p class=\"gwp353fa46b_p2\">Koszula Honolulu wyst\u0119puje w trzech rozmiarach: S, M oraz L.<\/p>\n<div>Nasze produkty powstaj\u0105 z dba\u0142o\u015bci\u0105 o ka\u017cdy szczeg\u00f3\u0142. Rekomendujemy pranie r\u0119czne.<img fetchpriority=\"high\" decoding=\"async\" class=\"alignnone wp-image-2332 size-full\" src=\"https:\/\/ciaobella.com.pl\/wp-content\/uploads\/2023\/03\/koszula-HONOLULU.jpg\" alt=\"\" width=\"1000\" height=\"500\" srcset=\"https:\/\/ciaobella.com.pl\/wp-content\/uploads\/2023\/03\/koszula-HONOLULU.jpg 1000w, https:\/\/ciaobella.com.pl\/wp-content\/uploads\/2023\/03\/koszula-HONOLULU-600x300.jpg 600w, https:\/\/ciaobella.com.pl\/wp-content\/uploads\/2023\/03\/koszula-HONOLULU-300x150.jpg 300w, https:\/\/ciaobella.com.pl\/wp-content\/uploads\/2023\/03\/koszula-HONOLULU-768x384.jpg 768w\" sizes=\"(max-width: 1000px) 100vw, 1000px\" \/><\/div>\n","protected":false},"excerpt":{"rendered":"<p>Koszula w kwiaty to idealny wyb\u00f3r na wiosenne i letnie dni! Jest kobieca, lekka i bardzo stylowa. \u015awietnie prezentuje si\u0119 zar\u00f3wno w zestawieniu z jeansami, jak i z eleganckimi spodniami. Mo\u017cesz j\u0105 nosi\u0107 do pracy, na spotkanie ze znajomymi, na randk\u0119 czy oficjalne wyj\u015bcia. Koszula w kwiaty to jeden z najbardziej modnych trend\u00f3w ostatnich sezon\u00f3w. [&hellip;]<\/p>\n","protected":false},"featured_media":2430,"comment_status":"open","ping_status":"closed","template":"","meta":{"_monsterinsights_skip_tracking":false,"_monsterinsights_sitenote_active":false,"_monsterinsights_sitenote_note":"","_monsterinsights_sitenote_category":0},"product_brand":[],"product_cat":[77,35],"product_tag":[],"class_list":{"0":"post-1019","1":"product","2":"type-product","3":"status-publish","4":"has-post-thumbnail","6":"product_cat-sale","7":"product_cat-koszule","9":"first","10":"instock","11":"shipping-taxable","12":"purchasable","13":"product-type-variable"},"_links":{"self":[{"href":"https:\/\/ciaobella.com.pl\/index.php\/wp-json\/wp\/v2\/product\/1019","targetHints":{"allow":["GET"]}}],"collection":[{"href":"https:\/\/ciaobella.com.pl\/index.php\/wp-json\/wp\/v2\/product"}],"about":[{"href":"https:\/\/ciaobella.com.pl\/index.php\/wp-json\/wp\/v2\/types\/product"}],"replies":[{"embeddable":true,"href":"https:\/\/ciaobella.com.pl\/index.php\/wp-json\/wp\/v2\/comments?post=1019"}],"version-history":[{"count":3,"href":"https:\/\/ciaobella.com.pl\/index.php\/wp-json\/wp\/v2\/product\/1019\/revisions"}],"predecessor-version":[{"id":2333,"href":"https:\/\/ciaobella.com.pl\/index.php\/wp-json\/wp\/v2\/product\/1019\/revisions\/2333"}],"wp:featuredmedia":[{"embeddable":true,"href":"https:\/\/ciaobella.com.pl\/index.php\/wp-json\/wp\/v2\/media\/2430"}],"wp:attachment":[{"href":"https:\/\/ciaobella.com.pl\/index.php\/wp-json\/wp\/v2\/media?parent=1019"}],"wp:term":[{"taxonomy":"product_brand","embeddable":true,"href":"https:\/\/ciaobella.com.pl\/index.php\/wp-json\/wp\/v2\/product_brand?post=1019"},{"taxonomy":"product_cat","embeddable":true,"href":"https:\/\/ciaobella.com.pl\/index.php\/wp-json\/wp\/v2\/product_cat?post=1019"},{"taxonomy":"product_tag","embeddable":true,"href":"https:\/\/ciaobella.com.pl\/index.php\/wp-json\/wp\/v2\/product_tag?post=1019"}],"curies":[{"name":"wp","href":"https:\/\/api.w.org\/{rel}","templated":true}]}}