{"id":1014,"date":"2023-03-08T17:25:42","date_gmt":"2023-03-08T17:25:42","guid":{"rendered":"https:\/\/ciaobella.com.pl\/?post_type=product&#038;p=1014"},"modified":"2025-06-13T11:20:38","modified_gmt":"2025-06-13T11:20:38","slug":"marynarka-paris-long-nude-2","status":"publish","type":"product","link":"https:\/\/ciaobella.com.pl\/index.php\/product\/marynarka-paris-long-nude-2\/","title":{"rendered":"Marynarka Paris LONG NUDE"},"content":{"rendered":"<p>Be\u017cowa marynarka Paris Long Nude to niezwykle uniwersalny element garderoby, kt\u00f3ry sprawdzi si\u0119 zar\u00f3wno w stylizacjach casualowych, jak i eleganckich. Oto 5 powod\u00f3w, dla kt\u00f3rych warto mie\u0107 j\u0105 w swojej szafie:<br \/>\n1. Be\u017cowa marynarka jest bardzo uniwersalna &#8211; mo\u017cesz j\u0105 \u0142\u0105czy\u0107 zar\u00f3wno z jeansami, jak i spodniami w kant.<br \/>\n2. Jest idealna na ka\u017cd\u0105 por\u0119 roku &#8211; ciep\u0142y be\u017cowy odcie\u0144 sprawdzi si\u0119 zar\u00f3wno latem, jak i zim\u0105.<br \/>\n3. Mo\u017cesz j\u0105 \u0142atwo dopasowa\u0107 do innych element\u00f3w garderoby &#8211; be\u017cowa marynarka pasuje do wielu kolor\u00f3w i wzor\u00f3w.<br \/>\n4. Jest bardzo klasyczna i elegancka &#8211; be\u017cowa marynarka dodaje ka\u017cdej stylizacji szyku i klasy.<br \/>\n5. Jest bardzo wygodna &#8211; be\u017cowa marynarka wykonana jest z mi\u0119kkich materia\u0142\u00f3w, dzi\u0119ki czemu jest bardzo wygodna w noszeniu.<\/p>\n<p>Be\u017cowa marynarka Paris Long Nude wyst\u0119puje w trzech rozmiarach: S, M oraz L.<\/p>\n<p>Sk\u0142ad marynarki: 88 % poliester, 5% elastan, 7% bawe\u0142na.<\/p>\n<p>Dzi\u0119ki po\u0142\u0105czeniu poliestru z elastanem i bawe\u0142n\u0105 be\u017cowa marynarka nie ulega zagnieceniom.<\/p>\n<p>Nasze ubrania powstaj\u0105 z dba\u0142o\u015bci\u0105 o ka\u017cdy szczeg\u00f3\u0142 &#8211; rekomendujemy pranie r\u0119czne.<img fetchpriority=\"high\" decoding=\"async\" class=\"alignnone wp-image-2334 size-full\" src=\"https:\/\/ciaobella.com.pl\/wp-content\/uploads\/2023\/03\/marynarka-PARIS-LONG-NUDE-_-PINK.jpg\" alt=\"\" width=\"1000\" height=\"500\" srcset=\"https:\/\/ciaobella.com.pl\/wp-content\/uploads\/2023\/03\/marynarka-PARIS-LONG-NUDE-_-PINK.jpg 1000w, https:\/\/ciaobella.com.pl\/wp-content\/uploads\/2023\/03\/marynarka-PARIS-LONG-NUDE-_-PINK-600x300.jpg 600w, https:\/\/ciaobella.com.pl\/wp-content\/uploads\/2023\/03\/marynarka-PARIS-LONG-NUDE-_-PINK-300x150.jpg 300w, https:\/\/ciaobella.com.pl\/wp-content\/uploads\/2023\/03\/marynarka-PARIS-LONG-NUDE-_-PINK-768x384.jpg 768w\" sizes=\"(max-width: 1000px) 100vw, 1000px\" \/><\/p>\n","protected":false},"excerpt":{"rendered":"<p>Be\u017cowa marynarka Paris Long Nude to niezwykle uniwersalny element garderoby, kt\u00f3ry sprawdzi si\u0119 zar\u00f3wno w stylizacjach casualowych, jak i eleganckich. Oto 5 powod\u00f3w, dla kt\u00f3rych warto mie\u0107 j\u0105 w swojej szafie: 1. Be\u017cowa marynarka jest bardzo uniwersalna &#8211; mo\u017cesz j\u0105 \u0142\u0105czy\u0107 zar\u00f3wno z jeansami, jak i spodniami w kant. 2. Jest idealna na ka\u017cd\u0105 por\u0119 [&hellip;]<\/p>\n","protected":false},"featured_media":1894,"comment_status":"open","ping_status":"closed","template":"","meta":{"_monsterinsights_skip_tracking":false,"_monsterinsights_sitenote_active":false,"_monsterinsights_sitenote_note":"","_monsterinsights_sitenote_category":0},"product_brand":[],"product_cat":[77,19],"product_tag":[],"class_list":{"0":"post-1014","1":"product","2":"type-product","3":"status-publish","4":"has-post-thumbnail","6":"product_cat-sale","7":"product_cat-marynarki","9":"first","10":"instock","11":"shipping-taxable","12":"purchasable","13":"product-type-variable"},"_links":{"self":[{"href":"https:\/\/ciaobella.com.pl\/index.php\/wp-json\/wp\/v2\/product\/1014","targetHints":{"allow":["GET"]}}],"collection":[{"href":"https:\/\/ciaobella.com.pl\/index.php\/wp-json\/wp\/v2\/product"}],"about":[{"href":"https:\/\/ciaobella.com.pl\/index.php\/wp-json\/wp\/v2\/types\/product"}],"replies":[{"embeddable":true,"href":"https:\/\/ciaobella.com.pl\/index.php\/wp-json\/wp\/v2\/comments?post=1014"}],"version-history":[{"count":4,"href":"https:\/\/ciaobella.com.pl\/index.php\/wp-json\/wp\/v2\/product\/1014\/revisions"}],"predecessor-version":[{"id":2337,"href":"https:\/\/ciaobella.com.pl\/index.php\/wp-json\/wp\/v2\/product\/1014\/revisions\/2337"}],"wp:featuredmedia":[{"embeddable":true,"href":"https:\/\/ciaobella.com.pl\/index.php\/wp-json\/wp\/v2\/media\/1894"}],"wp:attachment":[{"href":"https:\/\/ciaobella.com.pl\/index.php\/wp-json\/wp\/v2\/media?parent=1014"}],"wp:term":[{"taxonomy":"product_brand","embeddable":true,"href":"https:\/\/ciaobella.com.pl\/index.php\/wp-json\/wp\/v2\/product_brand?post=1014"},{"taxonomy":"product_cat","embeddable":true,"href":"https:\/\/ciaobella.com.pl\/index.php\/wp-json\/wp\/v2\/product_cat?post=1014"},{"taxonomy":"product_tag","embeddable":true,"href":"https:\/\/ciaobella.com.pl\/index.php\/wp-json\/wp\/v2\/product_tag?post=1014"}],"curies":[{"name":"wp","href":"https:\/\/api.w.org\/{rel}","templated":true}]}}