{"id":1013,"date":"2023-03-08T17:25:41","date_gmt":"2023-03-08T17:25:41","guid":{"rendered":"https:\/\/ciaobella.com.pl\/?post_type=product&#038;p=1013"},"modified":"2025-06-13T11:26:13","modified_gmt":"2025-06-13T11:26:13","slug":"marynarka-paris-long-pink-2","status":"publish","type":"product","link":"https:\/\/ciaobella.com.pl\/index.php\/product\/marynarka-paris-long-pink-2\/","title":{"rendered":"Marynarka Paris LONG PINK"},"content":{"rendered":"<div>R\u00f3\u017cowa marynarka to idealny wyb\u00f3r na wiosenne i letnie dni. Jest to uniwersalny element garderoby, kt\u00f3ry mo\u017cna \u0142atwo dopasowa\u0107 do r\u00f3\u017cnych stylizacji. Mo\u017cesz j\u0105 zestawi\u0107 z jeansami lub g\u0142adkimi spodniami , a tak\u017ce z sukienk\u0105 lub sp\u00f3dnic\u0105. To klasyczny element, kt\u00f3ry nigdy nie wychodzi z mody. Sprawd\u017a nasz\u0105 propozycje i odkryj swoj\u0105 ulubion\u0105 r\u00f3\u017cow\u0105 marynark\u0119! #r\u00f3\u017cowamarynarka #modoweinspiracje #stylizacje #modawiosenna #modaletnia<\/div>\n<div>Obserwuj nas, aby by\u0107 na bie\u017c\u0105co z najnowszymi trendami modowymi! Marynarka Paris Long dost\u0119pna jest w czterech kolorach: r\u00f3\u017cowym, bia\u0142ym, czarnym oraz be\u017cowym. Sprawd\u017a ofert\u0119 dost\u0119pnych w naszym sklepie marynarek! Produkty Ciao Bella s\u0105 wykonane z wysokiej jako\u015bci materia\u0142\u00f3w, dzi\u0119ki czemu s\u0105 trwa\u0142e i wygodne. Oferujemy szeroki wyb\u00f3r fason\u00f3w i kolor\u00f3w, dzi\u0119ki czemu z pewno\u015bci\u0105 ka\u017cda kobieta znajdzie co\u015b dla siebie. Je\u015bli szukasz modnych marynarek znajdziesz je w ofercie Ciao Bella.<\/div>\n<div><\/div>\n<div>#modoweinspiracje #trendymodowe #modoweokazje #modowenowo\u015bci #modowefakty<\/div>\n<div class=\"gwp826f559e_Message-content\">\n<div id=\"gwp826f559e_gwp2cdb1793\">\n<div id=\"gwp826f559e_gwp2cdb1793h\">\n<div class=\"gwp826f559e_gwp2cdb1793b\" data-message-body=\"true\">\n<div>\n<div><\/div>\n<\/div>\n<div>R\u00f3\u017cowa marynarka Paris Long Pink wyst\u0119puje w trzech rozmiarach: S, M oraz L.<\/div>\n<div>\n<div><\/div>\n<\/div>\n<div>Sk\u0142ad marynarki: 88 % poliester, 5% wiskoza, 7% bawe\u0142na.<\/div>\n<div>\n<div><\/div>\n<\/div>\n<div>Dzi\u0119ki po\u0142\u0105czeniu poliestru z wiskoz\u0105 i bawe\u0142n\u0105 be\u017cowa marynarka nie ulega zagnieceniom.<\/div>\n<div>\n<div><\/div>\n<\/div>\n<div>Nasze ubrania powstaj\u0105 z dba\u0142o\u015bci\u0105 o ka\u017cdy szczeg\u00f3\u0142 &#8211; rekomendujemy pranie r\u0119czne.<img fetchpriority=\"high\" decoding=\"async\" class=\"alignnone wp-image-2335 size-full\" src=\"https:\/\/ciaobella.com.pl\/wp-content\/uploads\/2023\/03\/marynarka-PARIS-LONG-NUDE-_-PINK-1.jpg\" alt=\"\" width=\"1000\" height=\"500\" srcset=\"https:\/\/ciaobella.com.pl\/wp-content\/uploads\/2023\/03\/marynarka-PARIS-LONG-NUDE-_-PINK-1.jpg 1000w, https:\/\/ciaobella.com.pl\/wp-content\/uploads\/2023\/03\/marynarka-PARIS-LONG-NUDE-_-PINK-1-600x300.jpg 600w, https:\/\/ciaobella.com.pl\/wp-content\/uploads\/2023\/03\/marynarka-PARIS-LONG-NUDE-_-PINK-1-300x150.jpg 300w, https:\/\/ciaobella.com.pl\/wp-content\/uploads\/2023\/03\/marynarka-PARIS-LONG-NUDE-_-PINK-1-768x384.jpg 768w\" sizes=\"(max-width: 1000px) 100vw, 1000px\" \/><\/div>\n<\/div>\n<\/div>\n<\/div>\n<\/div>\n","protected":false},"excerpt":{"rendered":"<p>R\u00f3\u017cowa marynarka to idealny wyb\u00f3r na wiosenne i letnie dni. Jest to uniwersalny element garderoby, kt\u00f3ry mo\u017cna \u0142atwo dopasowa\u0107 do r\u00f3\u017cnych stylizacji. Mo\u017cesz j\u0105 zestawi\u0107 z jeansami lub g\u0142adkimi spodniami , a tak\u017ce z sukienk\u0105 lub sp\u00f3dnic\u0105. To klasyczny element, kt\u00f3ry nigdy nie wychodzi z mody. Sprawd\u017a nasz\u0105 propozycje i odkryj swoj\u0105 ulubion\u0105 r\u00f3\u017cow\u0105 marynark\u0119! [&hellip;]<\/p>\n","protected":false},"featured_media":1901,"comment_status":"open","ping_status":"closed","template":"","meta":{"_monsterinsights_skip_tracking":false,"_monsterinsights_sitenote_active":false,"_monsterinsights_sitenote_note":"","_monsterinsights_sitenote_category":0},"product_brand":[],"product_cat":[77,19],"product_tag":[],"class_list":{"0":"post-1013","1":"product","2":"type-product","3":"status-publish","4":"has-post-thumbnail","6":"product_cat-sale","7":"product_cat-marynarki","9":"first","10":"instock","11":"shipping-taxable","12":"purchasable","13":"product-type-variable"},"_links":{"self":[{"href":"https:\/\/ciaobella.com.pl\/index.php\/wp-json\/wp\/v2\/product\/1013","targetHints":{"allow":["GET"]}}],"collection":[{"href":"https:\/\/ciaobella.com.pl\/index.php\/wp-json\/wp\/v2\/product"}],"about":[{"href":"https:\/\/ciaobella.com.pl\/index.php\/wp-json\/wp\/v2\/types\/product"}],"replies":[{"embeddable":true,"href":"https:\/\/ciaobella.com.pl\/index.php\/wp-json\/wp\/v2\/comments?post=1013"}],"version-history":[{"count":3,"href":"https:\/\/ciaobella.com.pl\/index.php\/wp-json\/wp\/v2\/product\/1013\/revisions"}],"predecessor-version":[{"id":2338,"href":"https:\/\/ciaobella.com.pl\/index.php\/wp-json\/wp\/v2\/product\/1013\/revisions\/2338"}],"wp:featuredmedia":[{"embeddable":true,"href":"https:\/\/ciaobella.com.pl\/index.php\/wp-json\/wp\/v2\/media\/1901"}],"wp:attachment":[{"href":"https:\/\/ciaobella.com.pl\/index.php\/wp-json\/wp\/v2\/media?parent=1013"}],"wp:term":[{"taxonomy":"product_brand","embeddable":true,"href":"https:\/\/ciaobella.com.pl\/index.php\/wp-json\/wp\/v2\/product_brand?post=1013"},{"taxonomy":"product_cat","embeddable":true,"href":"https:\/\/ciaobella.com.pl\/index.php\/wp-json\/wp\/v2\/product_cat?post=1013"},{"taxonomy":"product_tag","embeddable":true,"href":"https:\/\/ciaobella.com.pl\/index.php\/wp-json\/wp\/v2\/product_tag?post=1013"}],"curies":[{"name":"wp","href":"https:\/\/api.w.org\/{rel}","templated":true}]}}