{"id":1012,"date":"2023-03-08T17:25:41","date_gmt":"2023-03-08T17:25:41","guid":{"rendered":"https:\/\/ciaobella.com.pl\/?post_type=product&#038;p=1012"},"modified":"2025-06-13T11:25:34","modified_gmt":"2025-06-13T11:25:34","slug":"marynarka-paris-long-black-2","status":"publish","type":"product","link":"https:\/\/ciaobella.com.pl\/index.php\/product\/marynarka-paris-long-black-2\/","title":{"rendered":"Marynarka Paris LONG BLACK"},"content":{"rendered":"<div>Czarna marynarka damska to jeden z najbardziej uniwersalnych element\u00f3w garderoby. Pasuje do wielu stylizacji, dzi\u0119ki czemu mo\u017cna j\u0105 nosi\u0107 na wiele r\u00f3\u017cnych okazji. Mo\u017ce by\u0107 noszona zar\u00f3wno do pracy, jak i na wyj\u015bcie ze znajomymi. Jest idealna na spotkania biznesowe, ale tak\u017ce na randki. Wybieraj\u0105c marynark\u0119, warto zwr\u00f3ci\u0107 uwag\u0119 na jej kr\u00f3j i materia\u0142. Dobrze dopasowana marynarka z odpowiedniego materia\u0142u mo\u017ce sprawi\u0107, \u017ce b\u0119dziemy wygl\u0105da\u0107 elegancko i profesjonalnie. Je\u015bli szukasz czarnej marynarki damskiej, kt\u00f3ra spe\u0142ni Twoje oczekiwania, sprawd\u017a propozycj\u0119 od Ciao Bella. Z\u0142ota nitka oraz z\u0142ote guziki w marynarce dodaj\u0105 elegancji i oryginalno\u015bci ca\u0142ej stylizacji.<\/div>\n<div><\/div>\n<div>Czarna marynarka Paris Black Long to modu\u0142owa marynarka, kt\u00f3r\u0105 mo\u017cesz po\u0142\u0105czy\u0107 z szortami z wysokim stanem i z\u0142otymi guzikami lub sp\u00f3dnic\u0105 z kolekcji PARIS.<\/div>\n<div><\/div>\n<div class=\"gwp826f559e_Message-content\">\n<div id=\"gwp826f559e_gwp2cdb1793\">\n<div id=\"gwp826f559e_gwp2cdb1793h\">\n<div class=\"gwp826f559e_gwp2cdb1793b\" data-message-body=\"true\">\n<div>Czarna marynarka Paris Long Black wyst\u0119puje w czterecg rozmiarach: S, M , L, XL.<\/div>\n<div>\n<div>\n<div>\n<div><\/div>\n<\/div>\n<\/div>\n<\/div>\n<div>Sk\u0142ad marynarki: 52% bawe\u0142na, 33% wiskoza, 15% poliakryl.<\/div>\n<div>\n<div>\n<div>\n<div><\/div>\n<\/div>\n<\/div>\n<\/div>\n<div>Dzi\u0119ki po\u0142\u0105czeniu bawe\u0142ny z wiskoz\u0105 i poliakrylem marynarka nie ulega zagnieceniom.<\/div>\n<div>\n<div>\n<div>\n<div><\/div>\n<\/div>\n<\/div>\n<\/div>\n<div>Nasze ubrania powstaj\u0105 z dba\u0142o\u015bci\u0105 o ka\u017cdy szczeg\u00f3\u0142 &#8211; rekomendujemy pranie r\u0119czne.<img fetchpriority=\"high\" decoding=\"async\" class=\"alignnone wp-image-2339 size-full\" src=\"https:\/\/ciaobella.com.pl\/wp-content\/uploads\/2023\/03\/marynarka-PARIS-LONG-BLACK-_-WHITE.jpg\" alt=\"\" width=\"1000\" height=\"500\" srcset=\"https:\/\/ciaobella.com.pl\/wp-content\/uploads\/2023\/03\/marynarka-PARIS-LONG-BLACK-_-WHITE.jpg 1000w, https:\/\/ciaobella.com.pl\/wp-content\/uploads\/2023\/03\/marynarka-PARIS-LONG-BLACK-_-WHITE-600x300.jpg 600w, https:\/\/ciaobella.com.pl\/wp-content\/uploads\/2023\/03\/marynarka-PARIS-LONG-BLACK-_-WHITE-300x150.jpg 300w, https:\/\/ciaobella.com.pl\/wp-content\/uploads\/2023\/03\/marynarka-PARIS-LONG-BLACK-_-WHITE-768x384.jpg 768w\" sizes=\"(max-width: 1000px) 100vw, 1000px\" \/><\/div>\n<\/div>\n<\/div>\n<\/div>\n<\/div>\n","protected":false},"excerpt":{"rendered":"<p>Czarna marynarka damska to jeden z najbardziej uniwersalnych element\u00f3w garderoby. Pasuje do wielu stylizacji, dzi\u0119ki czemu mo\u017cna j\u0105 nosi\u0107 na wiele r\u00f3\u017cnych okazji. Mo\u017ce by\u0107 noszona zar\u00f3wno do pracy, jak i na wyj\u015bcie ze znajomymi. Jest idealna na spotkania biznesowe, ale tak\u017ce na randki. Wybieraj\u0105c marynark\u0119, warto zwr\u00f3ci\u0107 uwag\u0119 na jej kr\u00f3j i materia\u0142. Dobrze [&hellip;]<\/p>\n","protected":false},"featured_media":3384,"comment_status":"open","ping_status":"closed","template":"","meta":{"_monsterinsights_skip_tracking":false,"_monsterinsights_sitenote_active":false,"_monsterinsights_sitenote_note":"","_monsterinsights_sitenote_category":0},"product_brand":[],"product_cat":[77,19],"product_tag":[33,37],"class_list":{"0":"post-1012","1":"product","2":"type-product","3":"status-publish","4":"has-post-thumbnail","6":"product_cat-sale","7":"product_cat-marynarki","8":"product_tag-marynarka","9":"product_tag-paris","11":"first","12":"instock","13":"shipping-taxable","14":"purchasable","15":"product-type-variable"},"_links":{"self":[{"href":"https:\/\/ciaobella.com.pl\/index.php\/wp-json\/wp\/v2\/product\/1012","targetHints":{"allow":["GET"]}}],"collection":[{"href":"https:\/\/ciaobella.com.pl\/index.php\/wp-json\/wp\/v2\/product"}],"about":[{"href":"https:\/\/ciaobella.com.pl\/index.php\/wp-json\/wp\/v2\/types\/product"}],"replies":[{"embeddable":true,"href":"https:\/\/ciaobella.com.pl\/index.php\/wp-json\/wp\/v2\/comments?post=1012"}],"version-history":[{"count":4,"href":"https:\/\/ciaobella.com.pl\/index.php\/wp-json\/wp\/v2\/product\/1012\/revisions"}],"predecessor-version":[{"id":3020,"href":"https:\/\/ciaobella.com.pl\/index.php\/wp-json\/wp\/v2\/product\/1012\/revisions\/3020"}],"wp:featuredmedia":[{"embeddable":true,"href":"https:\/\/ciaobella.com.pl\/index.php\/wp-json\/wp\/v2\/media\/3384"}],"wp:attachment":[{"href":"https:\/\/ciaobella.com.pl\/index.php\/wp-json\/wp\/v2\/media?parent=1012"}],"wp:term":[{"taxonomy":"product_brand","embeddable":true,"href":"https:\/\/ciaobella.com.pl\/index.php\/wp-json\/wp\/v2\/product_brand?post=1012"},{"taxonomy":"product_cat","embeddable":true,"href":"https:\/\/ciaobella.com.pl\/index.php\/wp-json\/wp\/v2\/product_cat?post=1012"},{"taxonomy":"product_tag","embeddable":true,"href":"https:\/\/ciaobella.com.pl\/index.php\/wp-json\/wp\/v2\/product_tag?post=1012"}],"curies":[{"name":"wp","href":"https:\/\/api.w.org\/{rel}","templated":true}]}}