{"id":1011,"date":"2023-03-08T17:25:41","date_gmt":"2023-03-08T17:25:41","guid":{"rendered":"https:\/\/ciaobella.com.pl\/?post_type=product&#038;p=1011"},"modified":"2025-06-13T11:21:27","modified_gmt":"2025-06-13T11:21:27","slug":"marynarka-paris-long-white-2","status":"publish","type":"product","link":"https:\/\/ciaobella.com.pl\/index.php\/product\/marynarka-paris-long-white-2\/","title":{"rendered":"Marynarka Paris LONG WHITE"},"content":{"rendered":"<div>Kiedy\u015b wydawa\u0142o si\u0119, \u017ce bia\u0142a, klasycznie skrojona marynarka damska, kt\u00f3ra sprawdzi si\u0119 na ka\u017cdym typie figury to niemo\u017cliwe marzenie. Ale dzi\u0119ki wsp\u00f3\u0142pracy z zespo\u0142em naszej marki uda\u0142o si\u0119 je spe\u0142ni\u0107! Po wielu miesi\u0105cach przygotowa\u0144 znale\u017ali\u015bmy idealny model, kt\u00f3ry doskonale pasuje do ka\u017cdego typu sylwetki.<\/div>\n<div><\/div>\n<div>Dlaczego warto mie\u0107 w swojej szafie klasyczn\u0105, bia\u0142\u0105 marynark\u0119? Bia\u0142a marynara to produkt \u00a0niezwykle elegancki, kt\u00f3ry pasuje do wielu stylizacji. Mo\u017cesz je nosi\u0107 do spodni, sukienek, a nawet do jeans\u00f3w. S\u0105 uniwersalne i \u015bwietnie sprawdzaj\u0105 si\u0119 na wielu okazjach. Ja szczeg\u00f3lnie lubi\u0119 po\u0142\u0105czy\u0107 je z kolorowymi dodatkami, aby stworzy\u0107 modny look. Je\u015bli szukasz inspiracji, zaobserwuj nasz profil na Instagramie i zobacz stylizacje z bia\u0142\u0105 marynark\u0105 w roli g\u0142\u00f3wnej.<\/div>\n<div><\/div>\n<div class=\"gwp826f559e_Message-content\">\n<div id=\"gwp826f559e_gwp2cdb1793\">\n<div id=\"gwp826f559e_gwp2cdb1793h\">\n<div class=\"gwp826f559e_gwp2cdb1793b\" data-message-body=\"true\">\n<div>Bia\u0142a marynarka Paris Long White wyst\u0119puje w czterecg rozmiarach: S, M , L, XL.<\/div>\n<div>\n<div>\n<div><\/div>\n<\/div>\n<\/div>\n<div>Sk\u0142ad marynarki: 52% bawe\u0142na, 33% wiskoza, 15% poliakryl.<\/div>\n<div>\n<div>\n<div><\/div>\n<\/div>\n<\/div>\n<div>Dzi\u0119ki po\u0142\u0105czeniu bawe\u0142ny z wiskoz\u0105 i poliakrylem marynarka nie ulega zagnieceniom.<\/div>\n<div>\n<div>\n<div><\/div>\n<\/div>\n<\/div>\n<div>Nasze ubrania powstaj\u0105 z dba\u0142o\u015bci\u0105 o ka\u017cdy szczeg\u00f3\u0142 &#8211; rekomendujemy pranie r\u0119czne.<\/div>\n<div><\/div>\n<div><img fetchpriority=\"high\" decoding=\"async\" class=\"alignnone wp-image-2339 size-full\" src=\"https:\/\/ciaobella.com.pl\/wp-content\/uploads\/2023\/03\/marynarka-PARIS-LONG-BLACK-_-WHITE.jpg\" alt=\"\" width=\"1000\" height=\"500\" srcset=\"https:\/\/ciaobella.com.pl\/wp-content\/uploads\/2023\/03\/marynarka-PARIS-LONG-BLACK-_-WHITE.jpg 1000w, https:\/\/ciaobella.com.pl\/wp-content\/uploads\/2023\/03\/marynarka-PARIS-LONG-BLACK-_-WHITE-600x300.jpg 600w, https:\/\/ciaobella.com.pl\/wp-content\/uploads\/2023\/03\/marynarka-PARIS-LONG-BLACK-_-WHITE-300x150.jpg 300w, https:\/\/ciaobella.com.pl\/wp-content\/uploads\/2023\/03\/marynarka-PARIS-LONG-BLACK-_-WHITE-768x384.jpg 768w\" sizes=\"(max-width: 1000px) 100vw, 1000px\" \/><\/div>\n<div>\n<div>\n<div><\/div>\n<\/div>\n<\/div>\n<\/div>\n<\/div>\n<\/div>\n<\/div>\n","protected":false},"excerpt":{"rendered":"<p>Kiedy\u015b wydawa\u0142o si\u0119, \u017ce bia\u0142a, klasycznie skrojona marynarka damska, kt\u00f3ra sprawdzi si\u0119 na ka\u017cdym typie figury to niemo\u017cliwe marzenie. Ale dzi\u0119ki wsp\u00f3\u0142pracy z zespo\u0142em naszej marki uda\u0142o si\u0119 je spe\u0142ni\u0107! Po wielu miesi\u0105cach przygotowa\u0144 znale\u017ali\u015bmy idealny model, kt\u00f3ry doskonale pasuje do ka\u017cdego typu sylwetki. Dlaczego warto mie\u0107 w swojej szafie klasyczn\u0105, bia\u0142\u0105 marynark\u0119? Bia\u0142a marynara [&hellip;]<\/p>\n","protected":false},"featured_media":3392,"comment_status":"open","ping_status":"closed","template":"","meta":{"_monsterinsights_skip_tracking":false,"_monsterinsights_sitenote_active":false,"_monsterinsights_sitenote_note":"","_monsterinsights_sitenote_category":0},"product_brand":[],"product_cat":[77,19],"product_tag":[33,37],"class_list":{"0":"post-1011","1":"product","2":"type-product","3":"status-publish","4":"has-post-thumbnail","6":"product_cat-sale","7":"product_cat-marynarki","8":"product_tag-marynarka","9":"product_tag-paris","11":"first","12":"instock","13":"shipping-taxable","14":"purchasable","15":"product-type-variable"},"_links":{"self":[{"href":"https:\/\/ciaobella.com.pl\/index.php\/wp-json\/wp\/v2\/product\/1011","targetHints":{"allow":["GET"]}}],"collection":[{"href":"https:\/\/ciaobella.com.pl\/index.php\/wp-json\/wp\/v2\/product"}],"about":[{"href":"https:\/\/ciaobella.com.pl\/index.php\/wp-json\/wp\/v2\/types\/product"}],"replies":[{"embeddable":true,"href":"https:\/\/ciaobella.com.pl\/index.php\/wp-json\/wp\/v2\/comments?post=1011"}],"version-history":[{"count":6,"href":"https:\/\/ciaobella.com.pl\/index.php\/wp-json\/wp\/v2\/product\/1011\/revisions"}],"predecessor-version":[{"id":3021,"href":"https:\/\/ciaobella.com.pl\/index.php\/wp-json\/wp\/v2\/product\/1011\/revisions\/3021"}],"wp:featuredmedia":[{"embeddable":true,"href":"https:\/\/ciaobella.com.pl\/index.php\/wp-json\/wp\/v2\/media\/3392"}],"wp:attachment":[{"href":"https:\/\/ciaobella.com.pl\/index.php\/wp-json\/wp\/v2\/media?parent=1011"}],"wp:term":[{"taxonomy":"product_brand","embeddable":true,"href":"https:\/\/ciaobella.com.pl\/index.php\/wp-json\/wp\/v2\/product_brand?post=1011"},{"taxonomy":"product_cat","embeddable":true,"href":"https:\/\/ciaobella.com.pl\/index.php\/wp-json\/wp\/v2\/product_cat?post=1011"},{"taxonomy":"product_tag","embeddable":true,"href":"https:\/\/ciaobella.com.pl\/index.php\/wp-json\/wp\/v2\/product_tag?post=1011"}],"curies":[{"name":"wp","href":"https:\/\/api.w.org\/{rel}","templated":true}]}}