{"id":1003,"date":"2023-03-08T17:25:38","date_gmt":"2023-03-08T17:25:38","guid":{"rendered":"https:\/\/ciaobella.com.pl\/?post_type=product&#038;p=1003"},"modified":"2025-06-13T11:32:37","modified_gmt":"2025-06-13T11:32:37","slug":"spodnica-paris-red-2","status":"publish","type":"product","link":"https:\/\/ciaobella.com.pl\/index.php\/product\/spodnica-paris-red-2\/","title":{"rendered":"sp\u00f3dnica PARIS RED"},"content":{"rendered":"<div>Sp\u00f3dnica ze z\u0142otymi guzikami to jeden z najbardziej popularnych trend\u00f3w w modzie.<\/div>\n<div>Z\u0142ote guziki s\u0105 cz\u0119sto u\u017cywane jako element ozdobny, aby nada\u0107 im bardziej elegancki wygl\u0105d.<\/div>\n<div>Czerwona sp\u00f3dnica ze z\u0142otymi guzikami Paris Red mo\u017ce by\u0107 noszona na wiele r\u00f3\u017cnych sposob\u00f3w, w zale\u017cno\u015bci od okazji. Z\u0142ota nitka w po\u0142\u0105czeniu ze z\u0142otymi guzikami nadaje jej jeszcze bardziej luksusowy wygl\u0105d. Czerwona sp\u00f3dnica ze z\u0142otymi guzikami jest idealna na ka\u017cd\u0105 por\u0119 roku &#8211; zim\u0105 sprawdzi si\u0119 w po\u0142\u0105czeniu z kryj\u0105cymi rajstopami, latem w po\u0142\u0105czeniu z odkrytymi butami. Paris Red to bardzo elegancka sp\u00f3dnica, kt\u00f3ra \u015bwietnie wygl\u0105da w po\u0142\u0105czeniu z bia\u0142\u0105 koszul\u0105 lub czarnym topem. Mo\u017cesz j\u0105 nosi\u0107 do pracy, na spotkanie z przyjaci\u00f3\u0142mi lub na randk\u0119. Je\u017celi szukasz czego\u015b uniwersalnego i ponadczasowego &#8211; to w\u0142a\u015bnie produkt dla Ciebie.<\/div>\n<div>\n<div><\/div>\n<\/div>\n<div>Sp\u00f3dnica Paris dost\u0119pna jest w trzech kolorach: bia\u0142ym, czarnym i czerwonym.<\/div>\n<div>\n<div><\/div>\n<\/div>\n<div>Dost\u0119pna w rozmiarach: S, M oraz L.<\/div>\n<p><span class=\"gwp0e79eafe_colour\"><span class=\"gwp0e79eafe_font\"><span class=\"gwp0e79eafe_size\">Sk\u0142ad: 88% poliester, 5% elastan ,7% bawe\u0142na<\/span><\/span><\/span><\/p>\n<div>Nasze ubrania powstaj\u0105 z dba\u0142o\u015bci\u0105 o ka\u017cdy szczeg\u00f3\u0142, rekomendujemy pranie r\u0119czne.<\/div>\n<div>\n<div><img fetchpriority=\"high\" decoding=\"async\" class=\"alignnone wp-image-2351 size-full\" src=\"https:\/\/ciaobella.com.pl\/wp-content\/uploads\/2023\/03\/spodnica-PARIS-BLACK-_-RED-_-WHITE.jpg\" alt=\"\" width=\"1000\" height=\"500\" srcset=\"https:\/\/ciaobella.com.pl\/wp-content\/uploads\/2023\/03\/spodnica-PARIS-BLACK-_-RED-_-WHITE.jpg 1000w, https:\/\/ciaobella.com.pl\/wp-content\/uploads\/2023\/03\/spodnica-PARIS-BLACK-_-RED-_-WHITE-600x300.jpg 600w, https:\/\/ciaobella.com.pl\/wp-content\/uploads\/2023\/03\/spodnica-PARIS-BLACK-_-RED-_-WHITE-300x150.jpg 300w, https:\/\/ciaobella.com.pl\/wp-content\/uploads\/2023\/03\/spodnica-PARIS-BLACK-_-RED-_-WHITE-768x384.jpg 768w\" sizes=\"(max-width: 1000px) 100vw, 1000px\" \/><\/div>\n<\/div>\n","protected":false},"excerpt":{"rendered":"<p>Sp\u00f3dnica z wysokim stanem uszyta na cienkiej podszewce umo\u017cliwia noszenie jej przez 365 dni w roku: latem do sanda\u0142\u00f3w klapek czy sneakersow czy te\u017c jesieni\u0105 i zim\u0105 po\u0142\u0105czeniu z rajstopami i ci\u0119\u017cszymi butami. Sp\u00f3dnica zasuwane s\u0105 na kryty zamek b\u0142yskawiczny umieszczony z ty\u0142u sp\u00f3dnicy.<\/p>\n<div id=\"gwpe575c65d_gwpb4af7cd2\">\n<div id=\"gwpe575c65d_gwpb4af7cd2h\">\n<div class=\"gwpe575c65d_gwpb4af7cd2b\" data-message-body=\"true\">\n<div id=\"gwpe575c65d_gwpb4af7cd2_gwp8496afd4_gwpd9cbd039\">\n<div id=\"gwpe575c65d_gwpb4af7cd2_gwp8496afd4_gwpd9cbd039h\">\n<div class=\"gwpe575c65d_gwpb4af7cd2_gwp8496afd4_gwpd9cbd039b\" data-message-body=\"true\">\n<div id=\"gwpe575c65d_gwpb4af7cd2_gwp8496afd4_gwpd9cbd039_gwpd9cbd039\">\n<div id=\"gwpe575c65d_gwpb4af7cd2_gwp8496afd4_gwpd9cbd039_gwpd9cbd039h\">\n<div class=\"gwpe575c65d_gwpb4af7cd2_gwp8496afd4_gwpd9cbd039_gwpd9cbd039b\" data-message-body=\"true\">\n<div id=\"gwpe575c65d_gwpb4af7cd2_gwp8496afd4_gwpd9cbd039_gwpd9cbd039_gwpd9cbd039\">\n<div id=\"gwpe575c65d_gwpb4af7cd2_gwp8496afd4_gwpd9cbd039_gwpd9cbd039_gwpd9cbd039h\">\n<div class=\"gwpe575c65d_gwpb4af7cd2_gwp8496afd4_gwpd9cbd039_gwpd9cbd039_gwpd9cbd039b\" data-message-body=\"true\">\n<p class=\"gwpe575c65d_gwpb4af7cd2_gwp8496afd4_gwpd9cbd039_gwpd9cbd039_gwpd9cbd039_p2\">\n<\/div>\n<\/div>\n<\/div>\n<\/div>\n<\/div>\n<\/div>\n<\/div>\n<\/div>\n<\/div>\n<\/div>\n<\/div>\n<\/div>\n","protected":false},"featured_media":3414,"comment_status":"open","ping_status":"closed","template":"","meta":{"_monsterinsights_skip_tracking":false,"_monsterinsights_sitenote_active":false,"_monsterinsights_sitenote_note":"","_monsterinsights_sitenote_category":0},"product_brand":[],"product_cat":[77,16],"product_tag":[],"class_list":{"0":"post-1003","1":"product","2":"type-product","3":"status-publish","4":"has-post-thumbnail","6":"product_cat-sale","7":"product_cat-spodnice","9":"first","10":"instock","11":"shipping-taxable","12":"purchasable","13":"product-type-variable"},"_links":{"self":[{"href":"https:\/\/ciaobella.com.pl\/index.php\/wp-json\/wp\/v2\/product\/1003","targetHints":{"allow":["GET"]}}],"collection":[{"href":"https:\/\/ciaobella.com.pl\/index.php\/wp-json\/wp\/v2\/product"}],"about":[{"href":"https:\/\/ciaobella.com.pl\/index.php\/wp-json\/wp\/v2\/types\/product"}],"replies":[{"embeddable":true,"href":"https:\/\/ciaobella.com.pl\/index.php\/wp-json\/wp\/v2\/comments?post=1003"}],"version-history":[{"count":4,"href":"https:\/\/ciaobella.com.pl\/index.php\/wp-json\/wp\/v2\/product\/1003\/revisions"}],"predecessor-version":[{"id":2353,"href":"https:\/\/ciaobella.com.pl\/index.php\/wp-json\/wp\/v2\/product\/1003\/revisions\/2353"}],"wp:featuredmedia":[{"embeddable":true,"href":"https:\/\/ciaobella.com.pl\/index.php\/wp-json\/wp\/v2\/media\/3414"}],"wp:attachment":[{"href":"https:\/\/ciaobella.com.pl\/index.php\/wp-json\/wp\/v2\/media?parent=1003"}],"wp:term":[{"taxonomy":"product_brand","embeddable":true,"href":"https:\/\/ciaobella.com.pl\/index.php\/wp-json\/wp\/v2\/product_brand?post=1003"},{"taxonomy":"product_cat","embeddable":true,"href":"https:\/\/ciaobella.com.pl\/index.php\/wp-json\/wp\/v2\/product_cat?post=1003"},{"taxonomy":"product_tag","embeddable":true,"href":"https:\/\/ciaobella.com.pl\/index.php\/wp-json\/wp\/v2\/product_tag?post=1003"}],"curies":[{"name":"wp","href":"https:\/\/api.w.org\/{rel}","templated":true}]}}