{"id":20,"date":"2023-03-08T12:17:52","date_gmt":"2023-03-08T12:17:52","guid":{"rendered":"https:\/\/ciaobella.com.pl\/?page_id=20"},"modified":"2025-01-14T15:06:47","modified_gmt":"2025-01-14T15:06:47","slug":"regulamin","status":"publish","type":"page","link":"https:\/\/ciaobella.com.pl\/index.php\/regulamin\/","title":{"rendered":"Regulamin"},"content":{"rendered":"<style>\/*! elementor - v3.11.4 - 12-03-2023 *\/<br \/>\n.elementor-heading-title{padding:0;margin:0;line-height:1}.elementor-widget-heading .elementor-heading-title[class*=elementor-size-]>a{color:inherit;font-size:inherit;line-height:inherit}.elementor-widget-heading .elementor-heading-title.elementor-size-small{font-size:15px}.elementor-widget-heading .elementor-heading-title.elementor-size-medium{font-size:19px}.elementor-widget-heading .elementor-heading-title.elementor-size-large{font-size:29px}.elementor-widget-heading .elementor-heading-title.elementor-size-xl{font-size:39px}.elementor-widget-heading .elementor-heading-title.elementor-size-xxl{font-size:59px}<\/style>\n<h2>regulamin<\/h2>\n<p><b>Regulamin sklepu Och! Ciao Bella<\/b><\/p>\n<p>Sklep internetowy OCH! Ciao Bella sp\u00f3\u0142ka z ograniczon\u0105 odpowiedzialno\u015bci\u0105 prowadz\u0105cy dzia\u0142alno\u015b\u0107 pod adresem internetowym <a href=\"https:\/\/ciaobella.com.pl\" target=\"_blank\" rel=\"noopener\" data-saferedirecturl=\"https:\/\/www.google.com\/url?q=https:\/\/ciaobella.com.pl&amp;source=gmail&amp;ust=1626436062891000&amp;usg=AFQjCNGCYZHIkUf6d6oNS80eJerWpGjj1A\">ciaobella.com.pl<\/a> prowadzony jest przez OCH Ciao Bella sp\u00f3\u0142ka z ograniczon\u0105 ul. Aleja Niepodleg\u0142o\u015bci 235\/237 02-009 Warszawa, REGON: 386175051, Numer NIP: 5272928204<\/p>\n<ol>\n<li>Klient \u2013 osoba fizyczna, osoba prawna lub jednostka organizacyjna nie b\u0119d\u0105c\u0105 osob\u0105&nbsp;prawn\u0105, kt\u00f3rej przepisy szczeg\u00f3lne przyznaj\u0105 zdolno\u015b\u0107 prawn\u0105, kt\u00f3ra dokonuje Zam\u00f3wienia&nbsp;w ramach Sklepu.<\/li>\n<li>Kodeks Cywilny \u2013 ustawa z dnia 23 kwietnia 1964 r. (Dz.U. 1964 Nr 16, poz. 93 ze zm.).<\/li>\n<li>Regulamin \u2013 niniejszy Regulamin \u015bwiadczenia us\u0142ug drog\u0105 elektroniczn\u0105 w ramach sklepu&nbsp;internetowego <a href=\"https:\/\/www.ciaobella.com.pl\" target=\"_blank\" rel=\"noopener noreferrer\" data-saferedirecturl=\"https:\/\/www.google.com\/url?q=https:\/\/www.ciaobella.com.pl&amp;source=gmail&amp;ust=1626436062891000&amp;usg=AFQjCNErTdbQb8I9IPB7Nq_SuzY2hYwNNw\">www.ciaobella.com.pl<\/a><\/li>\n<li>Sklep internetowy OH! Ciao Bella \u2013 serwis internetowy dost\u0119pny pod <a href=\"https:\/\/www.ciaobella.com.pl\" target=\"_blank\" rel=\"noopener noreferrer\" data-saferedirecturl=\"https:\/\/www.google.com\/url?q=https:\/\/www.ciaobella.com.pl&amp;source=gmail&amp;ust=1626436062891000&amp;usg=AFQjCNErTdbQb8I9IPB7Nq_SuzY2hYwNNw\">www.ciaobella.com.pl<\/a>, za po\u015brednictwem kt\u00f3rego Klient mo\u017ce w szczeg\u00f3lno\u015bci sk\u0142ada\u0107 Zam\u00f3wienia;<\/li>\n<li>Towar \u2013 produkty prezentowane w Sklepie Internetowym.<\/li>\n<li>Umowa sprzeda\u017cy \u2013 umowa sprzeda\u017cy Towar\u00f3w w rozumieniu Kodeksu Cywilnego, zawarta&nbsp;pomi\u0119dzy Oh! Ciao Bella a Klientem, zawierana z&nbsp;wykorzystaniem serwisu internetowego Sklepu.<\/li>\n<li>Ustawa o prawach konsumenta- ustawa z dnia 30 maja 2014 r. O prawach konsumenta (Dz. U. 2014, poz 827 ze zm.).<\/li>\n<li>Zam\u00f3wienie \u2013 o\u015bwiadczenie woli Klienta, zmierzaj\u0105ce bezpo\u015brednio do zawarcia Umowy&nbsp;sprzeda\u017cy, okre\u015blaj\u0105ce w szczeg\u00f3lno\u015bci rodzaj i liczb\u0119 towaru.<\/li>\n<\/ol>\n<p><strong>Postanowienia og\u00f3lne:<\/strong><\/p>\n<ol>\n<li>Niniejszy Regulamin okre\u015bla zasady korzystania ze sklepu internetowego dost\u0119pnego pod&nbsp;<a href=\"https:\/\/www.ciaobella.com.pl\" target=\"_blank\" rel=\"noopener noreferrer\" data-saferedirecturl=\"https:\/\/www.google.com\/url?q=https:\/\/www.ciaobella.com.pl&amp;source=gmail&amp;ust=1626436062891000&amp;usg=AFQjCNErTdbQb8I9IPB7Nq_SuzY2hYwNNw\">www.ciaobella.com.pl<\/a><\/li>\n<li>Sklep internetowy, OH! Ciao Bella prowadz\u0105cy dzia\u0142alno\u015b\u0107 pod adresem internetowym <a href=\"https:\/\/ciaobella.com.pl\" target=\"_blank\" rel=\"noopener\" data-saferedirecturl=\"https:\/\/www.google.com\/url?q=https:\/\/ciaobella.com.pl&amp;source=gmail&amp;ust=1626436062891000&amp;usg=AFQjCNGCYZHIkUf6d6oNS80eJerWpGjj1A\">ciaobella.com.pl<\/a> prowadzony jest przez&nbsp;OCH Ciao Bella sp\u00f3\u0142ka z ograniczon\u0105 ul. Aleja Niepodleg\u0142o\u015bci 235\/237 02-009 Warszawa, REGON: 386175051, Numer NIP: 5272928204<\/li>\n<li>Niniejszy Regulamin okre\u015bla w szczeg\u00f3lno\u015bci:<\/li>\n<li>a) zasady korzystania z konta w ramach sklepu internetowego;<\/li>\n<li>b) warunki i zasady dokonywania elektronicznej rezerwacji produkt\u00f3w dost\u0119pnych w ramach&nbsp;sklepu internetowego;<\/li>\n<li>c) warunki i zasady sk\u0142adania drog\u0105 elektroniczn\u0105 zam\u00f3wie\u0144 w ramach sklepu internetowego;<\/li>\n<li>d) zasady zawierania Um\u00f3w sprzeda\u017cy z wykorzystaniem us\u0142ug \u015bwiadczonych w ramach Sklepu&nbsp;Internetowego.<\/li>\n<\/ol>\n<p><strong>Zasady korzystania ze sklepu internetowego<\/strong><\/p>\n<ol>\n<li>Dokonanie zakupu produktu nie wymaga rejestracji w Sklepie.<\/li>\n<li>Informacje podane na stronach internetowych Sklepu, w tym informacje o prezentowanych produktach, a w szczeg\u00f3lno\u015bci ich opisy, parametry techniczne i u\u017cytkowe oraz ceny, stanowi\u0105 zaproszenie do zawarcia umowy, w rozumieniu art. 71 Kodeksu Cywilnego.<\/li>\n<li>Sk\u0142adanie zam\u00f3wienia odbywa si\u0119 za pomoc\u0105 sklepu internetowego.<\/li>\n<li>Ka\u017cdy klient dokonuj\u0105cy zam\u00f3wienia wyra\u017ca zgod\u0119 na otrzymywanie na podany przez siebie adres e-mail informacji zwi\u0105zanych z przebiegiem transakcji, zawiadomie\u0144 o zmianach w niniejszym Regulaminie.<\/li>\n<li>W celu zapewnienia bezpiecze\u0144stwa przekazu komunikat\u00f3w i danych w zwi\u0105zku ze&nbsp;\u015bwiadczonymi w ramach Witryny us\u0142ugami, Sklep internetowy podejmuje \u015brodki techniczne i&nbsp;organizacyjne odpowiednie do stopnia zagro\u017cenia bezpiecze\u0144stwa \u015bwiadczonych us\u0142ug, w&nbsp;szczeg\u00f3lno\u015bci \u015brodki s\u0142u\u017c\u0105ce zapobieganiu pozyskiwania i modyfikacji przez osoby&nbsp;nieuprawnione danych osobowych przesy\u0142anych w Internecie.<\/li>\n<\/ol>\n<p><strong>Procedura zawarcia umowy sprzeda\u017cy:<\/strong><\/p>\n<ol>\n<li>Celem przeprowadzenia jakiejkolwiek aktywno\u015bci Klienta w Sklepie wymagane jest &nbsp;poprawne dzia\u0142anie sieci Internet, u\u017cywanie &nbsp;przegl\u0105darki internetowej, w tym w ramach urz\u0105dze\u0144 mobilnych oraz posiadanie aktywnego konta na wybranym adresie poczty e-mail.<\/li>\n<li>W celu zawarcia Umowy sprzeda\u017cy za po\u015brednictwem Sklepu internetowego nale\u017cy wej\u015b\u0107 na&nbsp;stron\u0119 internetow\u0105 <a href=\"https:\/\/www.ciaobella.com.pl\" target=\"_blank\" rel=\"noopener noreferrer\" data-saferedirecturl=\"https:\/\/www.google.com\/url?q=https:\/\/www.ciaobella.com.pl&amp;source=gmail&amp;ust=1626436062891000&amp;usg=AFQjCNErTdbQb8I9IPB7Nq_SuzY2hYwNNw\">www.ciaobella.com.pl<\/a> dokona\u0107 wyboru, podejmuj\u0105c kolejne czynno\u015bci techniczne w oparciu o wy\u015bwietlane Klientowi komunikaty oraz&nbsp;informacje dost\u0119pne na stronie.<\/li>\n<li>Sklep umo\u017cliwia nabywanie produkt\u00f3w i us\u0142ug przez 24 godziny na dob\u0119, 7 dni w tygodniu.<\/li>\n<li>Wyb\u00f3r zamawianych Towar\u00f3w przez Klienta jest dokonywany poprzez ich dodanie do&nbsp;koszyka.<\/li>\n<li>W trakcie sk\u0142adania Zam\u00f3wienia \u2013 do momentu naci\u015bni\u0119cia przycisku \u201eZ\u0142\u00f3\u017c zam\u00f3wienie\u201d \u2013 Klient&nbsp;ma mo\u017cliwo\u015b\u0107 modyfikacji wprowadzonych danych oraz w zakresie wyboru Towaru. W tym&nbsp;celu nale\u017cy kierowa\u0107 si\u0119 wy\u015bwietlanymi Klientowi komunikatami oraz informacjami&nbsp;dost\u0119pnymi na stronie.<\/li>\n<li>Aby sfinalizowa\u0107 zam\u00f3wienie Klient jest proszony o podanie wszystkich niezb\u0119dnych danych, potrzebnych do zrealizowania zam\u00f3wienia tj.<\/li>\n<li>a) imi\u0119 i nazwisko \/ nazwa firmy<\/li>\n<li>b) adres dostawy<\/li>\n<li>c) e-mail<\/li>\n<li>d) telefon kontaktowy<\/li>\n<li>e) NIP \u2013 w przypadku pro\u015bby o faktur\u0119 VAT.<\/li>\n<li>Po podaniu przez Klienta korzystaj\u0105cego ze Sklepu internetowego wszystkich niezb\u0119dnych&nbsp;danych, wy\u015bwietlone zostanie podsumowanie z\u0142o\u017conego Zam\u00f3wienia. Podsumowanie&nbsp;z\u0142o\u017conego Zam\u00f3wienia b\u0119dzie zawiera\u0107 informacje dotycz\u0105ce:<\/li>\n<li>a) przedmiotu zam\u00f3wienia,<\/li>\n<li>b) jednostkowej oraz \u0142\u0105cznej ceny zamawianych produkt\u00f3w lub us\u0142ug, w tym koszt\u00f3w dostawy oraz dodatkowych koszt\u00f3w (je\u015bli wyst\u0119puj\u0105),<\/li>\n<li>c) wybranej metody p\u0142atno\u015bci,<\/li>\n<li>d) wybranego sposobu dostawy.<\/li>\n<li>W celu wys\u0142ania Zam\u00f3wienia konieczne jest dokonanie akceptacji tre\u015bci Regulaminu, podanie&nbsp;danych osobowych oznaczonych jako obowi\u0105zkowe oraz naci\u015bni\u0119cie przycisku \u201eZ\u0142\u00f3\u017c zam\u00f3wienie\u201d.<\/li>\n<li>Wys\u0142anie przez Klienta Zam\u00f3wienia stanowi o\u015bwiadczenie woli zawarcia z OH! Ciao Bella Umowy sprzeda\u017cy, zgodnie z tre\u015bci\u0105 Regulaminu.<\/li>\n<li>Po z\u0142o\u017ceniu i op\u0142aceniu Zam\u00f3wienia, Klient otrzymuje wiadomo\u015b\u0107 e-mail zatytu\u0142owan\u0105 \u201cPotwierdzenie zam\u00f3wienia\u201d, zawieraj\u0105c\u0105&nbsp;ostateczne potwierdzenie wszystkich istotnych element\u00f3w Zam\u00f3wienia.<\/li>\n<li>Umow\u0119 traktuje si\u0119 za zawart\u0105 z momentem otrzymania przez Klienta wiadomo\u015bci e-mail, o kt\u00f3rej mowa powy\u017cej.<\/li>\n<li>Umowa sprzeda\u017cy zawierana jest w j\u0119zyku polskim, o tre\u015bci zgodnej z Regulaminem.<\/li>\n<\/ol>\n<p><strong>Dostawa:<\/strong><\/p>\n<ol>\n<li>Ceny produkt\u00f3w w Sklepie podawane s\u0105 w polskich z\u0142otych, zawieraj\u0105 podatek bez koszt\u00f3w przesy\u0142ki. Koszty przesy\u0142ki, doliczane s\u0105 do sumy zamawianych produkt\u00f3w i ponosi je Klient, chyba \u017ce spe\u0142nia warunki uprawniaj\u0105ce do bezp\u0142atnej dostawy, tj. warto\u015b\u0107 zam\u00f3wienia musi by\u0107 wy\u017csza ni\u017c 400 z\u0142 brutto. Cen\u0105 ostateczn\u0105, wi\u0105\u017c\u0105c\u0105 W\u0142a\u015bciciela i Klienta jest cena produktu podana w ofercie w chwili sk\u0142adania zam\u00f3wienia przez Klienta.<\/li>\n<li>Rodzaje i ceny dostaw:<\/li>\n<li>a) INPOST: paczkomaty 13.99 z\u0142 \/ czas dostawy 1-2 dni robocze<\/li>\n<li>b) INPOST kurier 14.99 z\u0142 \/ czas dostawy 1-2 dni robocze<\/li>\n<li>c) Poczta Polska Europa: 45 z\u0142<\/li>\n<li>Informacja na temat ca\u0142kowitej warto\u015bci zam\u00f3wienia (wraz z kosztami przesy\u0142ki, kt\u00f3re szczeg\u00f3\u0142owo wyszczeg\u00f3lnione s\u0105 w zak\u0142adce Dostawa i zwroty) udost\u0119pniana jest w Podsumowaniu Zam\u00f3wienia na stronie sprzeda\u017cowej produktu oraz w potwierdzeniu zam\u00f3wienia.<\/li>\n<li>Dostawa Towar\u00f3w odbywa si\u0119 zar\u00f3wno na obszarze Rzeczpospolitej Polskiej jak i Pa\u0144stw Europy oraz wybranych kraj\u00f3w po\u0142o\u017conych na pozosta\u0142ych kontynentach pod adres wskazany przez Klienta w trakcie sk\u0142adania Zam\u00f3wienia.<\/li>\n<li>Dostawa zam\u00f3wionych Towar\u00f3w odbywa si\u0119 przesy\u0142k\u0105 kuriersk\u0105, paczkomatem lub poczt\u0105 polsk\u0105.<\/li>\n<li>Termin realizacji dostawy dla zam\u00f3wie\u0144 z dostaw\u0105 na terytorium Rzeczypospolitej Polskiej wynosi cztery dni robocze liczone od dnia op\u0142acenia przez Klienta Zam\u00f3wienia. Dla zam\u00f3wie\u0144 z dostaw\u0105 poza granice Rzeczypospolitej termin dostawy podany jest przy informacji dotycz\u0105cej formy dostawy oraz kraju destynacji.<\/li>\n<li>Klientowi wraz z przesy\u0142k\u0105 zostanie przekazany wydruku potwierdzenia i specyfikacji&nbsp;Zam\u00f3wienia oraz dow\u00f3d sprzeda\u017cy. Na wyra\u017ane \u017cyczenie Klienta mo\u017ce by\u0107 wystawiona faktura&nbsp;VAT.<\/li>\n<\/ol>\n<p><strong>Metody p\u0142atno\u015bci:<\/strong><\/p>\n<ol>\n<li>Ceny Towar\u00f3w podawane s\u0105 w z\u0142otych polskich i zawieraj\u0105 wszystkie sk\u0142adniki, w tym&nbsp;podatek. Klient ma mo\u017cliwo\u015b\u0107 uiszczenia ceny:<\/li>\n<li>a) przelewem na numer konta bankowego: 83 1140 2004 0000 3802 8145 8430 MBANK PL OH! Ciao Bella sp\u00f3\u0142ka z ograniczon\u0105 odpowiedzialno\u015bci\u0105.<\/li>\n<li>b) p\u0142atno\u015bci\u0105 w systemie PRZELEWY24<\/li>\n<li>c) zap\u0142ata kart\u0105 p\u0142atnicz\u0105:&nbsp;VISA, MasterCard.<\/li>\n<li>Operatorem&nbsp;kart p\u0142atniczych jest bramka p\u0142atno\u015bci PRZELEWY24.<\/li>\n<\/ol>\n<p><strong>Odst\u0105pienie od umowy:<\/strong><\/p>\n<ol>\n<li>Klientowi, b\u0119d\u0105cemu konsumentem w rozumieniu art. 22 Kodeksu Cywilnego, przys\u0142uguje \u2013&nbsp;na podstawie przepis\u00f3w prawa \u2013 prawo do odst\u0105pienia od umowy zawartej na odleg\u0142o\u015b\u0107, bez&nbsp;podania przyczyny, sk\u0142adaj\u0105c stosowne o\u015bwiadczenie na pi\u015bmie lub mailem na adres <a href=\"mailto:kontakt@ciaobella.com.pl\" target=\"_blank\" rel=\"noopener noreferrer\">kontakt@ciaobella.com.pl<\/a> w terminie 14 dni i wysy\u0142aj\u0105c&nbsp;je na adres OH! CIAO BELLA ul. Plac Ko\u015bciuszki 1 22-100 Che\u0142m, podany w niniejszym Regulaminie ( aby zwrot zosta\u0142 uznany nadanie paczki musi nast\u0105pi\u0107 przed up\u0142ywem 14 dni od daty dostarczenia produktu do klienta)<\/li>\n<li>Zwrot powinien nast\u0105pi\u0107 niezw\u0142ocznie,&nbsp;nie p\u00f3\u017aniej ni\u017c w terminie 14 dni. Zakupiony towar nale\u017cy zwr\u00f3ci\u0107 na poni\u017cszy adres: OH! CIAO BELLA ul. Plac Ko\u015bciuszki 1 22-100 Che\u0142m<\/li>\n<li>Zwracany przez Klienta Towar powinien zosta\u0107 opakowany w odpowiedni spos\u00f3b,&nbsp;zapewniaj\u0105cy brak uszkodze\u0144 przesy\u0142ki w trakcie transportu<\/li>\n<li>W przypadku odst\u0105pienia od niniejszej umowy sklep zwr\u00f3ci Klientowi otrzymane od niego p\u0142atno\u015bci, niezw\u0142ocznie, nie p\u00f3\u017aniej ni\u017c 14 dni od dnia, w kt\u00f3rym zosta\u0142 zwr\u00f3cony towar. Zwrotu p\u0142atno\u015bci zostanie dokonany przy u\u017cyciu takich samych&nbsp;sposob\u00f3w p\u0142atno\u015bci, jakie zosta\u0142y przez Klienta u\u017cyte w pierwotnej transakcji, chyba \u017ce strony uzgodni\u0105 inaczej.<\/li>\n<li>Klient zobowi\u0105zany jest do wype\u0142nienia formularza zwrot\u00f3w i do\u0142\u0105czenia go do przesy\u0142ki. <a href=\"http:\/\/www.wiedza.pl\/public\/assets\/returnform.pdf\">FORMULARZ DO POBRANIA<\/a><\/li>\n<\/ol>\n<p><strong>Polityka zwrot\u00f3w:<\/strong><\/p>\n<ol>\n<li>W przypadku gdy zakupiony produkt jest niezgodny z umow\u0105 lub posiada wady fizyczne, Klient ma prawo z\u0142o\u017cy\u0107 reklamacje w oparciu o:<\/li>\n<li>a) regulacje przewidziane przepisami ustawy z dnia 27 lipca 2002 r. o szczeg\u00f3lnych warunkach sprzeda\u017cy konsumenckiej oraz o zmianie Kodeksu cywilnego (Dz. U. Nr 141, poz. 1176 z p\u00f3\u017an. zm.), w przypadku gdy produkt jest niezgodny z umow\u0105,<\/li>\n<li>b) regulacje przewidziane przepisami kodeksu cywilnego w zakresie r\u0119kojmi za wady.<\/li>\n<li>Celem z\u0142o\u017cenia reklamacji Klient zobowi\u0105zany jest do poinformowania sklepu mailem na adres <a href=\"mailto:kontakt@ciaobella.com.pl\" target=\"_blank\" rel=\"noopener noreferrer\">kontakt@ciaobella.com.pl<\/a> , a nast\u0119pnie procedowa\u0107 zgodnie z otrzymanymi informacjami.<\/li>\n<li>Okre\u015blaj\u0105c \u017c\u0105dania w oparciu o tryb przewidziany art. 1 ust a) &nbsp;Klient ma prawo wnioskowa\u0107 o doprowadzenie produktu do stanu zgodnego z umow\u0105 poprzez nieodp\u0142atn\u0105 napraw\u0119 albo wymian\u0119, chyba, \u017ce naprawa albo wymiana s\u0105 niemo\u017cliwe lub wymagaj\u0105 nadmiernych koszt\u00f3w. Je\u017celi Sklep nie b\u0119dzie w stanie wywi\u0105za\u0107 si\u0119 z okre\u015blonych \u017c\u0105da\u0144, Klient ma prawo domaga\u0107 si\u0119 stosowanego obni\u017cenia ceny albo mo\u017ce odst\u0105pi\u0107 od umowy.<\/li>\n<li>Okre\u015blaj\u0105c \u017c\u0105dania w oparciu o tryb przewidziany art. 1 ust b) &nbsp;Klient ma prawo od umowy odst\u0105pi\u0107 albo \u017c\u0105da\u0107 obni\u017cenia ceny. Klient nie mo\u017ce od umowy odst\u0105pi\u0107, je\u017celi Sklep niezw\u0142ocznie, najp\u00f3\u017aniej w terminie 14 dni wymieni rzecz wadliw\u0105 na rzecz woln\u0105 od wad albo niezw\u0142ocznie wady usunie. Ograniczenie to nie ma zastosowania, je\u017celi rzecz by\u0142a ju\u017c wymieniona przez Sklep lub naprawiana, chyba, \u017ce wady s\u0105 nieistotne.<\/li>\n<li>Sklep odpowiada za niezgodno\u015b\u0107 produktu konsumpcyjnego z umow\u0105 (art 1 ust a), jedynie w przypadkach i na warunkach okre\u015blonych prawem..<\/li>\n<li>Sklep rozpatruje reklamacje w terminie 14 dni od daty otrzymania przez &nbsp;Sklep zg\u0142oszenia reklamacyjnego wraz z kompletnym, reklamowanym produktem.<\/li>\n<li>Sklep zastrzega sobie prawo do odmowy uznania reklamacji w przypadku dokonywania jakichkolwiek modyfikacji produktu przez Klienta.<\/li>\n<li>Sklep zastrzega sobie prawo do odmowy uznania reklamacji w przypadkach: wy\u0142\u0105cznej winy u\u017cytkownika, uszkodzenia mechanicznego, niew\u0142a\u015bciwego konserwowania, prania i u\u017cytkowania produktu niezgodnego z instrukcj\u0105.<\/li>\n<\/ol>\n<p><strong>Polityka prywatno\u015bci i danych osobowych i ich ochrony:<\/strong><\/p>\n<ol>\n<li>Warunkiem sfinalizowania zakup\u00f3w w Sklepie jest podanie wszelkich wymaganych tre\u015bci\u0105 formularza danych Klienta oraz zaznaczenie odpowiedniego pola stanowi\u0105cego wyra\u017cenie zgody Klienta na przetwarzanie jego danych osobowych przez W\u0142a\u015bciciela oraz pola dotycz\u0105cego potwierdzenia zaznajomienia si\u0119 i akceptacji niniejszego Regulaminu.<\/li>\n<li>Wszelkie dane Klienta podawane podczas rejestracji w Sklepie b\u0119d\u0105 wykorzystywane tylko i wy\u0142\u0105cznie w celu realizacji, zmiany lub rozwi\u0105zania Umowy b\u0105d\u017a innych dzia\u0142a\u0144 marketingowych, w szczeg\u00f3lno\u015bci informowania o nowych produktach i us\u0142ugach Sklepu, o ile Klient wyrazi zgod\u0119 poprzez zaznaczenie odpowiedniego pola &nbsp;na przesy\u0142anie informacji handlowej, za pomoc\u0105 \u015brodk\u00f3w komunikacji elektronicznej w rozumieniu nowego rozporz\u0105dzenia Parlamentu Europejskiego i Rady (UE) 2016\/679 z 27.04.2016r.<\/li>\n<li>Wszelkie dane osobowe Klienta b\u0119d\u0105 przetwarzane przez W\u0142a\u015bciciela zgodnie z tre\u015bci\u0105 ustawy, o kt\u00f3rej mowa powy\u017cej.<\/li>\n<li>Administratorem danych osobowych Klienta jest OCH Ciao Bella sp\u00f3\u0142ka z ograniczon\u0105 ul. Aleja Niepodleg\u0142o\u015bci 235\/237 02-009 Warszawa, REGON: 386175051, Numer NIP: 5272928204.<\/li>\n<li>Gromadzone s\u0105 jedynie dane osobowe podane przez Klienta dobrowolnie. Dane przetwarzane s\u0105 w celu niezb\u0119dnym do wykonania postanowie\u0144 niniejszego Regulaminu, a w szczeg\u00f3lno\u015bci zawarcia umowy sprzeda\u017cy zam\u00f3wionego towaru, dor\u0119czenia Klientowi towaru, na kt\u00f3ry Klient z\u0142o\u017cy\u0142 zam\u00f3wienie, wystawienia dokumentu potwierdzaj\u0105cego dokonanie transakcji sprzeda\u017cy towaru, przechowania danych osobowych w informatycznym systemie ksi\u0119gowym dla zapewnienia historii transakcji handlowych dokonywanych poprzez Sklep.<\/li>\n<li>Dane podane w trakcie sk\u0142adania zam\u00f3wienia s\u0105 przetwarzane r\u00f3wnie\u017c przez nast\u0119puj\u0105ce podmioty w podanym zakresie: imi\u0119 i nazwisko, adres, telefon, e-mail wskazane jako adres dostawy przekazywane s\u0105 firmom przewozowym w postaci etykiety\/listu przewozowego b\u0119d\u0105cego jednocze\u015bnie zleceniem dor\u0119czenia przesy\u0142ki. W zale\u017cno\u015bci od wybranego rodzaju przesy\u0142ki przekazywane s\u0105:<\/li>\n<li>a) INPOST KURIER<\/li>\n<li>b) INPOST paczkomaty<\/li>\n<li>Dane przetwarzane s\u0105 r\u00f3wnie\u017c przez podmioty zwi\u0105zane z realizacj\u0105 p\u0142atno\u015bci za zam\u00f3wienie:<\/li>\n<li>a) PRZELEWY24<\/li>\n<li>W takich przypadkach ilo\u015b\u0107 przekazywanych danych ograniczona jest do&nbsp;wymaganego minimum.&nbsp;Ponadto, podane przez Pa\u0144stwa informacje mog\u0105 zosta\u0107 udost\u0119pnione w\u0142a\u015bciwym organom w\u0142adzy publicznej, je\u017celi wymagaj\u0105 tego&nbsp;obowi\u0105zuj\u0105ce przepisy prawa.<\/li>\n<li>Administrator danych nie ponosi odpowiedzialno\u015bci za podanie nieprawdziwych lub niekompletnych danych osobowych przez Klienta.<\/li>\n<li>Klient w ka\u017cdym czasie, ma prawo poprzez biuro obs\u0142ugi Sklepu prawo do zmiany, poprawiania lub usuni\u0119cia swoich danych osobowych.<\/li>\n<li>Za dodatkow\u0105 zgod\u0105 udzielon\u0105 przez Klienta, zgromadzone dane osobowe &nbsp;mog\u0105 by\u0107 r\u00f3wnie\u017c wykorzystywane w celach promocyjnych i marketingowych, w tym w szczeg\u00f3lno\u015bci w celu przedstawiania Klientowi oferty handlowej sklepu oraz innych informacji marketingowych zwi\u0105zanych ze Sklepem.<\/li>\n<li>Ka\u017cdy u\u017cytkownik ma mo\u017cliwo\u015b\u0107 zapisania si\u0119 do newslettera \u2013 informacji handlowej. Zapisanie si\u0119 na list\u0119 nast\u0119puje poprzez zaznaczenie na etapie rejestracji odpowiedniego pola w formularzu (do tego celu potrzebny jest tylko adres e-mail). Z prenumeraty newslettera mo\u017cna zrezygnowa\u0107 w ka\u017cdej chwili poprzez link podany w biuletynie lub poprzez poinformowanie Sklepu drog\u0105 mailow\u0105 na adres <a href=\"mailto:KONTAKT@NAZWASKLEPU.com\" target=\"_blank\" rel=\"noopener noreferrer\">KONTAKT@CIAOBELLA.COM.PL<\/a>. Po odwo\u0142aniu, dane adresu e-mail zostan\u0105 natychmiast usuni\u0119te z bazy prenumeraty.<\/li>\n<li>Sklep u\u017cywa mi\u0119dzy innymi tak zwanych \u201ecookies\u201d, kt\u00f3re przyczyniaj\u0105 &nbsp;si\u0119 do wi\u0119kszej u\u017cyteczno\u015bci, funkcjonalno\u015bci oraz \u0142atwo\u015bci obs\u0142ugi naszego sklepu.&nbsp;Instrumenty te u\u0142atwiaj\u0105 Klientom r\u00f3wnie\u017c szybsze poruszanie si\u0119 po stronie Sklepu. Dodatkowo, pliki cookies pozwalaj\u0105 zmierzy\u0107 cz\u0119stotliwo\u015b\u0107 ods\u0142on strony oraz najch\u0119tniej ogl\u0105dane produkty. Cookies to ma\u0142e pliki tekstowe, kt\u00f3re s\u0105 przechowywane w systemie komputera. Informujemy, \u017ce niekt\u00f3re z tych plik\u00f3w zostaj\u0105 przeniesione z serwera &nbsp;Sklepu do systemu komputerowego Klienta. Istnieje mo\u017cliwo\u015b\u0107 zablokowania plik\u00f3w cookies w ka\u017cdym momencie, o ile u\u017cywana przegl\u0105darka posiada stosown\u0105 funkcj\u0119. Nale\u017cy pami\u0119ta\u0107, \u017ce po blokadzie plik\u00f3w cookies mo\u017cliwo\u015b\u0107 korzystania z niekt\u00f3rych funkcji Sklepu zostanie w znacznym stopniu ograniczona lub wy\u0142\u0105czona.<\/li>\n<\/ol>\n<p><strong>Postanowienia ko\u0144cowe:<\/strong><\/p>\n<ol>\n<li>Wszelkie tre\u015bci zawarte w Sklepie podlegaj\u0105 ochronie prawnej i ich wykorzystywanie b\u0119dzie stanowi\u0142o naruszenie prawa.<\/li>\n<li>W sprawach nieuregulowanych w niniejszym Regulaminie maj\u0105 zastosowanie przepisy prawa polskiego, w szczeg\u00f3lno\u015bci Kodeksu Cywilnego oraz przepisy Ustawy o szczeg\u00f3lnych warunkach sprzeda\u017cy konsumenckiej oraz zmianie Kodeksu cywilnego z dnia 18 lipca 2002 roku (Dz. U. 2001 Nr 144 poz. 1204) przepisy ustawy o prawach konsumenta z dnia 30 maja 2014 r. (Dz.U. 2014 r. poz. 827 ze zm.); oraz inne w\u0142a\u015bciwe przepisy powszechnie obowi\u0105zuj\u0105cego prawa.<\/li>\n<li>Aktualna wersja Regulaminu znajduje si\u0119 pod adresem <a href=\"http:\/\/CIAOBELLA.COM.PL\" target=\"_blank\" rel=\"noopener\" data-saferedirecturl=\"https:\/\/www.google.com\/url?q=http:\/\/CIAOBELLA.COM.PL&amp;source=gmail&amp;ust=1626436062891000&amp;usg=AFQjCNEi1WOapFITlG2fQ1poMmHSL6pP6Q\">CIAOBELLA.COM.PL<\/a><\/li>\n<\/ol>\n","protected":false},"excerpt":{"rendered":"<p>regulamin Regulamin sklepu Och! Ciao Bella Sklep internetowy OCH! Ciao Bella sp\u00f3\u0142ka z ograniczon\u0105 odpowiedzialno\u015bci\u0105 prowadz\u0105cy dzia\u0142alno\u015b\u0107 pod adresem internetowym ciaobella.com.pl prowadzony jest przez OCH Ciao Bella sp\u00f3\u0142ka z ograniczon\u0105 ul. Aleja Niepodleg\u0142o\u015bci 235\/237 02-009 Warszawa, REGON: 386175051, Numer NIP: 5272928204 Klient \u2013 osoba fizyczna, osoba prawna lub jednostka organizacyjna nie b\u0119d\u0105c\u0105 osob\u0105&nbsp;prawn\u0105, kt\u00f3rej przepisy [&hellip;]<\/p>\n","protected":false},"author":1,"featured_media":0,"parent":0,"menu_order":0,"comment_status":"closed","ping_status":"closed","template":"","meta":{"_monsterinsights_skip_tracking":false,"_monsterinsights_sitenote_active":false,"_monsterinsights_sitenote_note":"","_monsterinsights_sitenote_category":0,"footnotes":""},"class_list":["post-20","page","type-page","status-publish","hentry"],"_links":{"self":[{"href":"https:\/\/ciaobella.com.pl\/index.php\/wp-json\/wp\/v2\/pages\/20","targetHints":{"allow":["GET"]}}],"collection":[{"href":"https:\/\/ciaobella.com.pl\/index.php\/wp-json\/wp\/v2\/pages"}],"about":[{"href":"https:\/\/ciaobella.com.pl\/index.php\/wp-json\/wp\/v2\/types\/page"}],"author":[{"embeddable":true,"href":"https:\/\/ciaobella.com.pl\/index.php\/wp-json\/wp\/v2\/users\/1"}],"replies":[{"embeddable":true,"href":"https:\/\/ciaobella.com.pl\/index.php\/wp-json\/wp\/v2\/comments?post=20"}],"version-history":[{"count":14,"href":"https:\/\/ciaobella.com.pl\/index.php\/wp-json\/wp\/v2\/pages\/20\/revisions"}],"predecessor-version":[{"id":3704,"href":"https:\/\/ciaobella.com.pl\/index.php\/wp-json\/wp\/v2\/pages\/20\/revisions\/3704"}],"wp:attachment":[{"href":"https:\/\/ciaobella.com.pl\/index.php\/wp-json\/wp\/v2\/media?parent=20"}],"curies":[{"name":"wp","href":"https:\/\/api.w.org\/{rel}","templated":true}]}}