{"id":1518,"date":"2023-03-15T16:36:36","date_gmt":"2023-03-15T16:36:36","guid":{"rendered":"https:\/\/ciaobella.com.pl\/?page_id=1518"},"modified":"2025-01-14T15:35:30","modified_gmt":"2025-01-14T15:35:30","slug":"zamowienia-i-dostawa","status":"publish","type":"page","link":"https:\/\/ciaobella.com.pl\/index.php\/zamowienia-i-dostawa\/","title":{"rendered":"Zam\u00f3wienia i dostawa"},"content":{"rendered":"\t\t<div data-elementor-type=\"wp-page\" data-elementor-id=\"1518\" class=\"elementor elementor-1518\" data-elementor-post-type=\"page\">\n\t\t\t\t\t\t<section class=\"elementor-section elementor-top-section elementor-element elementor-element-6754c9a elementor-section-boxed elementor-section-height-default elementor-section-height-default\" data-id=\"6754c9a\" data-element_type=\"section\" data-settings=\"{&quot;background_background&quot;:&quot;classic&quot;}\">\n\t\t\t\t\t\t<div class=\"elementor-container elementor-column-gap-default\">\n\t\t\t\t\t<div class=\"elementor-column elementor-col-100 elementor-top-column elementor-element elementor-element-388bb62\" data-id=\"388bb62\" data-element_type=\"column\">\n\t\t\t<div class=\"elementor-widget-wrap\">\n\t\t\t\t\t\t\t<\/div>\n\t\t<\/div>\n\t\t\t\t\t<\/div>\n\t\t<\/section>\n\t\t\t\t<section class=\"elementor-section elementor-top-section elementor-element elementor-element-78977e4 elementor-section-boxed elementor-section-height-default elementor-section-height-default\" data-id=\"78977e4\" data-element_type=\"section\">\n\t\t\t\t\t\t<div class=\"elementor-container elementor-column-gap-default\">\n\t\t\t\t\t<div class=\"elementor-column elementor-col-100 elementor-top-column elementor-element elementor-element-26ed552\" data-id=\"26ed552\" data-element_type=\"column\" data-settings=\"{&quot;background_background&quot;:&quot;classic&quot;}\">\n\t\t\t<div class=\"elementor-widget-wrap\">\n\t\t\t\t\t\t\t<\/div>\n\t\t<\/div>\n\t\t\t\t\t<\/div>\n\t\t<\/section>\n\t\t\t\t<section class=\"elementor-section elementor-top-section elementor-element elementor-element-c599ce2 elementor-section-boxed elementor-section-height-default elementor-section-height-default\" data-id=\"c599ce2\" data-element_type=\"section\">\n\t\t\t\t\t\t<div class=\"elementor-container elementor-column-gap-default\">\n\t\t\t\t\t<div class=\"elementor-column elementor-col-100 elementor-top-column elementor-element elementor-element-c31fcac\" data-id=\"c31fcac\" data-element_type=\"column\">\n\t\t\t<div class=\"elementor-widget-wrap elementor-element-populated\">\n\t\t\t\t\t\t<div class=\"elementor-element elementor-element-0be3559 elementor-widget elementor-widget-heading\" data-id=\"0be3559\" data-element_type=\"widget\" data-widget_type=\"heading.default\">\n\t\t\t\t<div class=\"elementor-widget-container\">\n\t\t\t\t\t<h2 class=\"elementor-heading-title elementor-size-default\">zam\u00f3wienia, dostawa  <\/h2>\t\t\t\t<\/div>\n\t\t\t\t<\/div>\n\t\t\t\t\t<\/div>\n\t\t<\/div>\n\t\t\t\t\t<\/div>\n\t\t<\/section>\n\t\t\t\t<section class=\"elementor-section elementor-top-section elementor-element elementor-element-df8923e elementor-section-boxed elementor-section-height-default elementor-section-height-default\" data-id=\"df8923e\" data-element_type=\"section\">\n\t\t\t\t\t\t<div class=\"elementor-container elementor-column-gap-default\">\n\t\t\t\t\t<div class=\"elementor-column elementor-col-100 elementor-top-column elementor-element elementor-element-95bc71b\" data-id=\"95bc71b\" data-element_type=\"column\">\n\t\t\t<div class=\"elementor-widget-wrap elementor-element-populated\">\n\t\t\t\t\t\t<div class=\"elementor-element elementor-element-f7d94f4 elementor-widget elementor-widget-heading\" data-id=\"f7d94f4\" data-element_type=\"widget\" data-widget_type=\"heading.default\">\n\t\t\t\t<div class=\"elementor-widget-container\">\n\t\t\t\t\t<h2 class=\"elementor-heading-title elementor-size-default\">wysy\u0142ka<\/h2>\t\t\t\t<\/div>\n\t\t\t\t<\/div>\n\t\t\t\t<div class=\"elementor-element elementor-element-741f020 elementor-widget elementor-widget-text-editor\" data-id=\"741f020\" data-element_type=\"widget\" data-widget_type=\"text-editor.default\">\n\t\t\t\t<div class=\"elementor-widget-container\">\n\t\t\t\t\t\t\t\t\t<div><strong>WARIANTY WYSY\u0141EK<\/strong>:<\/div><div>-Inpost odbi\u00f3r w paczkomacie<\/div><div>-Inpost przesy\u0142ki kurierskie<\/div><div>-Poczta Polska<\/div><div>-Wysy\u0142ka zagraniczna<\/div>\t\t\t\t\t\t\t\t<\/div>\n\t\t\t\t<\/div>\n\t\t\t\t<div class=\"elementor-element elementor-element-a8d9104 elementor-widget elementor-widget-heading\" data-id=\"a8d9104\" data-element_type=\"widget\" data-widget_type=\"heading.default\">\n\t\t\t\t<div class=\"elementor-widget-container\">\n\t\t\t\t\t<h2 class=\"elementor-heading-title elementor-size-default\">Wysy\u0142ka zagraniczna<\/h2>\t\t\t\t<\/div>\n\t\t\t\t<\/div>\n\t\t\t\t<div class=\"elementor-element elementor-element-caa1b96 elementor-widget elementor-widget-text-editor\" data-id=\"caa1b96\" data-element_type=\"widget\" data-widget_type=\"text-editor.default\">\n\t\t\t\t<div class=\"elementor-widget-container\">\n\t\t\t\t\t\t\t\t\t<div>Koszt wysy\u0142ki zam\u00f3wienia do klienta jest zale\u017cny od kraju docelowego. Aby skorzysta\u0107 z wysy\u0142ki zagranicznej prosimy o uprzedni kontakt celem ustalenia kosztu dostawy dla poszczeg\u00f3lnego kraju. Adres mailowy dla przesylek zagranicznych: <a href=\"mailto:kontakt@ciaobella.com.pl\" target=\"_blank\" rel=\"noopener\">kontakt@ciaobella.com.pl<\/a>.<\/div><div>\u00a0<\/div><div>Dostawa towar\u00f3w mo\u017ce by\u0107 realizowana za po\u015brednictwem poczty polskiej lub firmy kurierskiej. W przypadku zwrot\u00f3w &#8211; koszt zwrotu towaru le\u017cy po stronie klienta. Zap\u0142ata za towary mo\u017ce by\u0107 dokonana tylko przy u\u017cyciu p\u0142atno\u015bci on-line: bramki przelewy24 lub przelewu bankowego.<\/div>\t\t\t\t\t\t\t\t<\/div>\n\t\t\t\t<\/div>\n\t\t\t\t<div class=\"elementor-element elementor-element-4bad018 elementor-widget elementor-widget-heading\" data-id=\"4bad018\" data-element_type=\"widget\" data-widget_type=\"heading.default\">\n\t\t\t\t<div class=\"elementor-widget-container\">\n\t\t\t\t\t<h2 class=\"elementor-heading-title elementor-size-default\">Formy p\u0142atno\u015bci<\/h2>\t\t\t\t<\/div>\n\t\t\t\t<\/div>\n\t\t\t\t<div class=\"elementor-element elementor-element-477a1f6 elementor-widget elementor-widget-text-editor\" data-id=\"477a1f6\" data-element_type=\"widget\" data-widget_type=\"text-editor.default\">\n\t\t\t\t<div class=\"elementor-widget-container\">\n\t\t\t\t\t\t\t\t\t<div><strong>Dost\u0119pne formy p\u0142atno\u015bci to:<\/strong><\/div>\n<div>1. Bramka p\u0142atno\u015bci przelewy 24 ( w tym PAYPO- p\u0142atno\u015bci odroczone)<br><\/div>\n<div>2. Przelew bankowy<\/div>\n<div>3. Karta p\u0142atnicza<\/div>\n<div><p>4. BLIK<\/p>\n<div class=\"yj6qo\">&nbsp;<\/div>\n<\/div>\t\t\t\t\t\t\t\t<\/div>\n\t\t\t\t<\/div>\n\t\t\t\t<div class=\"elementor-element elementor-element-485f63a elementor-widget elementor-widget-heading\" data-id=\"485f63a\" data-element_type=\"widget\" id=\"zwroty\" data-widget_type=\"heading.default\">\n\t\t\t\t<div class=\"elementor-widget-container\">\n\t\t\t\t\t<h2 class=\"elementor-heading-title elementor-size-default\">zwroty<\/h2>\t\t\t\t<\/div>\n\t\t\t\t<\/div>\n\t\t\t\t<div class=\"elementor-element elementor-element-2ce0c29 elementor-widget elementor-widget-text-editor\" data-id=\"2ce0c29\" data-element_type=\"widget\" data-widget_type=\"text-editor.default\">\n\t\t\t\t<div class=\"elementor-widget-container\">\n\t\t\t\t\t\t\t\t\t<div>Przypominamy, \u017ce ka\u017cdy zakupiony u nas produkt mo\u017ce zosta\u0107 zwr\u00f3cony w ci\u0105gu 14 dni od daty jego otrzymania.<\/div><div>\u00a0<\/div><div>Jak wygl\u0105da procedura zwrotu? Wystarczy, \u017ce wype\u0142nisz formularz zwrotu i prze\u015blesz go do nas wraz z produktem. Nast\u0119pnie otrzymasz od nas potwierdzenie odbioru, a pieni\u0105dze zostan\u0105 zwr\u00f3cone na Twoje konto.<\/div><div>\u00a0<\/div><div>Pami\u0119taj, \u017ce aby m\u00f3c skorzysta\u0107 z tej us\u0142ugi, musisz posiada\u0107 oryginalne opakowanie, a produkt musi by\u0107 w stanie nienaruszonym. Je\u015bli masz jakiekolwiek pytania lub w\u0105tpliwo\u015bci, nie wahaj si\u0119 skontaktowa\u0107 z nami.<\/div><div>\u00a0<\/div><div>Mamy nadziej\u0119, \u017ce dzi\u0119ki tej informacji b\u0119dziecie mogli dokonywa\u0107 bezpiecznych i \u015bwiadomych zakup\u00f3w.<\/div><div>\u00a0<\/div><div><div><strong>ADRES DO ZWROT\u00d3W<\/strong> dla przesy\u0142ek pocztowych oraz kurierskich (w przypadku przesy\u0142ek pocztowych oraz kurierskich prosimy o wiadomo\u015b\u0107 meilow\u0105 z numerem nadania na adres <a href=\"mailto:kontakt@ciaobella.com.pl\" target=\"_blank\" rel=\"noopener\">kontakt@ciaobella.com.pl<\/a>, wiadomo\u015b\u0107 znacznie przyspieszy procedur\u0119 zwrotu):<\/div><div>CIAO BELLA SP.Z.O.O<\/div><div>PLAC KO\u015aCIUSZKI 1<\/div><div>22-100 CHE\u0141M<\/div><div>Numer telefonu +48601311872 ( numer telefonu nie jest infolini\u0105, s\u0142u\u017cy wy\u0142\u0105cznie do nadania przesy\u0142ek)<\/div><div>\u00a0<\/div><div>Adres paczkomatu do zwrot\u00f3w dla przesy\u0142ek INPOST:<\/div><div>Paczkomat CHE01M<\/div><div>Ul. Lubelska 54<\/div><div>22-100 Che\u0142m<\/div><div>Numer telefonu +48601311872 ( numer telefonu nie jest infolini\u0105, s\u0142u\u017cy wy\u0142\u0105cznie do nadania przesy\u0142ek)<\/div><div>\u00a0<\/div><div>Adres punktu odbioru dla przesy\u0142ek DHL:<\/div><div>DHL PARCEL SHOP \u017bABKA 4506918<\/div><div>Ul. Lubelska 69<\/div><div>22-100 Che\u0142m<\/div><div>Numer telefonu +48601311872 ( numer telefonu nie jest infolini\u0105, s\u0142u\u017cy wy\u0142\u0105cznie do nadania przesy\u0142ek)<\/div><\/div><div>\u00a0<\/div><div><div><strong>Czy wiesz, \u017ce zwrot towaru mo\u017ce by\u0107 dla Ciebie korzystny?<\/strong> Oto 5 powod\u00f3w, dla kt\u00f3rych warto si\u0119 nim zaj\u0105\u0107:<\/div><div>1. Zwrot towaru pozwala na unikni\u0119cie niepotrzebnych wydatk\u00f3w. Je\u015bli produkt nie spe\u0142nia Twoich oczekiwa\u0144, mo\u017cesz go zwr\u00f3ci\u0107 i odzyska\u0107 pieni\u0105dze.<\/div><div>2. Zwrot towaru pozwala Ci na zakup produktu, kt\u00f3ry naprawd\u0119 Ci si\u0119 podoba. Mo\u017cesz bezpiecznie przetestowa\u0107 produkt i zwr\u00f3ci\u0107 go, je\u015bli nie jest on dla Ciebie odpowiedni.<\/div><div>3. Zwrot towaru daje Ci pewno\u015b\u0107, \u017ce kupujesz produkty wysokiej jako\u015bci. Je\u015bli produkt nie spe\u0142nia Twoich oczekiwa\u0144, mo\u017cesz go zwr\u00f3ci\u0107 i wybra\u0107 inny.<\/div><div>4. Zwrot towaru pozwala Ci na uzyskanie zwrotu pieni\u0119dzy lub wymian\u0119 produktu na inny. To pozwala Ci na zaoszcz\u0119dzenie czasu i pieni\u0119dzy.<\/div><div>5. Zwrot towaru daje Ci wi\u0119kszy wyb\u00f3r produkt\u00f3w. Mo\u017cesz sprawdzi\u0107 r\u00f3\u017cne produkty i wybra\u0107 ten, kt\u00f3ry najbardziej Ci odpowiada.<\/div><\/div><div>\u00a0<\/div><div><div><strong>3 najcz\u0119\u015bciej pope\u0142niane b\u0142\u0119dy przy zwrotach towar\u00f3w.<\/strong> Przeczytaj poni\u017cszy opis aby unikn\u0105\u0107 rozczarowa\u0144.<\/div><div>Czy wiesz jakie s\u0105 najcz\u0119stsze b\u0142\u0119dy pope\u0142niane przy radzeniu sobie z problemami zwi\u0105zanymi z procedur\u0105 zwrotu towaru? Postaram si\u0119 Ci pom\u00f3c i podpowiedzie\u0107 3 najcz\u0119stsze b\u0142\u0119dy.<\/div><div>1. Nie czytanie regulaminu sklepu &#8211; zanim zdecydujesz si\u0119 na zwrot towaru, upewnij si\u0119, \u017ce dok\u0142adnie przeczyta\u0142e\u015b regulamin sklepu, aby unikn\u0105\u0107 nieporozumie\u0144.<\/div><div>2. Niedostarczenie wszystkich wymaganych dokument\u00f3w &#8211; upewnij si\u0119, \u017ce dostarczy\u0142e\u015b wszystkie wymagane dokumenty, takie jak faktura lub paragon, aby uzyska\u0107 pe\u0142ny zwrot.<\/div><div>3. Nie otrzymanie potwierdzenia zwrotu &#8211; upewnij si\u0119, \u017ce otrzyma\u0142e\u015b potwierdzenie od sklepu, \u017ce twoja procedura zwrotu towaru zosta\u0142a pomy\u015blnie zako\u0144czona.<\/div><div>\u00a0<\/div><div>Mam nadziej\u0119, \u017ce te wskaz\u00f3wki pomog\u0105 Ci unikn\u0105\u0107 tych najcz\u0119stszych b\u0142\u0119d\u00f3w przy radzeniu sobie z problemami zwi\u0105zanymi z procedur\u0105 zwrotu towaru. Powodzenia!<div class=\"yj6qo\">\u00a0<\/div><\/div><\/div>\t\t\t\t\t\t\t\t<\/div>\n\t\t\t\t<\/div>\n\t\t\t\t<div class=\"elementor-element elementor-element-ebf62ae elementor-widget elementor-widget-heading\" data-id=\"ebf62ae\" data-element_type=\"widget\" data-widget_type=\"heading.default\">\n\t\t\t\t<div class=\"elementor-widget-container\">\n\t\t\t\t\t<h2 class=\"elementor-heading-title elementor-size-default\">wymiana<\/h2>\t\t\t\t<\/div>\n\t\t\t\t<\/div>\n\t\t\t\t<div class=\"elementor-element elementor-element-df3c58e elementor-widget elementor-widget-text-editor\" data-id=\"df3c58e\" data-element_type=\"widget\" data-widget_type=\"text-editor.default\">\n\t\t\t\t<div class=\"elementor-widget-container\">\n\t\t\t\t\t\t\t\t\t<div><strong>Nieodpowiedni rozmiar lub kolor? Wymie\u0144 produkt na inny!<\/strong><\/div><div>\u00a0<\/div><div>Procedura wymiany polega na z\u0142o\u017ceniu nowego zam\u00f3wienia na wybrany rozmiar oraz zwrocie towaru w nieodpowiednim dla Ciebie rozmiarze.<\/div><div>\u00a0<\/div><div>W celu dokonania wymiany:<\/div><div>1. Dokonaj zwrotu towaru <\/div><div>Przejd\u017a do zak\u0142adki zwroty aby zapozna\u0107 si\u0119 ze szczeg\u00f3\u0142owymi informacjami na temat procedury zwrotu towaru i dokonaj standardowego zwrotu towaru. Na zwrot towaru masz 14 dni kalendarzowych od daty otrzymania przesy\u0142ki.<\/div><div>\u00a0<\/div><div>2. Wy\u015blij wiadomo\u015b\u0107 meilow\u0105 na <a href=\"mailto:kontakt@ciaobella.com.pl\" target=\"_blank\" rel=\"noopener noreferrer\">kontakt@ciaobella.com.pl<\/a> o szczeg\u00f3\u0142ach planowanej wymiany.<\/div><div>\u00a0<\/div><div>3. Z\u0142\u00f3\u017c nowe zam\u00f3wienie na naszej stronie internetowej i op\u0142a\u0107 je.<\/div><div>\u00a0<\/div><div>4. Kiedy otrzymamy Tw\u00f3j zwrot, zwr\u00f3cimy Ci pieni\u0105dze. <\/div>\t\t\t\t\t\t\t\t<\/div>\n\t\t\t\t<\/div>\n\t\t\t\t<div class=\"elementor-element elementor-element-a9a1e5d elementor-widget elementor-widget-heading\" data-id=\"a9a1e5d\" data-element_type=\"widget\" data-widget_type=\"heading.default\">\n\t\t\t\t<div class=\"elementor-widget-container\">\n\t\t\t\t\t<h2 class=\"elementor-heading-title elementor-size-default\">reklamacja<\/h2>\t\t\t\t<\/div>\n\t\t\t\t<\/div>\n\t\t\t\t<div class=\"elementor-element elementor-element-f272fc1 elementor-widget elementor-widget-text-editor\" data-id=\"f272fc1\" data-element_type=\"widget\" data-widget_type=\"text-editor.default\">\n\t\t\t\t<div class=\"elementor-widget-container\">\n\t\t\t\t\t\t\t\t\t<div>Przeczytaj poni\u017cszy tekst aby ich unikn\u0105\u0107.\u00a0Zdarza si\u0119, \u017ce klienci pope\u0142niaj\u0105 pewne b\u0142\u0119dy, kt\u00f3re mog\u0105 utrudni\u0107 proces reklamacji:<\/div><div>1. Brak przygotowania. Przed sk\u0142adaniem reklamacji warto dobrze przygotowa\u0107 si\u0119 i sprawdzi\u0107 wszelkie informacje dotycz\u0105ce produktu oraz warunki gwarancji.<\/div><div>2. Niedok\u0142adne opisanie problemu. Aby uzyska\u0107 satysfakcjonuj\u0105c\u0105 odpowied\u017a wa\u017cne jest, aby dok\u0142adnie opisa\u0107 problem i wskaza\u0107 wszystkie szczeg\u00f3\u0142y dotycz\u0105ce produktu. <\/div><div>\u00a0<\/div><div><b>Przed zg\u0142oszeniem reklamacji oce\u0144 stan produktu i upewnij si\u0119, \u017ce wady nie wynikaj\u0105 z niew\u0142a\u015bciwego u\u017cytkowania produktu lub niew\u0142a\u015bciwej piel\u0119gnacji\/prania<\/b>. To dla nas bardzo istotne. Chcieliby\u015bmy m\u00f3c uwzgl\u0119dni\u0107 wszystkie zg\u0142oszenia ale musimy mie\u0107 100-procentow\u0105 pewno\u015b\u0107, \u017ce nieprawid\u0142owo\u015bci wynikaj\u0105 z winy producenta i nie s\u0105 zwi\u0105zane z nieodpowiednim dobraniem rozmiaru do sylwetki czy niew\u0142a\u015bciwym u\u017cytkowaniem produktu. <\/div><div>\u00a0<\/div><div>Konsument mo\u017ce skorzysta\u0107 do prawa reklamacji wadliwego towaru, je\u015bli jego wada zostanie stwierdzona w ci\u0105gu\u00a02 lat od momentu jego wydania.<\/div><div>\u00a0<\/div><div>W jaki spos\u00f3b zareklamowa\u0107 produkt?<\/div><ol type=\"1\"><li>Przygotuj produkty, kt\u00f3re chcesz zareklamowa\u0107.<\/li><li>Przygotuj numer zam\u00f3wienia lub potwierdzenie p\u0142atno\u015bci i prze\u015blij wraz z formularzem reklamacyjnym oraz zdj\u0119ciami wady produktu na adres <a href=\"mailto:kontakt@ciaobella.com.pl\" target=\"_blank\" rel=\"noopener\">kontakt@ciaobella.com.pl<\/a><\/li><li>Po rozpatrzeniu reklamacji wydrukuj formularz reklamcji ( za\u0142\u0105cznik ) wraz z danymi osobowymi, powodem reklamacji i oczekiwanym przez Ciebie rozwi\u0105zaniem, np. usuni\u0119cie wady (naprawa) \/ wymiana towaru na nowy.<\/li><li>W przygotowanej przesy\u0142ce umie\u015b\u0107: produkt oraz wype\u0142niony formularz reklamacji w formie drukowanej.<\/li><\/ol><div>\u00a0<\/div><div><strong>ADRES DO PRZESY\u0141EK REKLAMACYJNYCH<\/strong> dla przesy\u0142ek pocztowych oraz kurierskich (w przypadku przesy\u0142ek pocztowych oraz kurierskich prosimy o wiadomo\u015b\u0107 meilow\u0105 z numerem nadania na adres <a href=\"mailto:kontakt@ciaobella.com.pl\" target=\"_blank\" rel=\"noopener\">kontakt@ciaobella.com.pl<\/a>, wiadomo\u015b\u0107 znacznie przyspieszy procedur\u0119 zwrotu):<\/div><div>CIAO BELLA SP.Z.O.O<\/div><div>PLAC KO\u015aCIUSZKI 1<\/div><div>22-100 CHE\u0141M<\/div><div>Numer telefonu +48601311872 ( numer telefonu nie jest infolini\u0105, s\u0142u\u017cy wy\u0142\u0105cznie do nadania przesy\u0142ek)<\/div><div>\u00a0<\/div><div>Adres paczkomatu dla przesy\u0142ek INPOST:<\/div><div>Paczkomat CHE01M<\/div><div>Ul. Lubelska 54<\/div><div>22-100 Che\u0142m<\/div><div>Numer telefonu +48601311872 ( numer telefonu nie jest infolini\u0105, s\u0142u\u017cy wy\u0142\u0105cznie do nadania przesy\u0142ek)<\/div><div>\u00a0<\/div><div>Adres punktu odbioru dla przesy\u0142ek DHL:<\/div><div>DHL PARCEL SHOP \u017bABKA 4506918<\/div><div>Ul. Lubelska 69 <\/div><div>22-100 Che\u0142m<\/div><div>Numer telefonu +48601311872 ( numer telefonu nie jest infolini\u0105, s\u0142u\u017cy wy\u0142\u0105cznie do nadania przesy\u0142ek)<div class=\"yj6qo\">\u00a0<\/div><\/div>\t\t\t\t\t\t\t\t<\/div>\n\t\t\t\t<\/div>\n\t\t\t\t\t<\/div>\n\t\t<\/div>\n\t\t\t\t\t<\/div>\n\t\t<\/section>\n\t\t\t\t<\/div>\n\t\t","protected":false},"excerpt":{"rendered":"<p>zam\u00f3wienia, dostawa wysy\u0142ka WARIANTY WYSY\u0141EK:-Inpost odbi\u00f3r w paczkomacie-Inpost przesy\u0142ki kurierskie-Poczta Polska-Wysy\u0142ka zagraniczna Wysy\u0142ka zagraniczna Koszt wysy\u0142ki zam\u00f3wienia do klienta jest zale\u017cny od kraju docelowego. Aby skorzysta\u0107 z wysy\u0142ki zagranicznej prosimy o uprzedni kontakt celem ustalenia kosztu dostawy dla poszczeg\u00f3lnego kraju. Adres mailowy dla przesylek zagranicznych: kontakt@ciaobella.com.pl.\u00a0Dostawa towar\u00f3w mo\u017ce by\u0107 realizowana za po\u015brednictwem poczty polskiej lub [&hellip;]<\/p>\n","protected":false},"author":1,"featured_media":0,"parent":0,"menu_order":0,"comment_status":"closed","ping_status":"closed","template":"","meta":{"_monsterinsights_skip_tracking":false,"_monsterinsights_sitenote_active":false,"_monsterinsights_sitenote_note":"","_monsterinsights_sitenote_category":0,"footnotes":""},"class_list":["post-1518","page","type-page","status-publish","hentry"],"_links":{"self":[{"href":"https:\/\/ciaobella.com.pl\/index.php\/wp-json\/wp\/v2\/pages\/1518","targetHints":{"allow":["GET"]}}],"collection":[{"href":"https:\/\/ciaobella.com.pl\/index.php\/wp-json\/wp\/v2\/pages"}],"about":[{"href":"https:\/\/ciaobella.com.pl\/index.php\/wp-json\/wp\/v2\/types\/page"}],"author":[{"embeddable":true,"href":"https:\/\/ciaobella.com.pl\/index.php\/wp-json\/wp\/v2\/users\/1"}],"replies":[{"embeddable":true,"href":"https:\/\/ciaobella.com.pl\/index.php\/wp-json\/wp\/v2\/comments?post=1518"}],"version-history":[{"count":58,"href":"https:\/\/ciaobella.com.pl\/index.php\/wp-json\/wp\/v2\/pages\/1518\/revisions"}],"predecessor-version":[{"id":3711,"href":"https:\/\/ciaobella.com.pl\/index.php\/wp-json\/wp\/v2\/pages\/1518\/revisions\/3711"}],"wp:attachment":[{"href":"https:\/\/ciaobella.com.pl\/index.php\/wp-json\/wp\/v2\/media?parent=1518"}],"curies":[{"name":"wp","href":"https:\/\/api.w.org\/{rel}","templated":true}]}}